{"id":6440,"date":"2022-10-11T15:41:46","date_gmt":"2022-10-11T15:41:46","guid":{"rendered":"http:\/\/carmogepereira.pt\/vaiserperfeito\/?post_type=product&#038;p=6440"},"modified":"2025-12-11T15:04:23","modified_gmt":"2025-12-11T15:04:23","slug":"doorjamsexslingsp","status":"publish","type":"product","link":"https:\/\/carmogepereira.pt\/pt\/shop\/doorjamsexslingsp\/","title":{"rendered":"Door Jam Sex Sling Sportsheets"},"content":{"rendered":"<p><b><span data-contrast=\"auto\">Caracter\u00edsticas:<\/span><\/b><span data-ccp-props=\"{&quot;201341983&quot;:0,&quot;335559739&quot;:160,&quot;335559740&quot;:259}\">\u00a0<\/span><\/p>\n<p><span data-contrast=\"auto\">F\u00e1cil de montar e desmontar.<\/span><\/p>\n<p><span data-contrast=\"auto\">Regul\u00e1vel para posi\u00e7\u00f5es infinitas.<\/span><\/p>\n<p>Assento almofadado, apoios de p\u00e9s, punhos para as m\u00e3os.<\/p>\n<p><span data-contrast=\"auto\">Capacidade de suporte at\u00e9 150kg.<\/span><\/p>\n<p><span data-contrast=\"auto\">Lav\u00e1vel \u00e0 m\u00e1quina.<\/span><\/p>\n<p><b><span data-contrast=\"auto\">Conte\u00fado:<\/span><\/b><span data-ccp-props=\"{&quot;201341983&quot;:0,&quot;335559739&quot;:160,&quot;335559740&quot;:259}\">\u00a0<\/span><\/p>\n<p>1x Sex Sling.<\/p>\n<p><b><span data-contrast=\"auto\">Materiais:<\/span><\/b><\/p>\n<p><span data-ccp-props=\"{&quot;201341983&quot;:0,&quot;335559739&quot;:160,&quot;335559740&quot;:259}\">50% Polipropileno, 15% Poli\u00e9ster, 12% Poliuretano, 8% Pl\u00e1stico ABS, 5% Metal Galvanizado, 5% Pl\u00e1stico Totm, 5% PVC Livre de Ftalatos.\u00a0<\/span><\/p>","protected":false},"excerpt":{"rendered":"<p class=\"translation-block\">Forte, dur\u00e1vel, e altamente ajust\u00e1vel para os teus esfor\u00e7os sexuais mais criativos! Com o Door Jam Sex Sling, a Sportsheets concebeu uma solu\u00e7\u00e3o que permite a casais experimentarem novas e excitantes posi\u00e7\u00f5es sem se preocuparem com resist\u00eancia, constrangimento, ou les\u00f5es. Basta fixar a funda sobre a tua porta, fechando-a nas cavilhas e ajustando cada uma das correias ao comprimento perfeito para o teu corpo e posi\u00e7\u00e3o escolhida. Os apoios para os p\u00e9s, as correias de m\u00e3o e um assento acolchoado asseguram o conforto. Quando terminada, este balou\u00e7o \u00e9 f\u00e1cil de desmontar e guardar para a pr\u00f3xima vez!<\/p>","protected":false},"featured_media":6441,"comment_status":"open","ping_status":"closed","template":"","meta":{"_acf_changed":false},"pwb-brand":[347],"product_brand":[],"product_cat":[253],"product_tag":[222,225,208,265,264],"class_list":{"0":"post-6440","1":"product","2":"type-product","3":"status-publish","4":"has-post-thumbnail","6":"pwb-brand-sportsheets","7":"product_cat-furniture-and-sex-swings","8":"product_tag-ankles","9":"product_tag-body","10":"product_tag-functional-diversity","11":"product_tag-mobility-aid","12":"product_tag-swing","13":"pa_color-black","14":"nt-post-class","15":"","16":"masonry-item","17":"col-lg-6","25":"first","26":"outofstock","27":"taxable","28":"shipping-taxable","29":"purchasable","30":"product-type-simple","31":"add-to-wishlist-after_add_to_cart"},"acf":[],"brands":[{"id":347,"name":"Sportsheets","slug":"sportsheets"}],"_links":{"self":[{"href":"https:\/\/carmogepereira.pt\/pt\/wp-json\/wp\/v2\/product\/6440","targetHints":{"allow":["GET"]}}],"collection":[{"href":"https:\/\/carmogepereira.pt\/pt\/wp-json\/wp\/v2\/product"}],"about":[{"href":"https:\/\/carmogepereira.pt\/pt\/wp-json\/wp\/v2\/types\/product"}],"replies":[{"embeddable":true,"href":"https:\/\/carmogepereira.pt\/pt\/wp-json\/wp\/v2\/comments?post=6440"}],"version-history":[{"count":0,"href":"https:\/\/carmogepereira.pt\/pt\/wp-json\/wp\/v2\/product\/6440\/revisions"}],"wp:featuredmedia":[{"embeddable":true,"href":"https:\/\/carmogepereira.pt\/pt\/wp-json\/wp\/v2\/media\/6441"}],"wp:attachment":[{"href":"https:\/\/carmogepereira.pt\/pt\/wp-json\/wp\/v2\/media?parent=6440"}],"wp:term":[{"taxonomy":"pwb-brand","embeddable":true,"href":"https:\/\/carmogepereira.pt\/pt\/wp-json\/wp\/v2\/pwb-brand?post=6440"},{"taxonomy":"product_brand","embeddable":true,"href":"https:\/\/carmogepereira.pt\/pt\/wp-json\/wp\/v2\/product_brand?post=6440"},{"taxonomy":"product_cat","embeddable":true,"href":"https:\/\/carmogepereira.pt\/pt\/wp-json\/wp\/v2\/product_cat?post=6440"},{"taxonomy":"product_tag","embeddable":true,"href":"https:\/\/carmogepereira.pt\/pt\/wp-json\/wp\/v2\/product_tag?post=6440"}],"curies":[{"name":"wp","href":"https:\/\/api.w.org\/{rel}","templated":true}]}}