{"id":6445,"date":"2022-10-11T16:01:42","date_gmt":"2022-10-11T16:01:42","guid":{"rendered":"http:\/\/carmogepereira.pt\/vaiserperfeito\/?post_type=product&#038;p=6445"},"modified":"2025-12-11T15:04:23","modified_gmt":"2025-12-11T15:04:23","slug":"saffronthighslingsp","status":"publish","type":"product","link":"https:\/\/carmogepereira.pt\/pt\/shop\/saffronthighslingsp\/","title":{"rendered":"Saffron Thigh Sling Sportsheets"},"content":{"rendered":"<p><b><span data-contrast=\"auto\">Caracter\u00edsticas:<\/span><\/b><\/p>\n<p>Encaixa at\u00e9 81.28cm de coxas.<\/p>\n<p>Apoios macios para o pesco\u00e7o e pernas.<\/p>\n<p>Permite os melhores \u00e2ngulos de penetra\u00e7\u00e3o.<\/p>\n<p><span data-contrast=\"auto\">An\u00e9is em D na almofada do pesco\u00e7o para emparelhar com outros acess\u00f3rios de conten\u00e7\u00e3o.<\/span><span data-ccp-props=\"{&quot;201341983&quot;:0,&quot;335559739&quot;:160,&quot;335559740&quot;:259}\">\u00a0<\/span><\/p>\n<p>Explora toda a colec\u00e7\u00e3o Saffron.<strong>\u00a0<\/strong><\/p>\n<p><b><span data-contrast=\"auto\">Conte\u00fado:<\/span><\/b><span data-ccp-props=\"{&quot;201341983&quot;:0,&quot;335559739&quot;:160,&quot;335559740&quot;:259}\">\u00a0<\/span><\/p>\n<p>1x Sling de Coxa.<\/p>\n<p><b><span data-contrast=\"auto\">Materiais:<\/span><\/b><\/p>\n<p class=\"translation-block\">50% Poliuretano, 20% Enchimento de EPE, 15% Polipropileno, 8% Espuma de Poliuretano, 4% Abs Pl\u00e1stico, 3% Metal sem N\u00edquel.<\/p>","protected":false},"excerpt":{"rendered":"<p><span data-contrast=\"auto\">Este sling f\u00e1cil de usar permite permanecer naquelas posi\u00e7\u00f5es perfeitas para os melhores \u00e2ngulos de penetra\u00e7\u00e3o! Os apoios macios do pesco\u00e7o e das pernas s\u00e3o almofadas confort\u00e1veis \u00e0 medida que te reclinas, enquanto as amarras utilizam o teu pr\u00f3prio peso corporal para manter essas coxas altas e poderosas. Nem tu nem quem te acompanha ter\u00e3o de segurar mais as pernas com as m\u00e3os para cima, deixando-as livres para vaguear por outras partes do corpo. Enrola os confort\u00e1veis apoios das pernas \u00e0 volta das coxas ou coloca os p\u00e9s nelas como estribos. Com as pernas puxadas para tr\u00e1s, poder\u00e1s alcan\u00e7ar maior profundidade e atingir sempre o ponto certo, resultando numa experi\u00eancia mais satisfat\u00f3ria para ambas as partes! O apoio para o pesco\u00e7o garante uma vis\u00e3o melhor do que nunca.<\/span><span data-ccp-props=\"{&quot;201341983&quot;:0,&quot;335559739&quot;:160,&quot;335559740&quot;:259}\">\u00a0<\/span><\/p>\n<p><span data-contrast=\"auto\">Junta \u00e0 colec\u00e7\u00e3o Saffron e liga os an\u00e9is D na almofada do pesco\u00e7o para transformar este produto de posicionamento sexual num jogo de restri\u00e7\u00e3o.<\/span><span data-ccp-props=\"{&quot;201341983&quot;:0,&quot;335559739&quot;:160,&quot;335559740&quot;:259}\">\u00a0<\/span><\/p>","protected":false},"featured_media":6448,"comment_status":"open","ping_status":"closed","template":"","meta":{"_acf_changed":false},"pwb-brand":[347],"product_brand":[],"product_cat":[253],"product_tag":[225,208,265,264],"class_list":{"0":"post-6445","1":"product","2":"type-product","3":"status-publish","4":"has-post-thumbnail","6":"pwb-brand-sportsheets","7":"product_cat-furniture-and-sex-swings","8":"product_tag-body","9":"product_tag-functional-diversity","10":"product_tag-mobility-aid","11":"product_tag-swing","12":"pa_color-black","13":"pa_color-red","14":"nt-post-class","15":"","16":"masonry-item","17":"col-lg-6","25":"first","26":"outofstock","27":"taxable","28":"shipping-taxable","29":"purchasable","30":"product-type-simple","31":"add-to-wishlist-after_add_to_cart"},"acf":[],"brands":[{"id":347,"name":"Sportsheets","slug":"sportsheets"}],"_links":{"self":[{"href":"https:\/\/carmogepereira.pt\/pt\/wp-json\/wp\/v2\/product\/6445","targetHints":{"allow":["GET"]}}],"collection":[{"href":"https:\/\/carmogepereira.pt\/pt\/wp-json\/wp\/v2\/product"}],"about":[{"href":"https:\/\/carmogepereira.pt\/pt\/wp-json\/wp\/v2\/types\/product"}],"replies":[{"embeddable":true,"href":"https:\/\/carmogepereira.pt\/pt\/wp-json\/wp\/v2\/comments?post=6445"}],"version-history":[{"count":0,"href":"https:\/\/carmogepereira.pt\/pt\/wp-json\/wp\/v2\/product\/6445\/revisions"}],"wp:featuredmedia":[{"embeddable":true,"href":"https:\/\/carmogepereira.pt\/pt\/wp-json\/wp\/v2\/media\/6448"}],"wp:attachment":[{"href":"https:\/\/carmogepereira.pt\/pt\/wp-json\/wp\/v2\/media?parent=6445"}],"wp:term":[{"taxonomy":"pwb-brand","embeddable":true,"href":"https:\/\/carmogepereira.pt\/pt\/wp-json\/wp\/v2\/pwb-brand?post=6445"},{"taxonomy":"product_brand","embeddable":true,"href":"https:\/\/carmogepereira.pt\/pt\/wp-json\/wp\/v2\/product_brand?post=6445"},{"taxonomy":"product_cat","embeddable":true,"href":"https:\/\/carmogepereira.pt\/pt\/wp-json\/wp\/v2\/product_cat?post=6445"},{"taxonomy":"product_tag","embeddable":true,"href":"https:\/\/carmogepereira.pt\/pt\/wp-json\/wp\/v2\/product_tag?post=6445"}],"curies":[{"name":"wp","href":"https:\/\/api.w.org\/{rel}","templated":true}]}}