{"id":6465,"date":"2022-10-14T15:53:47","date_gmt":"2022-10-14T15:53:47","guid":{"rendered":"http:\/\/carmogepereira.pt\/vaiserperfeito\/?post_type=product&#038;p=6465"},"modified":"2025-12-11T15:04:22","modified_gmt":"2025-12-11T15:04:22","slug":"saffronlovestrapsp","status":"publish","type":"product","link":"https:\/\/carmogepereira.pt\/pt\/shop\/saffronlovestrapsp\/","title":{"rendered":"Saffron Love Strap Sportsheets"},"content":{"rendered":"<p><b><span data-contrast=\"auto\">Caracter\u00edsticas:<\/span><\/b><span data-ccp-props=\"{&quot;201341983&quot;:0,&quot;335559739&quot;:160,&quot;335559740&quot;:259}\">\u00a0<\/span><\/p>\n<p>2 em 1, uma correia de apoio e uma paddle.<\/p>\n<p>Faixa larga e acolchoamento de pel\u00facia.<\/p>\n<p>D\u00e1 mais controlo durante o doggy style.<\/p>\n<p>Melhor para as costas.<\/p>\n<p><b><span data-contrast=\"auto\">Conte\u00fado:<\/span><\/b><span data-ccp-props=\"{&quot;201341983&quot;:0,&quot;335559739&quot;:160,&quot;335559740&quot;:259}\">\u00a0<\/span><\/p>\n<p>1x Strap.<\/p>\n<p><b><span data-contrast=\"auto\">Materiais:<\/span><\/b><\/p>\n<p><span data-ccp-props=\"{&quot;201341983&quot;:0,&quot;335559739&quot;:160,&quot;335559740&quot;:259}\">Couro PU.<\/span><\/p>","protected":false},"excerpt":{"rendered":"<p>Esta atraente tira de couro vegan envolve o abd\u00f3men durante o doggy style e outras posi\u00e7\u00f5es \"de tr\u00e1s\". O resultado: menor press\u00e3o nos joelhos e nas costas, mais poder para penetrar profundamente com vigor, e melhor acesso ao ponto G (gl\u00e2ndula anarcha e cl\u00edtoris interno) ou ao ponto P! Usa as al\u00e7as das m\u00e3os para puxar a pessoa de volta para dentro de ti, controlando os impulsos e mantendo-os apertados sem teres que te dobrar sobre eles. Disfruta da viagem. A tira larga e o acolchoamento de pel\u00facia d\u00e3o ader\u00eancia sem fric\u00e7\u00e3o ou confus\u00e3o.<\/p>","protected":false},"featured_media":6471,"comment_status":"open","ping_status":"closed","template":"","meta":{"_acf_changed":false},"pwb-brand":[347],"product_brand":[],"product_cat":[113,253,121,119],"product_tag":[213,225,208,257,265,256,358,388],"class_list":{"0":"post-6465","1":"product","2":"type-product","3":"status-publish","4":"has-post-thumbnail","6":"pwb-brand-sportsheets","7":"product_cat-accessorieskink","8":"product_cat-furniture-and-sex-swings","9":"product_cat-paddles","10":"product_cat-whipsfeathers","11":"product_tag-bdsm","12":"product_tag-body","13":"product_tag-functional-diversity","14":"product_tag-impact-play","15":"product_tag-mobility-aid","16":"product_tag-paddle","17":"product_tag-saffron","18":"product_tag-strap","19":"pa_color-black","20":"pa_color-red","21":"nt-post-class","22":"","23":"masonry-item","24":"col-lg-6","32":"first","33":"outofstock","34":"taxable","35":"shipping-taxable","36":"purchasable","37":"product-type-simple","38":"add-to-wishlist-after_add_to_cart"},"acf":[],"brands":[{"id":347,"name":"Sportsheets","slug":"sportsheets"}],"_links":{"self":[{"href":"https:\/\/carmogepereira.pt\/pt\/wp-json\/wp\/v2\/product\/6465","targetHints":{"allow":["GET"]}}],"collection":[{"href":"https:\/\/carmogepereira.pt\/pt\/wp-json\/wp\/v2\/product"}],"about":[{"href":"https:\/\/carmogepereira.pt\/pt\/wp-json\/wp\/v2\/types\/product"}],"replies":[{"embeddable":true,"href":"https:\/\/carmogepereira.pt\/pt\/wp-json\/wp\/v2\/comments?post=6465"}],"version-history":[{"count":0,"href":"https:\/\/carmogepereira.pt\/pt\/wp-json\/wp\/v2\/product\/6465\/revisions"}],"wp:featuredmedia":[{"embeddable":true,"href":"https:\/\/carmogepereira.pt\/pt\/wp-json\/wp\/v2\/media\/6471"}],"wp:attachment":[{"href":"https:\/\/carmogepereira.pt\/pt\/wp-json\/wp\/v2\/media?parent=6465"}],"wp:term":[{"taxonomy":"pwb-brand","embeddable":true,"href":"https:\/\/carmogepereira.pt\/pt\/wp-json\/wp\/v2\/pwb-brand?post=6465"},{"taxonomy":"product_brand","embeddable":true,"href":"https:\/\/carmogepereira.pt\/pt\/wp-json\/wp\/v2\/product_brand?post=6465"},{"taxonomy":"product_cat","embeddable":true,"href":"https:\/\/carmogepereira.pt\/pt\/wp-json\/wp\/v2\/product_cat?post=6465"},{"taxonomy":"product_tag","embeddable":true,"href":"https:\/\/carmogepereira.pt\/pt\/wp-json\/wp\/v2\/product_tag?post=6465"}],"curies":[{"name":"wp","href":"https:\/\/api.w.org\/{rel}","templated":true}]}}