{"id":6473,"date":"2022-10-14T16:57:04","date_gmt":"2022-10-14T16:57:04","guid":{"rendered":"http:\/\/carmogepereira.pt\/vaiserperfeito\/?post_type=product&#038;p=6473"},"modified":"2024-03-01T14:21:21","modified_gmt":"2024-03-01T14:21:21","slug":"joyboxxsystem","status":"publish","type":"product","link":"https:\/\/carmogepereira.pt\/pt\/shop\/joyboxxsystem\/","title":{"rendered":"Joyboxx Hygienic Storage System"},"content":{"rendered":"<p><strong>Cores:<\/strong><\/p>\n<p>Preto, Roxo, Branco.<\/p>\n<p><b><span data-contrast=\"auto\">Caracter\u00edsticas:<\/span><\/b><span data-ccp-props=\"{&quot;201341983&quot;:0,&quot;335559739&quot;:160,&quot;335559740&quot;:259}\">\u00a0<\/span><\/p>\n<p>Pode ser lavado na m\u00e1quina de lavar lou\u00e7a.<\/p>\n<p>Sem PVC, BPA e ftalatos.<\/p>\n<p>Pl\u00e1stico de qualidade alimentar, n\u00e3o poroso.<\/p>\n<p>Agente antimicrobiano de i\u00f5es de prata misturado em pl\u00e1stico.<\/p>\n<p>Compartimento superior de \"f\u00e1cil acesso\" para artigos pequenos.<\/p>\n<p>Fechadura deslizante, amov\u00edvel e silenciosa, resistente a crian\u00e7as.<\/p>\n<p>Mini fechadura combinada inclu\u00edda para 100% de seguran\u00e7a.<\/p>\n<p>Furos de ventila\u00e7\u00e3o protegidos ajudam a evaporar a humidade e mant\u00eam o p\u00f3 afastado.<\/p>\n<p>Orif\u00edcio de carga de brinquedo USB discreto.<\/p>\n<p>Design unisexo sofisticado.<\/p>\n<p>Adapta-se \u00e0 maioria dos produtos.<\/p>\n<p>Adapta-se \u00e0 maioria das mesas de cabeceira e gavetas.<\/p>\n<p>Inclui playtray.<\/p>\n<p><b><span data-contrast=\"auto\">Dimens\u00f5es do Produto:<\/span><\/b><\/p>\n<p>33cm x 12cm x 17cm.<\/p>\n<p><b><span data-contrast=\"auto\">Conte\u00fado:<\/span><\/b><span data-ccp-props=\"{&quot;201341983&quot;:0,&quot;335559739&quot;:160,&quot;335559740&quot;:259}\">\u00a0<\/span><\/p>\n<p>1x joyboxx.<\/p>\n<p><b><span data-contrast=\"auto\">Materiais:<\/span><\/b><\/p>\n<p>Pl\u00e1stico de Grau Alimentar.<\/p>","protected":false},"excerpt":{"rendered":"<p>Conhece o JOYBOXX com PLAYTRAY; o primeiro sistema de armazenamento higi\u00e9nico do mundo concebido para manusear produtos de prazer antes, durante e ap\u00f3s a sua utiliza\u00e7\u00e3o.\u00a0A alegria est\u00e1 dentro!\u00a0Proteje-te, aos brinquedos e ao mobili\u00e1rio com Playtray! Coloca o teu brinquedo ou lubrificante na Playtray amov\u00edvel antes e depois da utiliza\u00e7\u00e3o, e depois limpa \u00e0 tua vontade. Se n\u00e3o houver tempo para limpar de imediato, volta a coloc\u00e1-lo dentro da Joyboxx sem preocupa\u00e7\u00f5es.<\/p>\n<p>O PLAYTRAY port\u00e1til \u00e9 uma base elevat\u00f3ria\/ de lavagem\/de secagem de brinquedos para adultos, tudo-em-um! Usa-o como uma divis\u00f3ria interna da JOYBOXX que se senta firmemente na \"calha da barreira de derrame de fluidos\" da cuba principal para separa\u00e7\u00e3o e organiza\u00e7\u00e3o dos brinquedos.\u00a0Quando usares um brinquedo, remove o PLAYTRAY e usa-o como base para copos para proteger o mobili\u00e1rio de manchas e os brinquedos do p\u00f3. Em seguida, transporta facilmente os brinquedos usados para a pia para lavar e secar, ou volta a coloc\u00e1-los dentro do JOYBOXX onde os orif\u00edcios de ventila\u00e7\u00e3o na parte superior da cuba principal, permitem a circula\u00e7\u00e3o do ar, a evapora\u00e7\u00e3o da humidade e o buraco maior na parte de tr\u00e1s permite a carga discreta do brinquedo.<\/p>\n<p><iframe title=\"YouTube video player\" src=\"https:\/\/www.youtube.com\/embed\/msqPB5guDDI\" width=\"560\" height=\"315\" frameborder=\"0\" allowfullscreen=\"allowfullscreen\"><\/iframe><\/p>","protected":false},"featured_media":6480,"comment_status":"open","ping_status":"closed","template":"","meta":{"_acf_changed":false},"pwb-brand":[],"product_brand":[],"product_cat":[154],"product_tag":[430,274],"class_list":{"0":"post-6473","1":"product","2":"type-product","3":"status-publish","4":"has-post-thumbnail","6":"product_cat-household-goods","7":"product_tag-household-good","8":"product_tag-storage","9":"pa_color-black","10":"pa_color-purple","11":"pa_color-white","12":"nt-post-class","13":"","14":"masonry-item","15":"col-lg-6","23":"first","24":"instock","25":"taxable","26":"shipping-taxable","27":"purchasable","28":"product-type-variable","29":"add-to-wishlist-after_add_to_cart"},"acf":[],"brands":[],"_links":{"self":[{"href":"https:\/\/carmogepereira.pt\/pt\/wp-json\/wp\/v2\/product\/6473","targetHints":{"allow":["GET"]}}],"collection":[{"href":"https:\/\/carmogepereira.pt\/pt\/wp-json\/wp\/v2\/product"}],"about":[{"href":"https:\/\/carmogepereira.pt\/pt\/wp-json\/wp\/v2\/types\/product"}],"replies":[{"embeddable":true,"href":"https:\/\/carmogepereira.pt\/pt\/wp-json\/wp\/v2\/comments?post=6473"}],"version-history":[{"count":0,"href":"https:\/\/carmogepereira.pt\/pt\/wp-json\/wp\/v2\/product\/6473\/revisions"}],"wp:featuredmedia":[{"embeddable":true,"href":"https:\/\/carmogepereira.pt\/pt\/wp-json\/wp\/v2\/media\/6480"}],"wp:attachment":[{"href":"https:\/\/carmogepereira.pt\/pt\/wp-json\/wp\/v2\/media?parent=6473"}],"wp:term":[{"taxonomy":"pwb-brand","embeddable":true,"href":"https:\/\/carmogepereira.pt\/pt\/wp-json\/wp\/v2\/pwb-brand?post=6473"},{"taxonomy":"product_brand","embeddable":true,"href":"https:\/\/carmogepereira.pt\/pt\/wp-json\/wp\/v2\/product_brand?post=6473"},{"taxonomy":"product_cat","embeddable":true,"href":"https:\/\/carmogepereira.pt\/pt\/wp-json\/wp\/v2\/product_cat?post=6473"},{"taxonomy":"product_tag","embeddable":true,"href":"https:\/\/carmogepereira.pt\/pt\/wp-json\/wp\/v2\/product_tag?post=6473"}],"curies":[{"name":"wp","href":"https:\/\/api.w.org\/{rel}","templated":true}]}}