{"id":6493,"date":"2022-10-14T21:24:38","date_gmt":"2022-10-14T21:24:38","guid":{"rendered":"http:\/\/carmogepereira.pt\/vaiserperfeito\/?post_type=product&#038;p=6493"},"modified":"2025-12-11T15:02:10","modified_gmt":"2025-12-11T15:02:10","slug":"pvcbedsheetnuru","status":"publish","type":"product","link":"https:\/\/carmogepereira.pt\/pt\/shop\/pvcbedsheetnuru\/","title":{"rendered":"PVC Bedsheet Nuru"},"content":{"rendered":"<p><b><span data-contrast=\"auto\">Caracter\u00edsticas:<\/span><\/b><span data-ccp-props=\"{&quot;201341983&quot;:0,&quot;335559739&quot;:160,&quot;335559740&quot;:259}\">\u00a0<\/span><\/p>\n<p>Protege sem esfor\u00e7o a cama e encaixa suavemente sobre qualquer outra superf\u00edcie.<\/p>\n<p>Um pouco mais de espessura do que as coberturas de protec\u00e7\u00e3o habituais.<\/p>\n<p>Vida \u00fatil longa.<\/p>\n<p>Enxaguagem e lavagem \u00e0 m\u00e3o ou \u00e0 m\u00e1quina \u00e0 temperatura m\u00e1xima de 40\u00b0.<\/p>\n<p>Coloca-o sobre um colch\u00e3o e desfruta de uma massagem escorregadia com Gel Nuru.<\/p>\n<p><b><span data-contrast=\"auto\">Dimens\u00f5es do Produto:<\/span><\/b><\/p>\n<p>180cm x 220cm x 0.1cm<\/p>\n<p><b><span data-contrast=\"auto\">Conte\u00fado:<\/span><\/b><span data-ccp-props=\"{&quot;201341983&quot;:0,&quot;335559739&quot;:160,&quot;335559740&quot;:259}\">\u00a0<\/span><\/p>\n<p>1x Len\u00e7ol de PVC<\/p>\n<p><b><span data-contrast=\"auto\">Materiais:<\/span><\/b><\/p>\n<p><span data-ccp-props=\"{&quot;201341983&quot;:0,&quot;335559739&quot;:160,&quot;335559740&quot;:259}\">PVC\u00a0<\/span><\/p>","protected":false},"excerpt":{"rendered":"<p>Para uma divers\u00e3o amorosa e sem manchas, o len\u00e7ol de PVC de Nuru \u00e9 o forro mais adequado.<\/p>\n<p>O que \u00e9 que me proporciona o len\u00e7ol de PVC?<br \/>\nCom uma medida de 180 x 220 cm o len\u00e7ol de PVC protege sem esfor\u00e7o a tua cama. Tamb\u00e9m cabe suavemente sobre qualquer outra superf\u00edcie, como o sof\u00e1 ou mesa. Com um pouco mais de espessura que as coberturas protectoras habituais, o len\u00e7ol de PVC tem uma vida \u00fatil longa, mantendo uma suavidade agrad\u00e1vel. Para manter limpo o len\u00e7ol de PVC, \u00e9 poss\u00edvel enxagu\u00e1-lo e sec\u00e1-lo no duche ap\u00f3s a utiliza\u00e7\u00e3o. \u00c9 tamb\u00e9m \u00e0 prova de m\u00e1quina de lavar e pode ser lavado a uma temperatura m\u00e1xima de 40\u00b0.<\/p>\n<p>O que ter em considera\u00e7\u00e3o:<br \/>\n\u00c9 uma protec\u00e7\u00e3o sem problemas. Pode ser usado para uma noite relaxante para duas pessoas e no caso de sentires que o len\u00e7ol \u00e9 demasiado grande:<br \/>\nsugerimos que seja colocado sobre um colch\u00e3o ou outra superf\u00edcie maior.<\/p>\n<p>Participa em desportos aqu\u00e1ticos (watersports kink) ou desfruta de uma massagem escorregadia com Nuru Gel.<\/p>","protected":false},"featured_media":6497,"comment_status":"open","ping_status":"closed","template":"","meta":{"_acf_changed":false},"pwb-brand":[390],"product_brand":[],"product_cat":[154],"product_tag":[213,225,430,270,250,268,271],"class_list":{"0":"post-6493","1":"product","2":"type-product","3":"status-publish","4":"has-post-thumbnail","6":"pwb-brand-nuru","7":"product_cat-household-goods","8":"product_tag-bdsm","9":"product_tag-body","10":"product_tag-household-good","11":"product_tag-massage_goody","12":"product_tag-sensory-play","13":"product_tag-sheet","14":"product_tag-water-sports","15":"pa_color-black","16":"nt-post-class","17":"","18":"masonry-item","19":"col-lg-6","27":"first","28":"outofstock","29":"taxable","30":"shipping-taxable","31":"purchasable","32":"product-type-simple","33":"add-to-wishlist-after_add_to_cart"},"acf":[],"brands":[{"id":390,"name":"Nuru","slug":"nuru"}],"_links":{"self":[{"href":"https:\/\/carmogepereira.pt\/pt\/wp-json\/wp\/v2\/product\/6493","targetHints":{"allow":["GET"]}}],"collection":[{"href":"https:\/\/carmogepereira.pt\/pt\/wp-json\/wp\/v2\/product"}],"about":[{"href":"https:\/\/carmogepereira.pt\/pt\/wp-json\/wp\/v2\/types\/product"}],"replies":[{"embeddable":true,"href":"https:\/\/carmogepereira.pt\/pt\/wp-json\/wp\/v2\/comments?post=6493"}],"version-history":[{"count":0,"href":"https:\/\/carmogepereira.pt\/pt\/wp-json\/wp\/v2\/product\/6493\/revisions"}],"wp:featuredmedia":[{"embeddable":true,"href":"https:\/\/carmogepereira.pt\/pt\/wp-json\/wp\/v2\/media\/6497"}],"wp:attachment":[{"href":"https:\/\/carmogepereira.pt\/pt\/wp-json\/wp\/v2\/media?parent=6493"}],"wp:term":[{"taxonomy":"pwb-brand","embeddable":true,"href":"https:\/\/carmogepereira.pt\/pt\/wp-json\/wp\/v2\/pwb-brand?post=6493"},{"taxonomy":"product_brand","embeddable":true,"href":"https:\/\/carmogepereira.pt\/pt\/wp-json\/wp\/v2\/product_brand?post=6493"},{"taxonomy":"product_cat","embeddable":true,"href":"https:\/\/carmogepereira.pt\/pt\/wp-json\/wp\/v2\/product_cat?post=6493"},{"taxonomy":"product_tag","embeddable":true,"href":"https:\/\/carmogepereira.pt\/pt\/wp-json\/wp\/v2\/product_tag?post=6493"}],"curies":[{"name":"wp","href":"https:\/\/api.w.org\/{rel}","templated":true}]}}