{"id":6499,"date":"2022-10-14T21:34:12","date_gmt":"2022-10-14T21:34:12","guid":{"rendered":"http:\/\/carmogepereira.pt\/vaiserperfeito\/?post_type=product&#038;p=6499"},"modified":"2025-12-11T15:02:10","modified_gmt":"2025-12-11T15:02:10","slug":"bamboobowlnuru","status":"publish","type":"product","link":"https:\/\/carmogepereira.pt\/pt\/shop\/bamboobowlnuru\/","title":{"rendered":"Bamboo Bowl Nuru"},"content":{"rendered":"<p><b><span data-contrast=\"auto\">Caracter\u00edsticas:<\/span><\/b><span data-ccp-props=\"{&quot;201341983&quot;:0,&quot;335559739&quot;:160,&quot;335559740&quot;:259}\">\u00a0<\/span><\/p>\n<p>Tigela de bambu feita \u00e0 m\u00e3o.<\/p>\n<p>Adi\u00e7\u00e3o perfeita ao gel de Nuru.<\/p>\n<p>O Gel Nuru est\u00e1 dispon\u00edvel separadamente na loja.<\/p>\n<p><b><span data-contrast=\"auto\">Conte\u00fado:<\/span><\/b><span data-ccp-props=\"{&quot;201341983&quot;:0,&quot;335559739&quot;:160,&quot;335559740&quot;:259}\">\u00a0<\/span><\/p>\n<p>1x ta\u00e7a<\/p>\n<p><b><span data-contrast=\"auto\">Materiais:<\/span><\/b><\/p>\n<p>Bambu<\/p>","protected":false},"excerpt":{"rendered":"<p>A tigela de bambu graciosamente feita \u00e0 m\u00e3o \u00e9 uma adi\u00e7\u00e3o perfeita ao gel de Nuru. Se est\u00e1s \u00e0 procura de uma massagem relaxante e satisfat\u00f3ria, adiciona o gel \u00e0 tigela e esfrega uma m\u00e3o cheia de gel no teu corpo uma e outra vez.<\/p>\n<p>O Gel Nuru est\u00e1 dispon\u00edvel separadamente na loja.<\/p>","protected":false},"featured_media":6502,"comment_status":"open","ping_status":"closed","template":"","meta":{"_acf_changed":false},"pwb-brand":[390],"product_brand":[],"product_cat":[154],"product_tag":[430,270],"class_list":{"0":"post-6499","1":"product","2":"type-product","3":"status-publish","4":"has-post-thumbnail","6":"pwb-brand-nuru","7":"product_cat-household-goods","8":"product_tag-household-good","9":"product_tag-massage_goody","10":"pa_color-red","11":"nt-post-class","12":"","13":"masonry-item","14":"col-lg-6","22":"first","23":"outofstock","24":"taxable","25":"shipping-taxable","26":"purchasable","27":"product-type-simple","28":"add-to-wishlist-after_add_to_cart"},"acf":[],"brands":[{"id":390,"name":"Nuru","slug":"nuru"}],"_links":{"self":[{"href":"https:\/\/carmogepereira.pt\/pt\/wp-json\/wp\/v2\/product\/6499","targetHints":{"allow":["GET"]}}],"collection":[{"href":"https:\/\/carmogepereira.pt\/pt\/wp-json\/wp\/v2\/product"}],"about":[{"href":"https:\/\/carmogepereira.pt\/pt\/wp-json\/wp\/v2\/types\/product"}],"replies":[{"embeddable":true,"href":"https:\/\/carmogepereira.pt\/pt\/wp-json\/wp\/v2\/comments?post=6499"}],"version-history":[{"count":0,"href":"https:\/\/carmogepereira.pt\/pt\/wp-json\/wp\/v2\/product\/6499\/revisions"}],"wp:featuredmedia":[{"embeddable":true,"href":"https:\/\/carmogepereira.pt\/pt\/wp-json\/wp\/v2\/media\/6502"}],"wp:attachment":[{"href":"https:\/\/carmogepereira.pt\/pt\/wp-json\/wp\/v2\/media?parent=6499"}],"wp:term":[{"taxonomy":"pwb-brand","embeddable":true,"href":"https:\/\/carmogepereira.pt\/pt\/wp-json\/wp\/v2\/pwb-brand?post=6499"},{"taxonomy":"product_brand","embeddable":true,"href":"https:\/\/carmogepereira.pt\/pt\/wp-json\/wp\/v2\/product_brand?post=6499"},{"taxonomy":"product_cat","embeddable":true,"href":"https:\/\/carmogepereira.pt\/pt\/wp-json\/wp\/v2\/product_cat?post=6499"},{"taxonomy":"product_tag","embeddable":true,"href":"https:\/\/carmogepereira.pt\/pt\/wp-json\/wp\/v2\/product_tag?post=6499"}],"curies":[{"name":"wp","href":"https:\/\/api.w.org\/{rel}","templated":true}]}}