{"id":6507,"date":"2022-10-14T22:19:53","date_gmt":"2022-10-14T22:19:53","guid":{"rendered":"http:\/\/carmogepereira.pt\/vaiserperfeito\/?post_type=product&#038;p=6507"},"modified":"2025-12-13T09:11:02","modified_gmt":"2025-12-13T09:11:02","slug":"shineorganictoycleanersl","status":"publish","type":"product","link":"https:\/\/carmogepereira.pt\/pt\/shop\/shineorganictoycleanersl\/","title":{"rendered":"Shine Organic Toy Cleaner Sliquid"},"content":{"rendered":"<p><strong>Tamanhos:<\/strong><\/p>\n<p>60ml, 255ml.<\/p>\n<p><b><span data-contrast=\"auto\">Caracter\u00edsticas:<\/span><\/b><span data-ccp-props=\"{&quot;201341983&quot;:0,&quot;335559739&quot;:160,&quot;335559740&quot;:259}\">\u00a0<\/span><\/p>\n<p>Ingredientes biol\u00f3gicos seleccionados utilizados.<\/p>\n<p>100% Vegan.<\/p>\n<p>Sem Crueldade, sem testes em animais, ponto final.<\/p>\n<p>Embalagem recicl\u00e1vel.<\/p>\n<p>Embalagem 100% Recicl\u00e1vel. Mant\u00e9m-te verde!<\/p>\n<p><b><span data-contrast=\"auto\">Dimens\u00f5es do Produto:<\/span><\/b><\/p>\n<p>60ml, 255ml.<\/p>\n<p><b><span data-contrast=\"auto\">Conte\u00fado:<\/span><\/b><span data-ccp-props=\"{&quot;201341983&quot;:0,&quot;335559739&quot;:160,&quot;335559740&quot;:259}\">\u00a0<\/span><\/p>\n<p>Liquido de Limpeza.<\/p>\n<p><b><span data-contrast=\"auto\">Ingredientes:<\/span><\/b><span data-ccp-props=\"{&quot;201341983&quot;:0,&quot;335559739&quot;:160,&quot;335559740&quot;:259}\">\u00a0<\/span><\/p>\n<p>Sumo de Folha de Alo\u00e9 Barbadensis Biol\u00f3gico*, \u00d3leo de \u00c1rvore de Ch\u00e1 Biol\u00f3gico, \u00d3leo de R\u00edcino Biol\u00f3gico, \u00d3leo de Jojoba Biol\u00f3gico.<br \/>\n*reconstitu\u00eddo<\/p>","protected":false},"excerpt":{"rendered":"<p>Liquido de limpeza de brinquedos biol\u00f3gico natural n\u00e3o perfumado.<\/p>\n<p>Sliquid Shine organic toy cleaner \u00e9 infundido com agentes de limpeza seguros para o corpo e a natureza como \u00f3leo de \u00e1rvore de ch\u00e1 e \u00f3leo de r\u00edcino, que t\u00eam propriedades anti-bacterianas e anti-f\u00fangicas naturais. Este produto de limpeza sem espuma para brinquedos n\u00e3o cont\u00e9m glicerina, parabenos, \u00e1lcool, triclosan ou outros qu\u00edmicos agressivos. Para utilizar, basta pulverizar o Shine directamente na \u00e1rea a ser limpa. Enxaguar com \u00e1gua (quando aplic\u00e1vel), depois secar com um pano limpo, e guardar.<\/p>","protected":false},"featured_media":6512,"comment_status":"open","ping_status":"closed","template":"","meta":{"_acf_changed":false},"pwb-brand":[394],"product_brand":[],"product_cat":[154],"product_tag":[272,430],"class_list":{"0":"post-6507","1":"product","2":"type-product","3":"status-publish","4":"has-post-thumbnail","6":"pwb-brand-sliquid","7":"product_cat-household-goods","8":"product_tag-cleaner","9":"product_tag-household-good","10":"pa_color-black","11":"pa_color-gold","12":"pa_size-255ml","13":"pa_size-60ml","14":"nt-post-class","15":"","16":"masonry-item","17":"col-lg-6","25":"first","26":"instock","27":"taxable","28":"shipping-taxable","29":"purchasable","30":"product-type-variable","31":"add-to-wishlist-after_add_to_cart"},"acf":[],"brands":[{"id":394,"name":"Sliquid","slug":"sliquid"}],"_links":{"self":[{"href":"https:\/\/carmogepereira.pt\/pt\/wp-json\/wp\/v2\/product\/6507","targetHints":{"allow":["GET"]}}],"collection":[{"href":"https:\/\/carmogepereira.pt\/pt\/wp-json\/wp\/v2\/product"}],"about":[{"href":"https:\/\/carmogepereira.pt\/pt\/wp-json\/wp\/v2\/types\/product"}],"replies":[{"embeddable":true,"href":"https:\/\/carmogepereira.pt\/pt\/wp-json\/wp\/v2\/comments?post=6507"}],"version-history":[{"count":0,"href":"https:\/\/carmogepereira.pt\/pt\/wp-json\/wp\/v2\/product\/6507\/revisions"}],"wp:featuredmedia":[{"embeddable":true,"href":"https:\/\/carmogepereira.pt\/pt\/wp-json\/wp\/v2\/media\/6512"}],"wp:attachment":[{"href":"https:\/\/carmogepereira.pt\/pt\/wp-json\/wp\/v2\/media?parent=6507"}],"wp:term":[{"taxonomy":"pwb-brand","embeddable":true,"href":"https:\/\/carmogepereira.pt\/pt\/wp-json\/wp\/v2\/pwb-brand?post=6507"},{"taxonomy":"product_brand","embeddable":true,"href":"https:\/\/carmogepereira.pt\/pt\/wp-json\/wp\/v2\/product_brand?post=6507"},{"taxonomy":"product_cat","embeddable":true,"href":"https:\/\/carmogepereira.pt\/pt\/wp-json\/wp\/v2\/product_cat?post=6507"},{"taxonomy":"product_tag","embeddable":true,"href":"https:\/\/carmogepereira.pt\/pt\/wp-json\/wp\/v2\/product_tag?post=6507"}],"curies":[{"name":"wp","href":"https:\/\/api.w.org\/{rel}","templated":true}]}}