{"id":6537,"date":"2022-10-16T00:28:20","date_gmt":"2022-10-16T00:28:20","guid":{"rendered":"http:\/\/carmogepereira.pt\/vaiserperfeito\/?post_type=product&#038;p=6537"},"modified":"2025-12-11T15:07:43","modified_gmt":"2025-12-11T15:07:43","slug":"naturalsh2osl","status":"publish","type":"product","link":"https:\/\/carmogepereira.pt\/pt\/shop\/naturalsh2osl\/","title":{"rendered":"Naturals H2O Sliquid"},"content":{"rendered":"<p><b><span data-contrast=\"auto\">Caracter\u00edsticas:<\/span><\/b><span data-ccp-props=\"{&quot;201341983&quot;:0,&quot;335559739&quot;:160,&quot;335559740&quot;:259}\">\u00a0<\/span><\/p>\n<p>Purified water based formula.<\/p>\n<p>Sem parabenos e sem glicerina.<\/p>\n<p>100% Vegan.<\/p>\n<p>Cruelty free \/ Sem testes em animais.<\/p>\n<p>Water soluble and easy to clean up.<\/p>\n<p>Hipoalerg\u00e9nico e n\u00e3o t\u00f3xico.<\/p>\n<p>Non-staining, unflavored and unscented.<\/p>\n<p>Misturado de forma \u00fanica para imitar a lubrifica\u00e7\u00e3o natural do pr\u00f3prio corpo.<\/p>\n<p>pH equilibrado neutro.<\/p>\n<p><b><span data-contrast=\"auto\">Dimens\u00f5es do Produto:<\/span><\/b><\/p>\n<p>125ml.<\/p>\n<p><b><span data-contrast=\"auto\">Conte\u00fado:<\/span><\/b><span data-ccp-props=\"{&quot;201341983&quot;:0,&quot;335559739&quot;:160,&quot;335559740&quot;:259}\">\u00a0<\/span><\/p>\n<p>1x bottle of water lubricant.<\/p>\n<p><b><span data-contrast=\"auto\">Ingredientes:<\/span><\/b><span data-ccp-props=\"{&quot;201341983&quot;:0,&quot;335559739&quot;:160,&quot;335559740&quot;:259}\">\u00a0<\/span><\/p>\n<p>Purified Water, Plant Cellulose (from Cotton), Cyamopsis (Guar Conditioners), Potassium Sorbate, Citric Acid.<\/p>","protected":false},"excerpt":{"rendered":"<p>Clean and simple water based blend.<\/p>\n<p>Sliquid Naturals H2O is not only a water based personal lubricant, but also Sliquid&#8217;s Original formula. In fact, the base formula for all of the water based lubricants in the Naturals line begins with H2O! Formulated to emulate body&#8217;s own natural lubrication, H2O uses plant cellulose as a thickening agent, instead of glycerin or other sugar derivatives like most other personal lubricants on the market today. Sliquid Naturals H2O, like all Sliquid products, does not contain any parabens, and is 100% vegan. Naturals H2O is perfect for use with all types of toys, and is safe for all sexual activity. Sliquid Naturals H2O is not flavored or scented, as well as non-staining, and extremely easy to clean up.<\/p>","protected":false},"featured_media":6538,"comment_status":"open","ping_status":"closed","template":"","meta":{"_acf_changed":false},"pwb-brand":[394],"product_brand":[],"product_cat":[135,142,143,555],"product_tag":[245,296,289,290,553,292],"class_list":{"0":"post-6537","1":"product","2":"type-product","3":"status-publish","4":"has-post-thumbnail","6":"pwb-brand-sliquid","7":"product_cat-lubsafersex","8":"product_cat-lubs","9":"product_cat-water-lubs","10":"product_cat-readytoship","11":"product_tag-external","12":"product_tag-genital_use","13":"product_tag-internal","14":"product_tag-lubricant","15":"product_tag-vulva-use","16":"product_tag-waterlubricant","17":"nt-post-class","18":"","19":"masonry-item","20":"col-lg-6","28":"first","29":"outofstock","30":"taxable","31":"shipping-taxable","32":"purchasable","33":"product-type-simple","34":"add-to-wishlist-after_add_to_cart"},"acf":[],"brands":[{"id":394,"name":"Sliquid","slug":"sliquid"}],"_links":{"self":[{"href":"https:\/\/carmogepereira.pt\/pt\/wp-json\/wp\/v2\/product\/6537","targetHints":{"allow":["GET"]}}],"collection":[{"href":"https:\/\/carmogepereira.pt\/pt\/wp-json\/wp\/v2\/product"}],"about":[{"href":"https:\/\/carmogepereira.pt\/pt\/wp-json\/wp\/v2\/types\/product"}],"replies":[{"embeddable":true,"href":"https:\/\/carmogepereira.pt\/pt\/wp-json\/wp\/v2\/comments?post=6537"}],"version-history":[{"count":0,"href":"https:\/\/carmogepereira.pt\/pt\/wp-json\/wp\/v2\/product\/6537\/revisions"}],"wp:featuredmedia":[{"embeddable":true,"href":"https:\/\/carmogepereira.pt\/pt\/wp-json\/wp\/v2\/media\/6538"}],"wp:attachment":[{"href":"https:\/\/carmogepereira.pt\/pt\/wp-json\/wp\/v2\/media?parent=6537"}],"wp:term":[{"taxonomy":"pwb-brand","embeddable":true,"href":"https:\/\/carmogepereira.pt\/pt\/wp-json\/wp\/v2\/pwb-brand?post=6537"},{"taxonomy":"product_brand","embeddable":true,"href":"https:\/\/carmogepereira.pt\/pt\/wp-json\/wp\/v2\/product_brand?post=6537"},{"taxonomy":"product_cat","embeddable":true,"href":"https:\/\/carmogepereira.pt\/pt\/wp-json\/wp\/v2\/product_cat?post=6537"},{"taxonomy":"product_tag","embeddable":true,"href":"https:\/\/carmogepereira.pt\/pt\/wp-json\/wp\/v2\/product_tag?post=6537"}],"curies":[{"name":"wp","href":"https:\/\/api.w.org\/{rel}","templated":true}]}}