{"id":6539,"date":"2022-10-17T19:43:28","date_gmt":"2022-10-17T19:43:28","guid":{"rendered":"http:\/\/carmogepereira.pt\/vaiserperfeito\/?post_type=product&#038;p=6539"},"modified":"2025-12-11T15:07:43","modified_gmt":"2025-12-11T15:07:43","slug":"naturalssassysliquid","status":"publish","type":"product","link":"https:\/\/carmogepereira.pt\/pt\/shop\/naturalssassysliquid\/","title":{"rendered":"Naturals Sassy Sliquid"},"content":{"rendered":"<p><b><span data-contrast=\"auto\">Caracter\u00edsticas:<\/span><\/b><span data-ccp-props=\"{&quot;201341983&quot;:0,&quot;335559739&quot;:160,&quot;335559740&quot;:259}\">\u00a0<\/span><\/p>\n<p>Ultra thick water based gel.<\/p>\n<p>Perfect to use with silicone anal toys.<\/p>\n<p>Sem parabenos e sem glicerina.<\/p>\n<p>100% Vegan.<\/p>\n<p>Cruelty free \/ Sem testes em animais.<\/p>\n<p>Water soluble and easy to clean up.<\/p>\n<p>Hipoalerg\u00e9nico e n\u00e3o t\u00f3xico.<\/p>\n<p>Non-staining, unflavored and unscented.<\/p>\n<p>Misturado de forma \u00fanica para imitar a lubrifica\u00e7\u00e3o natural do pr\u00f3prio corpo.<\/p>\n<p>pH equilibrado neutro.<\/p>\n<p><b><span data-contrast=\"auto\">Dimens\u00f5es do Produto:<\/span><\/b><\/p>\n<p>125ml.<\/p>\n<p><b><span data-contrast=\"auto\">Conte\u00fado:<\/span><\/b><span data-ccp-props=\"{&quot;201341983&quot;:0,&quot;335559739&quot;:160,&quot;335559740&quot;:259}\">\u00a0<\/span><\/p>\n<p>1x bottle of water lubricant.<\/p>\n<p><b><span data-contrast=\"auto\">Ingredientes:<\/span><\/b><span data-ccp-props=\"{&quot;201341983&quot;:0,&quot;335559739&quot;:160,&quot;335559740&quot;:259}\">\u00a0<\/span><\/p>\n<p>Purified Water, Plant Cellulose (from Cotton), Cyamopsis (Guar Conditioners), Potassium Sorbate, Citric Acid.<\/p>","protected":false},"excerpt":{"rendered":"<p>Clean and simple water based blend, only thicker.<\/p>\n<p>Sliquid Naturals Sassy is a water based and water-soluble anal gel personal lubricant, formulated as always glycerin free and paraben free. Beginning with the same ingredients as Sliquid Naturals H2O, Sassy is formulated with additional plant cellulose to create a thicker gel, which provides more padding for anal intercourse, specially with silicone sex toys. The gel stays in place, and is longer lasting and creates a more enjoyable experience, and is preferred by many for use with toys, due to it&#8217;s thickness. To ensure the safety, Sliquid Naturals Sassy does not include any desensitizing agents, which may lead to tissue damage.<\/p>","protected":false},"featured_media":6540,"comment_status":"open","ping_status":"closed","template":"","meta":{"_acf_changed":false},"pwb-brand":[394],"product_brand":[],"product_cat":[135,142,143,555],"product_tag":[260,245,296,289,290,553,292],"class_list":{"0":"post-6539","1":"product","2":"type-product","3":"status-publish","4":"has-post-thumbnail","6":"pwb-brand-sliquid","7":"product_cat-lubsafersex","8":"product_cat-lubs","9":"product_cat-water-lubs","10":"product_cat-readytoship","11":"product_tag-analuse","12":"product_tag-external","13":"product_tag-genital_use","14":"product_tag-internal","15":"product_tag-lubricant","16":"product_tag-vulva-use","17":"product_tag-waterlubricant","18":"nt-post-class","19":"","20":"masonry-item","21":"col-lg-6","29":"first","30":"outofstock","31":"taxable","32":"shipping-taxable","33":"purchasable","34":"product-type-simple","35":"add-to-wishlist-after_add_to_cart"},"acf":[],"brands":[{"id":394,"name":"Sliquid","slug":"sliquid"}],"_links":{"self":[{"href":"https:\/\/carmogepereira.pt\/pt\/wp-json\/wp\/v2\/product\/6539","targetHints":{"allow":["GET"]}}],"collection":[{"href":"https:\/\/carmogepereira.pt\/pt\/wp-json\/wp\/v2\/product"}],"about":[{"href":"https:\/\/carmogepereira.pt\/pt\/wp-json\/wp\/v2\/types\/product"}],"replies":[{"embeddable":true,"href":"https:\/\/carmogepereira.pt\/pt\/wp-json\/wp\/v2\/comments?post=6539"}],"version-history":[{"count":0,"href":"https:\/\/carmogepereira.pt\/pt\/wp-json\/wp\/v2\/product\/6539\/revisions"}],"wp:featuredmedia":[{"embeddable":true,"href":"https:\/\/carmogepereira.pt\/pt\/wp-json\/wp\/v2\/media\/6540"}],"wp:attachment":[{"href":"https:\/\/carmogepereira.pt\/pt\/wp-json\/wp\/v2\/media?parent=6539"}],"wp:term":[{"taxonomy":"pwb-brand","embeddable":true,"href":"https:\/\/carmogepereira.pt\/pt\/wp-json\/wp\/v2\/pwb-brand?post=6539"},{"taxonomy":"product_brand","embeddable":true,"href":"https:\/\/carmogepereira.pt\/pt\/wp-json\/wp\/v2\/product_brand?post=6539"},{"taxonomy":"product_cat","embeddable":true,"href":"https:\/\/carmogepereira.pt\/pt\/wp-json\/wp\/v2\/product_cat?post=6539"},{"taxonomy":"product_tag","embeddable":true,"href":"https:\/\/carmogepereira.pt\/pt\/wp-json\/wp\/v2\/product_tag?post=6539"}],"curies":[{"name":"wp","href":"https:\/\/api.w.org\/{rel}","templated":true}]}}