{"id":6543,"date":"2022-10-17T22:11:53","date_gmt":"2022-10-17T22:11:53","guid":{"rendered":"http:\/\/carmogepereira.pt\/vaiserperfeito\/?post_type=product&#038;p=6543"},"modified":"2025-12-11T15:07:42","modified_gmt":"2025-12-11T15:07:42","slug":"naturalsseasliquid","status":"publish","type":"product","link":"https:\/\/carmogepereira.pt\/pt\/shop\/naturalsseasliquid\/","title":{"rendered":"Naturals Sea Sliquid"},"content":{"rendered":"<p><b><span data-contrast=\"auto\">Caracter\u00edsticas:<\/span><\/b><span data-ccp-props=\"{&quot;201341983&quot;:0,&quot;335559739&quot;:160,&quot;335559740&quot;:259}\">\u00a0<\/span><\/p>\n<p>Blended with hand selected seaweed extracts.<\/p>\n<p>100% Vegan.<\/p>\n<p>Long lasting and easy to clean up.<\/p>\n<p>Sem parabenos e sem glicerina.<\/p>\n<p>Cruelty free \/ Sem testes em animais.<\/p>\n<p>Hipoalerg\u00e9nico e n\u00e3o t\u00f3xico.<\/p>\n<p>Misturado de forma \u00fanica para imitar a lubrifica\u00e7\u00e3o natural do pr\u00f3prio corpo.<\/p>\n<p>pH equilibrado neutro.<\/p>\n<p><b><span data-contrast=\"auto\">Dimens\u00f5es do Produto:<\/span><\/b><\/p>\n<p>125ml.<\/p>\n<p><b><span data-contrast=\"auto\">Conte\u00fado:<\/span><\/b><span data-ccp-props=\"{&quot;201341983&quot;:0,&quot;335559739&quot;:160,&quot;335559740&quot;:259}\">\u00a0<\/span><\/p>\n<p>1x frasco de lubrificante com infus\u00f5es.<\/p>\n<p><b><span data-contrast=\"auto\">Ingredientes:<\/span><\/b><span data-ccp-props=\"{&quot;201341983&quot;:0,&quot;335559739&quot;:160,&quot;335559740&quot;:259}\">\u00a0<\/span><\/p>\n<p>Purified Water, Plant Cellulose (from Cotton), Carrageenan, Wakame, Nori, Cyamopsis (Guar Conditioners), Potassium Sorbate, Citric Acid.<\/p>","protected":false},"excerpt":{"rendered":"<p>Carrageenan infused water based lubricant.<\/p>\n<p>Sliquid Naturals Sea is a water based and water-soluble personal lubricant, blended with hand selected natural seaweed extracts. Each extract provides an added boost for your health: Carrageenan, while also being one of natures most effective natural lubricants, has also been shown in some studies to reduce the transmission of HPV (Human Pappilomavirus). Wakame is a seaweed that contains B vitamins, and reduces inflammation and improves elasticity in your skin. Nori is an algae that prevents oxidation of the skin and is a very effective natural moisturizer. Together, these natural extracts of the sea blend with Naturals H2O lubricant, to provide a slippery, sensual lubricant with the natural healing properties of the sea.<\/p>","protected":false},"featured_media":6547,"comment_status":"open","ping_status":"closed","template":"","meta":{"_acf_changed":false},"pwb-brand":[394],"product_brand":[],"product_cat":[135,142,143,555],"product_tag":[439,245,296,289,290,553,292],"class_list":{"0":"post-6543","1":"product","2":"type-product","3":"status-publish","4":"has-post-thumbnail","6":"pwb-brand-sliquid","7":"product_cat-lubsafersex","8":"product_cat-lubs","9":"product_cat-water-lubs","10":"product_cat-readytoship","11":"product_tag-blended-water-lubricant","12":"product_tag-external","13":"product_tag-genital_use","14":"product_tag-internal","15":"product_tag-lubricant","16":"product_tag-vulva-use","17":"product_tag-waterlubricant","18":"nt-post-class","19":"","20":"masonry-item","21":"col-lg-6","29":"first","30":"outofstock","31":"taxable","32":"shipping-taxable","33":"purchasable","34":"product-type-simple","35":"add-to-wishlist-after_add_to_cart"},"acf":[],"brands":[{"id":394,"name":"Sliquid","slug":"sliquid"}],"_links":{"self":[{"href":"https:\/\/carmogepereira.pt\/pt\/wp-json\/wp\/v2\/product\/6543","targetHints":{"allow":["GET"]}}],"collection":[{"href":"https:\/\/carmogepereira.pt\/pt\/wp-json\/wp\/v2\/product"}],"about":[{"href":"https:\/\/carmogepereira.pt\/pt\/wp-json\/wp\/v2\/types\/product"}],"replies":[{"embeddable":true,"href":"https:\/\/carmogepereira.pt\/pt\/wp-json\/wp\/v2\/comments?post=6543"}],"version-history":[{"count":0,"href":"https:\/\/carmogepereira.pt\/pt\/wp-json\/wp\/v2\/product\/6543\/revisions"}],"wp:featuredmedia":[{"embeddable":true,"href":"https:\/\/carmogepereira.pt\/pt\/wp-json\/wp\/v2\/media\/6547"}],"wp:attachment":[{"href":"https:\/\/carmogepereira.pt\/pt\/wp-json\/wp\/v2\/media?parent=6543"}],"wp:term":[{"taxonomy":"pwb-brand","embeddable":true,"href":"https:\/\/carmogepereira.pt\/pt\/wp-json\/wp\/v2\/pwb-brand?post=6543"},{"taxonomy":"product_brand","embeddable":true,"href":"https:\/\/carmogepereira.pt\/pt\/wp-json\/wp\/v2\/product_brand?post=6543"},{"taxonomy":"product_cat","embeddable":true,"href":"https:\/\/carmogepereira.pt\/pt\/wp-json\/wp\/v2\/product_cat?post=6543"},{"taxonomy":"product_tag","embeddable":true,"href":"https:\/\/carmogepereira.pt\/pt\/wp-json\/wp\/v2\/product_tag?post=6543"}],"curies":[{"name":"wp","href":"https:\/\/api.w.org\/{rel}","templated":true}]}}