{"id":6567,"date":"2022-10-18T23:15:41","date_gmt":"2022-10-18T23:15:41","guid":{"rendered":"http:\/\/carmogepereira.pt\/vaiserperfeito\/?post_type=product&#038;p=6567"},"modified":"2025-12-11T15:07:41","modified_gmt":"2025-12-11T15:07:41","slug":"buckangeltlubesliquid","status":"publish","type":"product","link":"https:\/\/carmogepereira.pt\/pt\/shop\/buckangeltlubesliquid\/","title":{"rendered":"Buck Angel&#8217;s T Lube Sliquid"},"content":{"rendered":"<p><b><span data-contrast=\"auto\">Caracter\u00edsticas:<\/span><\/b><span data-ccp-props=\"{&quot;201341983&quot;:0,&quot;335559739&quot;:160,&quot;335559740&quot;:259}\">\u00a0<\/span><\/p>\n<p>Concebido para homens trans ou qualquer pessoa sob afirma\u00e7\u00e3o de g\u00e9nero hormonal (testosterona).<\/p>\n<p>F\u00f3rmula \u00e0 base de \u00e1gua infundida de Alo\u00e9 e Carragenina.<\/p>\n<p>Sempre 100% sem Gl\u00faten e Vegan friendly.<\/p>\n<p>Ideal para uso di\u00e1rio ou para ocasi\u00f5es \u00edntimas.<\/p>\n<p>Concebido para um conforto natural e duradouro.<\/p>\n<p>Perfeito para o uso di\u00e1rio ou durante as rela\u00e7\u00f5es sexuais.<\/p>\n<p>Sem parabenos e sem glicerina.<\/p>\n<p>Cruelty free \/ Sem testes em animais.<\/p>\n<p>Hipoalerg\u00e9nico e n\u00e3o t\u00f3xico.<\/p>\n<p>Misturado de forma \u00fanica para imitar a lubrifica\u00e7\u00e3o natural do pr\u00f3prio corpo.<\/p>\n<p>pH equilibrado neutro.<\/p>\n<p><b><span data-contrast=\"auto\">Dimens\u00f5es do Produto:<\/span><\/b><\/p>\n<p>125ml.<\/p>\n<p><b><span data-contrast=\"auto\">Conte\u00fado:<\/span><\/b><span data-ccp-props=\"{&quot;201341983&quot;:0,&quot;335559739&quot;:160,&quot;335559740&quot;:259}\">\u00a0<\/span><\/p>\n<p>1x frasco de lubrificante com infus\u00f5es.<\/p>\n<p><b><span data-contrast=\"auto\">Ingredientes:<\/span><\/b><span data-ccp-props=\"{&quot;201341983&quot;:0,&quot;335559739&quot;:160,&quot;335559740&quot;:259}\">\u00a0<\/span><\/p>\n<p>\u00c1gua purificada, Celulose vegetal (de algod\u00e3o), Carragenina, Aloe Barbadensis (Aloe Vera), Tocofer\u00f3is naturais (Vitamina E), Cyamopsis (Amaciadores de Guar), Sorbato de Pot\u00e1ssio, \u00c1cido c\u00edtrico.<\/p>","protected":false},"excerpt":{"rendered":"<p>T-Lube \u00e9 um lubrificante e hidratante pessoal \u00e0 base de Aloe Vera e Carragenina, e \u00e9 o primeiro produto Sliquid concebido para homens trans e para qualquer pessoa sob terapia de afirma\u00e7\u00e3o de g\u00e9nero hormonal (testosterona), no entanto, duplica como lubrificante pessoal para toda a actividade \u00edntima. Criado para quem experimenta secura regular ou peri\u00f3dica devido \u00e0 terapia de reposi\u00e7\u00e3o de testosterona, ou qualquer outra raz\u00e3o, o T-Lube proporciona um conforto natural e duradouro durante todo o dia \u00e0 noite. Uma mistura pr\u00f3pria de hidratantes naturais, incluindo Carragenina, Alo\u00e9 Vera, e Vitamina E cria uma sensa\u00e7\u00e3o natural que emula a pr\u00f3pria hidrata\u00e7\u00e3o natural do corpo. O T-Lube, como todos os produtos Sliquid, n\u00e3o cont\u00e9m parabenos, DEA, ou sulfatos, e \u00e9 sempre 100% vegan friendly.<\/p>","protected":false},"featured_media":6568,"comment_status":"open","ping_status":"closed","template":"","meta":{"_acf_changed":false},"pwb-brand":[394],"product_brand":[],"product_cat":[159,135,142,157,143,555],"product_tag":[439,245,296,289,290,291,553,292],"class_list":{"0":"post-6567","1":"product","2":"type-product","3":"status-publish","4":"has-post-thumbnail","6":"pwb-brand-sliquid","7":"product_cat-gender-affirming","8":"product_cat-lubsafersex","9":"product_cat-lubs","10":"product_cat-sexual-health","11":"product_cat-water-lubs","12":"product_cat-readytoship","13":"product_tag-blended-water-lubricant","14":"product_tag-external","15":"product_tag-genital_use","16":"product_tag-internal","17":"product_tag-lubricant","18":"product_tag-moisturising","19":"product_tag-vulva-use","20":"product_tag-waterlubricant","21":"pa_color-black","22":"pa_color-blue","23":"nt-post-class","24":"","25":"masonry-item","26":"col-lg-6","34":"first","35":"outofstock","36":"taxable","37":"shipping-taxable","38":"purchasable","39":"product-type-simple","40":"add-to-wishlist-after_add_to_cart"},"acf":[],"brands":[{"id":394,"name":"Sliquid","slug":"sliquid"}],"_links":{"self":[{"href":"https:\/\/carmogepereira.pt\/pt\/wp-json\/wp\/v2\/product\/6567","targetHints":{"allow":["GET"]}}],"collection":[{"href":"https:\/\/carmogepereira.pt\/pt\/wp-json\/wp\/v2\/product"}],"about":[{"href":"https:\/\/carmogepereira.pt\/pt\/wp-json\/wp\/v2\/types\/product"}],"replies":[{"embeddable":true,"href":"https:\/\/carmogepereira.pt\/pt\/wp-json\/wp\/v2\/comments?post=6567"}],"version-history":[{"count":0,"href":"https:\/\/carmogepereira.pt\/pt\/wp-json\/wp\/v2\/product\/6567\/revisions"}],"wp:featuredmedia":[{"embeddable":true,"href":"https:\/\/carmogepereira.pt\/pt\/wp-json\/wp\/v2\/media\/6568"}],"wp:attachment":[{"href":"https:\/\/carmogepereira.pt\/pt\/wp-json\/wp\/v2\/media?parent=6567"}],"wp:term":[{"taxonomy":"pwb-brand","embeddable":true,"href":"https:\/\/carmogepereira.pt\/pt\/wp-json\/wp\/v2\/pwb-brand?post=6567"},{"taxonomy":"product_brand","embeddable":true,"href":"https:\/\/carmogepereira.pt\/pt\/wp-json\/wp\/v2\/product_brand?post=6567"},{"taxonomy":"product_cat","embeddable":true,"href":"https:\/\/carmogepereira.pt\/pt\/wp-json\/wp\/v2\/product_cat?post=6567"},{"taxonomy":"product_tag","embeddable":true,"href":"https:\/\/carmogepereira.pt\/pt\/wp-json\/wp\/v2\/product_tag?post=6567"}],"curies":[{"name":"wp","href":"https:\/\/api.w.org\/{rel}","templated":true}]}}