{"id":6569,"date":"2022-10-18T23:42:05","date_gmt":"2022-10-18T23:42:05","guid":{"rendered":"http:\/\/carmogepereira.pt\/vaiserperfeito\/?post_type=product&#038;p=6569"},"modified":"2025-12-11T15:07:41","modified_gmt":"2025-12-11T15:07:41","slug":"naturalssilversliquid","status":"publish","type":"product","link":"https:\/\/carmogepereira.pt\/pt\/shop\/naturalssilversliquid\/","title":{"rendered":"Naturals Silver Sliquid"},"content":{"rendered":"<p><b><span data-contrast=\"auto\">Caracter\u00edsticas:<\/span><\/b><span data-ccp-props=\"{&quot;201341983&quot;:0,&quot;335559739&quot;:160,&quot;335559740&quot;:259}\">\u00a0<\/span><\/p>\n<p>Mistura de silicone ultra-concentrada.<\/p>\n<p>N\u00e3o usar com brinquedos de silicone antes de testar (deixar no local do brinquedo n\u00e3o inser\u00edvel durante 24 horas e ver se reage com o material).<\/p>\n<p>Compat\u00edvel com preservativos de l\u00e1tex.<\/p>\n<p>100% Vegan.<\/p>\n<p>100% \u00c0 prova de \u00e1gua.<\/p>\n<p>Sem parabenos e sem glicerina.<\/p>\n<p>Hipoalerg\u00e9nico e n\u00e3o t\u00f3xico.<\/p>\n<p>Ideal para massagens sensuais.<\/p>\n<p>Pode manchar roupa e len\u00e7\u00f3is.<\/p>\n<p>Misturado de forma \u00fanica para imitar a lubrifica\u00e7\u00e3o natural do pr\u00f3prio corpo.<\/p>\n<p><b><span data-contrast=\"auto\">Dimens\u00f5es do Produto:<\/span><\/b><\/p>\n<p>125ml.<\/p>\n<p><b><span data-contrast=\"auto\">Conte\u00fado:<\/span><\/b><span data-ccp-props=\"{&quot;201341983&quot;:0,&quot;335559739&quot;:160,&quot;335559740&quot;:259}\">\u00a0<\/span><\/p>\n<p>1x frasco de lubrificante de silicone.<\/p>\n<p><b><span data-contrast=\"auto\">Ingredientes:<\/span><\/b><span data-ccp-props=\"{&quot;201341983&quot;:0,&quot;335559739&quot;:160,&quot;335559740&quot;:259}\">\u00a0<\/span><\/p>\n<p>Ciclopentasiloxano, Dimeticone, Dimeticonol.<\/p>","protected":false},"excerpt":{"rendered":"<p>Lubrificante de silicone premium.<\/p>\n<p>Sliquid Naturals Silver \u00e9 um lubrificante pessoal de silicone de qualidade farmac\u00eautica, tendo a formula\u00e7\u00e3o Sliquid's Premium. Silver \u00e9 super duradouro e 100% \u00e0 prova de \u00e1gua, e \u00e9 a escolha perfeita para quem precisa de um lubrificante para durar. Feito de uma mistura ultra concentrada de silicones de qualidade farmac\u00eautica, Sliquid Naturals Silver durar\u00e1 horas com apenas algumas gotas, e \u00e9 f\u00e1cil de limpar com \u00e1gua e sab\u00e3o simples (excepto em alguns len\u00e7\u00f3is e roupa!).<\/p>","protected":false},"featured_media":6570,"comment_status":"open","ping_status":"closed","template":"","meta":{"_acf_changed":false},"pwb-brand":[394],"product_brand":[],"product_cat":[135,142,133,129,144],"product_tag":[260,245,296,289,290,539,553],"class_list":{"0":"post-6569","1":"product","2":"type-product","3":"status-publish","4":"has-post-thumbnail","6":"pwb-brand-sliquid","7":"product_cat-lubsafersex","8":"product_cat-lubs","9":"product_cat-massageoilscreams","10":"product_cat-sex-cosmetics","11":"product_cat-silicone-oil-lubricants","12":"product_tag-analuse","13":"product_tag-external","14":"product_tag-genital_use","15":"product_tag-internal","16":"product_tag-lubricant","17":"product_tag-silicone-lubricant","18":"product_tag-vulva-use","19":"pa_color-black","20":"nt-post-class","21":"","22":"masonry-item","23":"col-lg-6","31":"first","32":"outofstock","33":"taxable","34":"shipping-taxable","35":"purchasable","36":"product-type-simple","37":"add-to-wishlist-after_add_to_cart"},"acf":[],"brands":[{"id":394,"name":"Sliquid","slug":"sliquid"}],"_links":{"self":[{"href":"https:\/\/carmogepereira.pt\/pt\/wp-json\/wp\/v2\/product\/6569","targetHints":{"allow":["GET"]}}],"collection":[{"href":"https:\/\/carmogepereira.pt\/pt\/wp-json\/wp\/v2\/product"}],"about":[{"href":"https:\/\/carmogepereira.pt\/pt\/wp-json\/wp\/v2\/types\/product"}],"replies":[{"embeddable":true,"href":"https:\/\/carmogepereira.pt\/pt\/wp-json\/wp\/v2\/comments?post=6569"}],"version-history":[{"count":0,"href":"https:\/\/carmogepereira.pt\/pt\/wp-json\/wp\/v2\/product\/6569\/revisions"}],"wp:featuredmedia":[{"embeddable":true,"href":"https:\/\/carmogepereira.pt\/pt\/wp-json\/wp\/v2\/media\/6570"}],"wp:attachment":[{"href":"https:\/\/carmogepereira.pt\/pt\/wp-json\/wp\/v2\/media?parent=6569"}],"wp:term":[{"taxonomy":"pwb-brand","embeddable":true,"href":"https:\/\/carmogepereira.pt\/pt\/wp-json\/wp\/v2\/pwb-brand?post=6569"},{"taxonomy":"product_brand","embeddable":true,"href":"https:\/\/carmogepereira.pt\/pt\/wp-json\/wp\/v2\/product_brand?post=6569"},{"taxonomy":"product_cat","embeddable":true,"href":"https:\/\/carmogepereira.pt\/pt\/wp-json\/wp\/v2\/product_cat?post=6569"},{"taxonomy":"product_tag","embeddable":true,"href":"https:\/\/carmogepereira.pt\/pt\/wp-json\/wp\/v2\/product_tag?post=6569"}],"curies":[{"name":"wp","href":"https:\/\/api.w.org\/{rel}","templated":true}]}}