{"id":6578,"date":"2022-10-19T00:23:56","date_gmt":"2022-10-19T00:23:56","guid":{"rendered":"http:\/\/carmogepereira.pt\/vaiserperfeito\/?post_type=product&#038;p=6578"},"modified":"2024-03-01T14:23:06","modified_gmt":"2024-03-01T14:23:06","slug":"slowsexfullbodymassagebi","status":"publish","type":"product","link":"https:\/\/carmogepereira.pt\/pt\/shop\/slowsexfullbodymassagebi\/","title":{"rendered":"Slow Sex Full Body Massage Bijoux Indiscrets"},"content":{"rendered":"<p><b><span data-contrast=\"auto\">Caracter\u00edsticas:<\/span><\/b><span data-ccp-props=\"{&quot;201341983&quot;:0,&quot;335559739&quot;:160,&quot;335559740&quot;:259}\">\u00a0<\/span><\/p>\n<p>Compat\u00edvel com preservativos de l\u00e1tex e brinquedos sexuais (com brinquedos de silicone deixam no local do brinquedo n\u00e3o inser\u00edvel durante 24 horas e ver se reage com o material).<\/p>\n<p>Aroma de coco.<\/p>\n<p>Perfeito para massagens corpo-a-corpo e massagens \u00edntimas: compat\u00edvel com os \u00f3rg\u00e3os genitais.<\/p>\n<p>Massaja at\u00e9 n\u00e3o dar mais! Efeito deslizante de longa dura\u00e7\u00e3o.<\/p>\n<p>Compat\u00edvel com o seu brinquedo de suc\u00e7\u00e3o clitoral.<\/p>\n<p>Adiciona a \"Finger Play\" ou \"Anal Play\" para prolongar o efeito de deslizamento destes g\u00e9is \u00e0 base de \u00e1gua.<\/p>\n<p><b><span data-contrast=\"auto\">Dimens\u00f5es do Produto:<\/span><\/b><\/p>\n<p>50ml.<\/p>\n<p><b><span data-contrast=\"auto\">Conte\u00fado:<\/span><\/b><span data-ccp-props=\"{&quot;201341983&quot;:0,&quot;335559739&quot;:160,&quot;335559740&quot;:259}\">\u00a0<\/span><\/p>\n<p>1x frasco de lubrificante de silicone \/ gel de massagem.<\/p>\n<p><b><span data-contrast=\"auto\">Ingredientes:<\/span><\/b><span data-ccp-props=\"{&quot;201341983&quot;:0,&quot;335559739&quot;:160,&quot;335559740&quot;:259}\">\u00a0<\/span><\/p>\n<p>Propanodiol, \u00c1gua, Aroma, Hidroxietilcelulose, Benzoato de S\u00f3dio, Sorbato de Pot\u00e1ssio, Guar, Cloreto de Hidroxipropiltrim\u00f3nio, Edta Diss\u00f3dico, Sacarina S\u00f3dica.<\/p>","protected":false},"excerpt":{"rendered":"<p>Tocar, acariciar e deslizar sobre todo o corpo. S\u00ea criativo e usa mais do que apenas as m\u00e3os na tua pr\u00f3xima massagem er\u00f3tica. Este gel de silicone deixa a pele sedosa e suave, perfeito para a divers\u00e3o corpo-a-corpo. Use o peito ou gl\u00fateos para deslizar sobre uma pessoa parceira e... nada de timidez quando chegar \u00e0 \u00e1rea \u00edntima! \u00c9 100% compat\u00edvel com os genitais. Pssstttt, deixa um rasto tropical com um delicioso aroma a coco.<\/p>\n<p>Como usar?<br \/>\nAplica na pele ou na tua m\u00e3o e esfrega. Tamb\u00e9m pode ser aplicado nos genitais. E n\u00e3o te preocupes se puseres algum dentro da vagina, p\u00e9nis ou \u00e2nus, \u00e9 100% compat\u00edvel com as zonas \u00edntimas!<\/p>\n<p>Dicas?<br \/>\nUse-o durante todo o ano! O aroma do coco \u00e9 perfeito para qualquer altura do ano e para todos os encontros sexuais. Adiciona um pouco de \"Full Body Massage\" depois de aplica \"Finger Play\" ou \"Anal Play\" para prolongar o efeito de deslizamento destes g\u00e9is \u00e0 base de \u00e1gua.<\/p>","protected":false},"featured_media":6583,"comment_status":"open","ping_status":"closed","template":"","meta":{"_acf_changed":false},"pwb-brand":[340],"product_brand":[],"product_cat":[135,142,133,129,144],"product_tag":[260,401,245,296,289,290,270,539,407,553],"class_list":{"0":"post-6578","1":"product","2":"type-product","3":"status-publish","4":"has-post-thumbnail","6":"pwb-brand-bijouxindiscrets","7":"product_cat-lubsafersex","8":"product_cat-lubs","9":"product_cat-massageoilscreams","10":"product_cat-sex-cosmetics","11":"product_cat-silicone-oil-lubricants","12":"product_tag-analuse","13":"product_tag-body-care","14":"product_tag-external","15":"product_tag-genital_use","16":"product_tag-internal","17":"product_tag-lubricant","18":"product_tag-massage_goody","19":"product_tag-silicone-lubricant","20":"product_tag-slow-sex","21":"product_tag-vulva-use","22":"pa_color-white","23":"nt-post-class","24":"","25":"masonry-item","26":"col-lg-6","34":"first","35":"instock","36":"taxable","37":"shipping-taxable","38":"purchasable","39":"product-type-simple","40":"add-to-wishlist-after_add_to_cart"},"acf":[],"brands":[{"id":340,"name":"Bijoux Indiscrets","slug":"bijouxindiscrets"}],"_links":{"self":[{"href":"https:\/\/carmogepereira.pt\/pt\/wp-json\/wp\/v2\/product\/6578","targetHints":{"allow":["GET"]}}],"collection":[{"href":"https:\/\/carmogepereira.pt\/pt\/wp-json\/wp\/v2\/product"}],"about":[{"href":"https:\/\/carmogepereira.pt\/pt\/wp-json\/wp\/v2\/types\/product"}],"replies":[{"embeddable":true,"href":"https:\/\/carmogepereira.pt\/pt\/wp-json\/wp\/v2\/comments?post=6578"}],"version-history":[{"count":0,"href":"https:\/\/carmogepereira.pt\/pt\/wp-json\/wp\/v2\/product\/6578\/revisions"}],"wp:featuredmedia":[{"embeddable":true,"href":"https:\/\/carmogepereira.pt\/pt\/wp-json\/wp\/v2\/media\/6583"}],"wp:attachment":[{"href":"https:\/\/carmogepereira.pt\/pt\/wp-json\/wp\/v2\/media?parent=6578"}],"wp:term":[{"taxonomy":"pwb-brand","embeddable":true,"href":"https:\/\/carmogepereira.pt\/pt\/wp-json\/wp\/v2\/pwb-brand?post=6578"},{"taxonomy":"product_brand","embeddable":true,"href":"https:\/\/carmogepereira.pt\/pt\/wp-json\/wp\/v2\/product_brand?post=6578"},{"taxonomy":"product_cat","embeddable":true,"href":"https:\/\/carmogepereira.pt\/pt\/wp-json\/wp\/v2\/product_cat?post=6578"},{"taxonomy":"product_tag","embeddable":true,"href":"https:\/\/carmogepereira.pt\/pt\/wp-json\/wp\/v2\/product_tag?post=6578"}],"curies":[{"name":"wp","href":"https:\/\/api.w.org\/{rel}","templated":true}]}}