{"id":6804,"date":"2022-10-20T21:34:48","date_gmt":"2022-10-20T21:34:48","guid":{"rendered":"http:\/\/carmogepereira.pt\/vaiserperfeito\/?post_type=product&#038;p=6804"},"modified":"2024-03-01T14:22:53","modified_gmt":"2024-03-01T14:22:53","slug":"keonpillowstrapkr","status":"publish","type":"product","link":"https:\/\/carmogepereira.pt\/pt\/shop\/keonpillowstrapkr\/","title":{"rendered":"Keon Multifunctional Pillow &#038; Strap Kiiroo"},"content":{"rendered":"<p><b><span data-contrast=\"auto\">Caracter\u00edsticas:<\/span><\/b><span data-ccp-props=\"{&quot;201341983&quot;:0,&quot;335559739&quot;:160,&quot;335559740&quot;:259}\">\u00a0<\/span><\/p>\n<p>M\u00e9todo de apoio ao masturbador Keon.<\/p>\n<p>Formado por uma almofada e uma al\u00e7a que segura o masturbador.<\/p>\n<p>Mant\u00e9m-se firmemente num bom \u00e2ngulo.<\/p>\n<p>Liberta as m\u00e3os durante a utiliza\u00e7\u00e3o.<\/p>\n<p>Almofada com acabamento aveludado.<\/p>\n<p>Oferece a possibilidade de uma multiplicidade de posi\u00e7\u00f5es.<\/p>\n<p>Multifuncional.<\/p>\n<p>Adequado tamb\u00e9m para utiliza\u00e7\u00e3o como almofada para posi\u00e7\u00f5es sexuais em sexo em parceria.<\/p>\n<p><b><span data-contrast=\"auto\">Dimens\u00f5es do Produto:<\/span><\/b><\/p>\n<p>33cm x 40cm x 13cm.<\/p>\n<p><b><span data-contrast=\"auto\">Conte\u00fado:<\/span><\/b><span data-ccp-props=\"{&quot;201341983&quot;:0,&quot;335559739&quot;:160,&quot;335559740&quot;:259}\">\u00a0<\/span><\/p>\n<p>1x almofada multifuncional com al\u00e7a para keon kiiro.<\/p>\n<p><b><span data-contrast=\"auto\">Materiais:<\/span><\/b><\/p>\n<p>Espuma de PU, Borracha e Velcro, Cobertura de efeito aveludado.<\/p>\n<p>*Masturbador Keon n\u00e3o inclu\u00eddo.<\/p>","protected":false},"excerpt":{"rendered":"<p>Obtem o \u00e2ngulo certo. Esta almofada multifuncional foi concebida para trabalhar com o teu KEON masturbador autom\u00e1tico, para melhorar as tuas sess\u00f5es de masturba\u00e7\u00e3o a solo em qualquer posi\u00e7\u00e3o.<\/p>\n<p>R\u00e1pido e simples de fixar e utilizar, esta Almofada Multifuncional tamb\u00e9m pode ser utilizada como almofada de sexo aut\u00f3noma para levar as suas sess\u00f5es em parceria para o n\u00edvel seguinte.<\/p>","protected":false},"featured_media":6806,"comment_status":"open","ping_status":"closed","template":"","meta":{"_acf_changed":false},"pwb-brand":[411],"product_brand":[],"product_cat":[253],"product_tag":[208,412,265,417,388],"class_list":{"0":"post-6804","1":"product","2":"type-product","3":"status-publish","4":"has-post-thumbnail","6":"pwb-brand-kiiroo","7":"product_cat-furniture-and-sex-swings","8":"product_tag-functional-diversity","9":"product_tag-keon","10":"product_tag-mobility-aid","11":"product_tag-pillow","12":"product_tag-strap","13":"pa_color-black","14":"nt-post-class","15":"","16":"masonry-item","17":"col-lg-6","25":"first","26":"instock","27":"taxable","28":"shipping-taxable","29":"purchasable","30":"product-type-simple","31":"add-to-wishlist-after_add_to_cart"},"acf":[],"brands":[{"id":411,"name":"Kiiroo","slug":"kiiroo"}],"_links":{"self":[{"href":"https:\/\/carmogepereira.pt\/pt\/wp-json\/wp\/v2\/product\/6804","targetHints":{"allow":["GET"]}}],"collection":[{"href":"https:\/\/carmogepereira.pt\/pt\/wp-json\/wp\/v2\/product"}],"about":[{"href":"https:\/\/carmogepereira.pt\/pt\/wp-json\/wp\/v2\/types\/product"}],"replies":[{"embeddable":true,"href":"https:\/\/carmogepereira.pt\/pt\/wp-json\/wp\/v2\/comments?post=6804"}],"version-history":[{"count":0,"href":"https:\/\/carmogepereira.pt\/pt\/wp-json\/wp\/v2\/product\/6804\/revisions"}],"wp:featuredmedia":[{"embeddable":true,"href":"https:\/\/carmogepereira.pt\/pt\/wp-json\/wp\/v2\/media\/6806"}],"wp:attachment":[{"href":"https:\/\/carmogepereira.pt\/pt\/wp-json\/wp\/v2\/media?parent=6804"}],"wp:term":[{"taxonomy":"pwb-brand","embeddable":true,"href":"https:\/\/carmogepereira.pt\/pt\/wp-json\/wp\/v2\/pwb-brand?post=6804"},{"taxonomy":"product_brand","embeddable":true,"href":"https:\/\/carmogepereira.pt\/pt\/wp-json\/wp\/v2\/product_brand?post=6804"},{"taxonomy":"product_cat","embeddable":true,"href":"https:\/\/carmogepereira.pt\/pt\/wp-json\/wp\/v2\/product_cat?post=6804"},{"taxonomy":"product_tag","embeddable":true,"href":"https:\/\/carmogepereira.pt\/pt\/wp-json\/wp\/v2\/product_tag?post=6804"}],"curies":[{"name":"wp","href":"https:\/\/api.w.org\/{rel}","templated":true}]}}