{"id":6811,"date":"2022-10-20T21:55:47","date_gmt":"2022-10-20T21:55:47","guid":{"rendered":"http:\/\/carmogepereira.pt\/vaiserperfeito\/?post_type=product&#038;p=6811"},"modified":"2024-03-01T14:22:52","modified_gmt":"2024-03-01T14:22:52","slug":"keontableclampkr","status":"publish","type":"product","link":"https:\/\/carmogepereira.pt\/pt\/shop\/keontableclampkr\/","title":{"rendered":"Keon Table Clamp Kiiroo"},"content":{"rendered":"<p><b><span data-contrast=\"auto\">Caracter\u00edsticas:<\/span><\/b><span data-ccp-props=\"{&quot;201341983&quot;:0,&quot;335559739&quot;:160,&quot;335559740&quot;:259}\">\u00a0<\/span><\/p>\n<p>M\u00e9todo de apoio \u00e0 mesa.<\/p>\n<p>Tamb\u00e9m se adapta a qualquer superf\u00edcie plana, r\u00edgida e firme.<\/p>\n<p>M\u00e3os livres por outras brincadeiras.<\/p>\n<p>Ader\u00eancia firme e precisa.<\/p>\n<p>Adapt\u00e1vel a uma multiplicidade de \u00e2ngulos.<\/p>\n<p>Vive a experi\u00eancia em v\u00e1rias posi\u00e7\u00f5es.<\/p>\n<p><b><span data-contrast=\"auto\">Dimens\u00f5es do Produto:<\/span><\/b><\/p>\n<p>18cm x 11cm x 5cm.<\/p>\n<p><b><span data-contrast=\"auto\">Conte\u00fado:<\/span><\/b><span data-ccp-props=\"{&quot;201341983&quot;:0,&quot;335559739&quot;:160,&quot;335559740&quot;:259}\">\u00a0<\/span><\/p>\n<p>1x pin\u00e7a de mesa para o Keon Kiiroo<\/p>\n<p><b><span data-contrast=\"auto\">Materiais:<\/span><\/b><\/p>\n<p>A\u00e7o Inoxid\u00e1vel e pl\u00e1stico ABS.<\/p>\n<p>*Masturbador Keon n\u00e3o inclu\u00eddo.<\/p>","protected":false},"excerpt":{"rendered":"<p>Obtem o \u00e2ngulo certo. Esta pin\u00e7a de mesa foi concebida para funcionar com o Keon Automatic Masturbator, permitindo que te posiciones da maneira que te sentires mais confort\u00e1vel. R\u00e1pido e simples de fixar a qualquer superf\u00edcie dura.<\/p>","protected":false},"featured_media":6812,"comment_status":"open","ping_status":"closed","template":"","meta":{"_acf_changed":false},"pwb-brand":[411],"product_brand":[],"product_cat":[253],"product_tag":[208,412,265,388],"class_list":{"0":"post-6811","1":"product","2":"type-product","3":"status-publish","4":"has-post-thumbnail","6":"pwb-brand-kiiroo","7":"product_cat-furniture-and-sex-swings","8":"product_tag-functional-diversity","9":"product_tag-keon","10":"product_tag-mobility-aid","11":"product_tag-strap","12":"pa_color-black","13":"nt-post-class","14":"","15":"masonry-item","16":"col-lg-6","24":"first","25":"instock","26":"taxable","27":"shipping-taxable","28":"purchasable","29":"product-type-simple","30":"add-to-wishlist-after_add_to_cart"},"acf":[],"brands":[{"id":411,"name":"Kiiroo","slug":"kiiroo"}],"_links":{"self":[{"href":"https:\/\/carmogepereira.pt\/pt\/wp-json\/wp\/v2\/product\/6811","targetHints":{"allow":["GET"]}}],"collection":[{"href":"https:\/\/carmogepereira.pt\/pt\/wp-json\/wp\/v2\/product"}],"about":[{"href":"https:\/\/carmogepereira.pt\/pt\/wp-json\/wp\/v2\/types\/product"}],"replies":[{"embeddable":true,"href":"https:\/\/carmogepereira.pt\/pt\/wp-json\/wp\/v2\/comments?post=6811"}],"version-history":[{"count":0,"href":"https:\/\/carmogepereira.pt\/pt\/wp-json\/wp\/v2\/product\/6811\/revisions"}],"wp:featuredmedia":[{"embeddable":true,"href":"https:\/\/carmogepereira.pt\/pt\/wp-json\/wp\/v2\/media\/6812"}],"wp:attachment":[{"href":"https:\/\/carmogepereira.pt\/pt\/wp-json\/wp\/v2\/media?parent=6811"}],"wp:term":[{"taxonomy":"pwb-brand","embeddable":true,"href":"https:\/\/carmogepereira.pt\/pt\/wp-json\/wp\/v2\/pwb-brand?post=6811"},{"taxonomy":"product_brand","embeddable":true,"href":"https:\/\/carmogepereira.pt\/pt\/wp-json\/wp\/v2\/product_brand?post=6811"},{"taxonomy":"product_cat","embeddable":true,"href":"https:\/\/carmogepereira.pt\/pt\/wp-json\/wp\/v2\/product_cat?post=6811"},{"taxonomy":"product_tag","embeddable":true,"href":"https:\/\/carmogepereira.pt\/pt\/wp-json\/wp\/v2\/product_tag?post=6811"}],"curies":[{"name":"wp","href":"https:\/\/api.w.org\/{rel}","templated":true}]}}