{"id":6818,"date":"2022-10-20T22:20:22","date_gmt":"2022-10-20T22:20:22","guid":{"rendered":"http:\/\/carmogepereira.pt\/vaiserperfeito\/?post_type=product&#038;p=6818"},"modified":"2024-03-01T14:22:51","modified_gmt":"2024-03-01T14:22:51","slug":"keonphoneholderkr","status":"publish","type":"product","link":"https:\/\/carmogepereira.pt\/pt\/shop\/keonphoneholderkr\/","title":{"rendered":"Keon Phone Holder Kiiroo"},"content":{"rendered":"<p><b><span data-contrast=\"auto\">Caracter\u00edsticas:<\/span><\/b><span data-ccp-props=\"{&quot;201341983&quot;:0,&quot;335559739&quot;:160,&quot;335559740&quot;:259}\">\u00a0<\/span><\/p>\n<p>Suporte para o telem\u00f3vel.<\/p>\n<p>Combin\u00e1vel com o masturbador Keon.<\/p>\n<p>Permite desfrutar da experi\u00eancia enquanto assistes a conte\u00fados no teu telefone.<\/p>\n<p>Confort\u00e1vel e r\u00e1pido de fixar.<\/p>\n<p>Correia de borracha que abra\u00e7a o masturbador.<\/p>\n<p>Al\u00e7a com fecho de velcro.<\/p>\n<p><b><span data-contrast=\"auto\">Dimens\u00f5es do Produto:<\/span><\/b><\/p>\n<p>12.5cm x 10cm x 3.5cm.<\/p>\n<p><b><span data-contrast=\"auto\">Conte\u00fado:<\/span><\/b><span data-ccp-props=\"{&quot;201341983&quot;:0,&quot;335559739&quot;:160,&quot;335559740&quot;:259}\">\u00a0<\/span><\/p>\n<p>1x suporte de telem\u00f3vel para keon kiiro.<\/p>\n<p><b><span data-contrast=\"auto\">Materiais:<\/span><\/b><\/p>\n<p>ABS Moldado por Injec\u00e7\u00e3o, Borracha, Correia de Velcro.<\/p>\n<p>*Masturbador Keon n\u00e3o inclu\u00eddo.<\/p>","protected":false},"excerpt":{"rendered":"<p>Liberta as m\u00e3os. Este suporte para telem\u00f3vel foi concebido para funcionar com o teu Keon Masturbador Autom\u00e1tico, permitindo-te desfrutar da tua experi\u00eancia enquanto observas o conte\u00fado do teu telem\u00f3vel. R\u00e1pido e simples de acoplar, e compat\u00edvel com a maioria dos modelos de telefone.<\/p>","protected":false},"featured_media":6822,"comment_status":"open","ping_status":"closed","template":"","meta":{"_acf_changed":false},"pwb-brand":[411],"product_brand":[],"product_cat":[253],"product_tag":[208,412,265,388],"class_list":{"0":"post-6818","1":"product","2":"type-product","3":"status-publish","4":"has-post-thumbnail","6":"pwb-brand-kiiroo","7":"product_cat-furniture-and-sex-swings","8":"product_tag-functional-diversity","9":"product_tag-keon","10":"product_tag-mobility-aid","11":"product_tag-strap","12":"pa_color-black","13":"nt-post-class","14":"","15":"masonry-item","16":"col-lg-6","24":"first","25":"instock","26":"taxable","27":"shipping-taxable","28":"purchasable","29":"product-type-simple","30":"add-to-wishlist-after_add_to_cart"},"acf":[],"brands":[{"id":411,"name":"Kiiroo","slug":"kiiroo"}],"_links":{"self":[{"href":"https:\/\/carmogepereira.pt\/pt\/wp-json\/wp\/v2\/product\/6818","targetHints":{"allow":["GET"]}}],"collection":[{"href":"https:\/\/carmogepereira.pt\/pt\/wp-json\/wp\/v2\/product"}],"about":[{"href":"https:\/\/carmogepereira.pt\/pt\/wp-json\/wp\/v2\/types\/product"}],"replies":[{"embeddable":true,"href":"https:\/\/carmogepereira.pt\/pt\/wp-json\/wp\/v2\/comments?post=6818"}],"version-history":[{"count":0,"href":"https:\/\/carmogepereira.pt\/pt\/wp-json\/wp\/v2\/product\/6818\/revisions"}],"wp:featuredmedia":[{"embeddable":true,"href":"https:\/\/carmogepereira.pt\/pt\/wp-json\/wp\/v2\/media\/6822"}],"wp:attachment":[{"href":"https:\/\/carmogepereira.pt\/pt\/wp-json\/wp\/v2\/media?parent=6818"}],"wp:term":[{"taxonomy":"pwb-brand","embeddable":true,"href":"https:\/\/carmogepereira.pt\/pt\/wp-json\/wp\/v2\/pwb-brand?post=6818"},{"taxonomy":"product_brand","embeddable":true,"href":"https:\/\/carmogepereira.pt\/pt\/wp-json\/wp\/v2\/product_brand?post=6818"},{"taxonomy":"product_cat","embeddable":true,"href":"https:\/\/carmogepereira.pt\/pt\/wp-json\/wp\/v2\/product_cat?post=6818"},{"taxonomy":"product_tag","embeddable":true,"href":"https:\/\/carmogepereira.pt\/pt\/wp-json\/wp\/v2\/product_tag?post=6818"}],"curies":[{"name":"wp","href":"https:\/\/api.w.org\/{rel}","templated":true}]}}