{"id":6835,"date":"2022-10-21T00:46:03","date_gmt":"2022-10-21T00:46:03","guid":{"rendered":"http:\/\/carmogepereira.pt\/vaiserperfeito\/?post_type=product&#038;p=6835"},"modified":"2025-12-11T15:07:10","modified_gmt":"2025-12-11T15:07:10","slug":"nitrilecockring3packsm","status":"publish","type":"product","link":"https:\/\/carmogepereira.pt\/pt\/shop\/nitrilecockring3packsm\/","title":{"rendered":"Nitrile Cock Ring 3 Pack S&#038;M"},"content":{"rendered":"<p><b><span data-contrast=\"auto\">Caracter\u00edsticas:<\/span><\/b><span data-ccp-props=\"{&quot;201341983&quot;:0,&quot;335559739&quot;:160,&quot;335559740&quot;:259}\">\u00a0<\/span><\/p>\n<p>Embalagem de 3, diferentes tamanhos.<\/p>\n<p>Prolonga a dura\u00e7\u00e3o das erec\u00e7\u00f5es.<\/p>\n<p>Material extens\u00edvel, por\u00e9m firme.<\/p>\n<p>Utiliz\u00e1vel \u00e0 volta da base do p\u00e9nis ou atr\u00e1s dos test\u00edculos.<\/p>\n<p>Tamb\u00e9m pode ser utilizado para fixar um dildo num arn\u00eas strap-on.<\/p>\n<p>Material seguro.<\/p>\n<p>Por com o p\u00e9nis fl\u00e1cido.<\/p>\n<p>Usa um tamanho apropriado.<\/p>\n<p>N\u00e3o usar mais do que 15\/30 minutos.<\/p>\n<p><b><span data-contrast=\"auto\">Dimens\u00f5es do Produto:<\/span><\/b><\/p>\n<p>Di\u00e2metros 4cm, 4.5cm e 5cm.<\/p>\n<p><b><span data-contrast=\"auto\">Conte\u00fado:<\/span><\/b><span data-ccp-props=\"{&quot;201341983&quot;:0,&quot;335559739&quot;:160,&quot;335559740&quot;:259}\">\u00a0<\/span><\/p>\n<p>3x an\u00e9is.<\/p>\n<p><b><span data-contrast=\"auto\">Materiais:<\/span><\/b><\/p>\n<p><span data-ccp-props=\"{&quot;201341983&quot;:0,&quot;335559739&quot;:160,&quot;335559740&quot;:259}\">Nitrilo (NBR) de borracha (sem l\u00e1tex).\u00a0<\/span><\/p>","protected":false},"excerpt":{"rendered":"<p>Conjunto de 3 an\u00e9is de nitrilo. Tamanhos variados garantem que um \u00e9 o mais adequado para ti. Fabricado em borracha sem l\u00e1tex.<\/p>\n<p>3 an\u00e9is inclu\u00eddos:\u00a04 cm,\u00a04.5cm,\u00a05cm.<\/p>","protected":false},"featured_media":6838,"comment_status":"open","ping_status":"closed","template":"","meta":{"_acf_changed":false},"pwb-brand":[348,347],"product_brand":[],"product_cat":[113,147,491,155,150,149,114],"product_tag":[245,296,276,543,209,211,329],"class_list":{"0":"post-6835","1":"product","2":"type-product","3":"status-publish","4":"has-post-thumbnail","6":"pwb-brand-sexmischief","7":"pwb-brand-sportsheets","8":"product_cat-accessorieskink","9":"product_cat-penismasturbatorsrings","10":"product_cat-packs","11":"product_cat-packs-promos","12":"product_cat-plain","13":"product_cat-rings","14":"product_cat-straponharness","15":"product_tag-external","16":"product_tag-genital_use","17":"product_tag-penis_use","18":"product_tag-plain-penis-ring","19":"product_tag-strap-on","20":"product_tag-straponharness","21":"product_tag-waterproof","22":"pa_color-black","23":"nt-post-class","24":"","25":"masonry-item","26":"col-lg-6","34":"first","35":"outofstock","36":"taxable","37":"shipping-taxable","38":"purchasable","39":"product-type-simple","40":"add-to-wishlist-after_add_to_cart"},"acf":[],"brands":[{"id":348,"name":"Sex &amp; Mischief","slug":"sexmischief"},{"id":347,"name":"Sportsheets","slug":"sportsheets"}],"_links":{"self":[{"href":"https:\/\/carmogepereira.pt\/pt\/wp-json\/wp\/v2\/product\/6835","targetHints":{"allow":["GET"]}}],"collection":[{"href":"https:\/\/carmogepereira.pt\/pt\/wp-json\/wp\/v2\/product"}],"about":[{"href":"https:\/\/carmogepereira.pt\/pt\/wp-json\/wp\/v2\/types\/product"}],"replies":[{"embeddable":true,"href":"https:\/\/carmogepereira.pt\/pt\/wp-json\/wp\/v2\/comments?post=6835"}],"version-history":[{"count":0,"href":"https:\/\/carmogepereira.pt\/pt\/wp-json\/wp\/v2\/product\/6835\/revisions"}],"wp:featuredmedia":[{"embeddable":true,"href":"https:\/\/carmogepereira.pt\/pt\/wp-json\/wp\/v2\/media\/6838"}],"wp:attachment":[{"href":"https:\/\/carmogepereira.pt\/pt\/wp-json\/wp\/v2\/media?parent=6835"}],"wp:term":[{"taxonomy":"pwb-brand","embeddable":true,"href":"https:\/\/carmogepereira.pt\/pt\/wp-json\/wp\/v2\/pwb-brand?post=6835"},{"taxonomy":"product_brand","embeddable":true,"href":"https:\/\/carmogepereira.pt\/pt\/wp-json\/wp\/v2\/product_brand?post=6835"},{"taxonomy":"product_cat","embeddable":true,"href":"https:\/\/carmogepereira.pt\/pt\/wp-json\/wp\/v2\/product_cat?post=6835"},{"taxonomy":"product_tag","embeddable":true,"href":"https:\/\/carmogepereira.pt\/pt\/wp-json\/wp\/v2\/product_tag?post=6835"}],"curies":[{"name":"wp","href":"https:\/\/api.w.org\/{rel}","templated":true}]}}