{"id":6839,"date":"2022-10-21T00:57:19","date_gmt":"2022-10-21T00:57:19","guid":{"rendered":"http:\/\/carmogepereira.pt\/vaiserperfeito\/?post_type=product&#038;p=6839"},"modified":"2024-03-01T14:24:23","modified_gmt":"2024-03-01T14:24:23","slug":"siliconecringtriojj","status":"publish","type":"product","link":"https:\/\/carmogepereira.pt\/pt\/shop\/siliconecringtriojj\/","title":{"rendered":"Silicone C-Ring Trio Je Joue"},"content":{"rendered":"<p><b><span data-contrast=\"auto\">Caracter\u00edsticas:<\/span><\/b><span data-ccp-props=\"{&quot;201341983&quot;:0,&quot;335559739&quot;:160,&quot;335559740&quot;:259}\">\u00a0<\/span><\/p>\n<p>Pack of 3, different resistance.<\/p>\n<p>Prolonga a dura\u00e7\u00e3o das erec\u00e7\u00f5es.<\/p>\n<p>Affordable solution for first time users helping overcome difficulties with ED.<\/p>\n<p>Ideal size for beginners through to advanced users.<\/p>\n<p>Caters to all sizes.<\/p>\n<p>Soft flexible silicone for comfort.<\/p>\n<p>Utiliz\u00e1vel \u00e0 volta da base do p\u00e9nis ou atr\u00e1s dos test\u00edculos.<\/p>\n<p>Por com o p\u00e9nis fl\u00e1cido.<\/p>\n<p>Usa um tamanho apropriado.<\/p>\n<p>Do not use more than 15\/ 30 minutes.<\/p>\n<p><b><span data-contrast=\"auto\">Dimens\u00f5es do Produto:<\/span><\/b><\/p>\n<p>Diameter 3.18cm unstretched (all rings)<\/p>\n<p>C-ring Black max diameter 20.32cm<\/p>\n<p>C-ring Green max diameter 12.7cm<\/p>\n<p>C-ring Blue max diameter 7.62cm.<\/p>\n<p><b><span data-contrast=\"auto\">Conte\u00fado:<\/span><\/b><span data-ccp-props=\"{&quot;201341983&quot;:0,&quot;335559739&quot;:160,&quot;335559740&quot;:259}\">\u00a0<\/span><\/p>\n<p>3x an\u00e9is.<\/p>\n<p><b><span data-contrast=\"auto\">Materiais:<\/span><\/b><\/p>\n<p><span data-ccp-props=\"{&quot;201341983&quot;:0,&quot;335559739&quot;:160,&quot;335559740&quot;:259}\">Silicone.<\/span><\/p>","protected":false},"excerpt":{"rendered":"<p>These 3 luxury silicone cock rings from Je Joue get progressively tighter, allowing to experiment with different sensations and combinations. The perfect set for anyone looking to work their way up to the most intense and prolonged orgasm possible.\u00a0This super-soft silicone feels great next to the skin, while the unique non-slip design keeps the ring in place throughout use. The level of stretch is less about the size of your penis, and more about the level of intensity you&#8217;re looking for.<\/p>\n<p>Easy to put on, and stretchy enough to be put on at any time &#8211; even after you already have an erection.<\/p>","protected":false},"featured_media":6840,"comment_status":"open","ping_status":"closed","template":"","meta":{"_acf_changed":false},"pwb-brand":[344],"product_brand":[],"product_cat":[147,162,491,155,150,149,157],"product_tag":[245,296,276,543,421,329],"class_list":{"0":"post-6839","1":"product","2":"type-product","3":"status-publish","4":"has-post-thumbnail","6":"pwb-brand-miscellaneous","7":"product_cat-penismasturbatorsrings","8":"product_cat-others","9":"product_cat-packs","10":"product_cat-packs-promos","11":"product_cat-plain","12":"product_cat-rings","13":"product_cat-sexual-health","14":"product_tag-external","15":"product_tag-genital_use","16":"product_tag-penis_use","17":"product_tag-plain-penis-ring","18":"product_tag-vibrating-ring","19":"product_tag-waterproof","20":"nt-post-class","21":"","22":"masonry-item","23":"col-lg-6","31":"first","32":"instock","33":"taxable","34":"shipping-taxable","35":"purchasable","36":"product-type-simple","37":"add-to-wishlist-after_add_to_cart"},"acf":[],"brands":[{"id":344,"name":"Variadas","slug":"miscellaneous"}],"_links":{"self":[{"href":"https:\/\/carmogepereira.pt\/pt\/wp-json\/wp\/v2\/product\/6839","targetHints":{"allow":["GET"]}}],"collection":[{"href":"https:\/\/carmogepereira.pt\/pt\/wp-json\/wp\/v2\/product"}],"about":[{"href":"https:\/\/carmogepereira.pt\/pt\/wp-json\/wp\/v2\/types\/product"}],"replies":[{"embeddable":true,"href":"https:\/\/carmogepereira.pt\/pt\/wp-json\/wp\/v2\/comments?post=6839"}],"version-history":[{"count":0,"href":"https:\/\/carmogepereira.pt\/pt\/wp-json\/wp\/v2\/product\/6839\/revisions"}],"wp:featuredmedia":[{"embeddable":true,"href":"https:\/\/carmogepereira.pt\/pt\/wp-json\/wp\/v2\/media\/6840"}],"wp:attachment":[{"href":"https:\/\/carmogepereira.pt\/pt\/wp-json\/wp\/v2\/media?parent=6839"}],"wp:term":[{"taxonomy":"pwb-brand","embeddable":true,"href":"https:\/\/carmogepereira.pt\/pt\/wp-json\/wp\/v2\/pwb-brand?post=6839"},{"taxonomy":"product_brand","embeddable":true,"href":"https:\/\/carmogepereira.pt\/pt\/wp-json\/wp\/v2\/product_brand?post=6839"},{"taxonomy":"product_cat","embeddable":true,"href":"https:\/\/carmogepereira.pt\/pt\/wp-json\/wp\/v2\/product_cat?post=6839"},{"taxonomy":"product_tag","embeddable":true,"href":"https:\/\/carmogepereira.pt\/pt\/wp-json\/wp\/v2\/product_tag?post=6839"}],"curies":[{"name":"wp","href":"https:\/\/api.w.org\/{rel}","templated":true}]}}