{"id":6979,"date":"2022-10-22T00:40:26","date_gmt":"2022-10-22T00:40:26","guid":{"rendered":"https:\/\/carmogepereira.pt\/vaiserperfeito\/?post_type=product&#038;p=6979"},"modified":"2025-12-13T09:00:51","modified_gmt":"2025-12-13T09:00:51","slug":"pompoirkitworkshopsession","status":"publish","type":"product","link":"https:\/\/carmogepereira.pt\/pt\/shop\/pompoirkitworkshopsession\/","title":{"rendered":"Pompoir Kit + Workshop \/ Private Session"},"content":{"rendered":"<p><strong>Packs:<\/strong><\/p>\n<p>2 Different packs with different lubricants and instruments that will be decided upon conversation.<\/p>\n<p><b><span data-contrast=\"auto\">Caracter\u00edsticas:<\/span><\/b><span data-ccp-props=\"{&quot;201341983&quot;:0,&quot;335559739&quot;:160,&quot;335559740&quot;:259}\">\u00a0<\/span><\/p>\n<p>Pelvic consciousness and relaxation.<\/p>\n<p><span id=\"result_box\" class=\"\" lang=\"en\"><span title=\"E \u00e9 nesta autoconsci\u00eancia corporal que se encontra a maior riqueza.\">Body self-consciousness.<\/span><\/span><\/p>\n<p>Learning time and training in your time.<\/p>\n<p><span title=\"O workshop (2 m\u00f3dulos) ou aula privada de pompoarismo ( Lisboa e Porto*) permite que em grupo ou privado ganhe consci\u00eancia do treino de pavimento p\u00e9lvico, aprenda os movimentos e saia com um plano de 8 a 12 meses de treino para um significativa melhoria\">A plan of 8 to 12 months of training.<\/span><\/p>\n<p><span title=\"O workshop (2 m\u00f3dulos) ou aula privada de pompoarismo ( Lisboa e Porto*) permite que em grupo ou privado ganhe consci\u00eancia do treino de pavimento p\u00e9lvico, aprenda os movimentos e saia com um plano de 8 a 12 meses de treino para um significativa melhoria\">Significant improvement <\/span><span title=\"da sua consci\u00eancia corporal, sa\u00fade e prazer. \">your body awareness, health and pleasure.<\/span><\/p>\n<p><span title=\"bolas ben-wa de silicone: para flexibilidade e treino de peso, \">Silicone ben-wa balls for flexibility training.<\/span><\/p>\n<p>Dildo or Vibrator for weight and strength training.<\/p>\n<p>Lubricant to preserve moisture and comfort.<\/p>\n<p>Will be contacted after the purchase (leave available hours and phone in note).<\/p>\n<p>* Public group workshops have been suspended until further notice. If you have a group and want to do a private workshop contact me for more informations.<\/p>\n<p><b><span data-contrast=\"auto\">Conte\u00fado:<\/span><\/b><span data-ccp-props=\"{&quot;201341983&quot;:0,&quot;335559739&quot;:160,&quot;335559740&quot;:259}\">\u00a0<\/span><\/p>\n<p>1x Lubricant<\/p>\n<p>1x Ben-wa balls<\/p>\n<p>1x Dildo \/ Vibrator.<\/p>\n<p><b><span data-contrast=\"auto\">Materiais:<\/span><\/b><span data-ccp-props=\"{&quot;201341983&quot;:0,&quot;335559739&quot;:160,&quot;335559740&quot;:259}\">\u00a0<\/span><\/p>\n<p>Silicone, ABS, Borosilicate Glass (Pirex).<\/p>\n<p><b><span data-contrast=\"auto\">Main Ingredients:<\/span><\/b><\/p>\n<p class=\"toolbar toolbar-top\"><span class=\"expand-close\">Water based supplemented lubricant.\u00a0<\/span><\/p>","protected":false},"excerpt":{"rendered":"<p><span id=\"result_box\" class=\"\" lang=\"en\"><span title=\"Os exerc\u00edcios de Kegel, e os planos de exerc\u00edcios do pompoarismo, continuam a ser uma forma eficaz de lidar com pequenas perdas urin\u00e1rias e com pavimento p\u00e9lvico hipot\u00f3nico;\">Kegel exercises and a plan for Pompoir exercises, continue to be an effective way of dealing with small urinary losses and hypotonic pelvic floor; <\/span><span title=\"no entanto, o acompanhamento e aprendizagem s\u00e3o importantes para permitir \u00e0 pessoa perceber que m\u00fasculos est\u00e1 a mexer e tonificar.\">however, monitoring and learning are important to enable the person to realize what muscles are moving and tone. <\/span><span title=\"E \u00e9 nesta autoconsci\u00eancia corporal que se encontra a maior riqueza.\">And it is in this body self-consciousness that the greatest wealth lies. <\/span><span title=\"Um plano de exerc\u00edcios di\u00e1rio, com um contacto e aten\u00e7\u00e3o aos genitais que vai para al\u00e9m do funcional que no dia-a-dia fazemos, \u00e9 com a nossa vagina que temos rela\u00e7\u00f5es penetrativas, menstruamos, com a nossa vulva que urinamos e, quem o\">A daily exercise plan, with a contact and attention to the genitals that goes beyond the functional to the day-to-day we do is with our vagina that have penetrative intercourse (or not), menstruation (or not), with our vulva that urinate and whom <\/span><\/span><span id=\"result_box\" class=\"\" lang=\"en\"><span title=\"faz, masturbamos.\">we masturbate. <\/span><span title=\"Agora damos-lhe aten\u00e7\u00e3o.\">Now we will give it attention. <\/span><span title=\"Ouvimos o seu movimento, sentimos a sua for\u00e7a, atentamos nas suas contrac\u00e7\u00f5es, e muito importante, no seu relaxamento.\">We hear its movement, felt its strength, we take a look at its contractions, and very importantly, at its relaxation. <\/span><span title=\"Diariamente temos a genit\u00e1lia mais presente, mais integrada, e a sua fun\u00e7\u00e3o passa a ser feita com mais consci\u00eancia. \">Every day we have the genitalia more present, more integrated, and its function shall be made with more awareness.<\/span><\/span><\/p>\n<p><span title=\"O workshop (2 m\u00f3dulos) ou aula privada de pompoarismo ( Lisboa e Porto*) permite que em grupo ou privado ganhe consci\u00eancia do treino de pavimento p\u00e9lvico, aprenda os movimentos e saia com um plano de 8 a 12 meses de treino para um significativa melhoria\">The workshop (1 module) or Pompoir private session (minimum 2 sessions required, only 1 in the pack) included (Online, in Person Lisbon) allows for\u00a0 awareness of pelvic floor training, in a group or privately, learn the movements and leave with a plan of 8 to 12 months of training for significant improvement <\/span><span title=\"da sua consci\u00eancia corporal, sa\u00fade e prazer. \">your body awareness, health and pleasure.<\/span><\/p>\n<p>Will be contacted after the purchase (leave available hours and phone in note).<\/p>\n<p>* Public group workshops have been suspended until further notice. If you have a group and want to do a private workshop contact me for more informations.<\/p>\n<p>&nbsp;<\/p>","protected":false},"featured_media":6989,"comment_status":"open","ping_status":"closed","template":"","meta":{"_acf_changed":false},"pwb-brand":[344],"product_brand":[],"product_cat":[491,155,160,492,157,207],"product_tag":[474,296,289,328,424,261,473,292,329],"class_list":{"0":"post-6979","1":"product","2":"type-product","3":"status-publish","4":"has-post-thumbnail","6":"pwb-brand-miscellaneous","7":"product_cat-packs","8":"product_cat-packs-promos","9":"product_cat-pelvic-floor","10":"product_cat-promos","11":"product_cat-sexual-health","12":"product_cat-vouchers","13":"product_tag-counseling","14":"product_tag-genital_use","15":"product_tag-internal","16":"product_tag-pelvic-floor","17":"product_tag-training-kit","18":"product_tag-vaginal_use","19":"product_tag-voucher","20":"product_tag-waterlubricant","21":"product_tag-waterproof","22":"nt-post-class","23":"","24":"masonry-item","25":"col-lg-6","33":"first","34":"outofstock","35":"sale","36":"taxable","37":"shipping-taxable","38":"purchasable","39":"product-type-simple","40":"add-to-wishlist-after_add_to_cart"},"acf":[],"brands":[{"id":344,"name":"Variadas","slug":"miscellaneous"}],"_links":{"self":[{"href":"https:\/\/carmogepereira.pt\/pt\/wp-json\/wp\/v2\/product\/6979","targetHints":{"allow":["GET"]}}],"collection":[{"href":"https:\/\/carmogepereira.pt\/pt\/wp-json\/wp\/v2\/product"}],"about":[{"href":"https:\/\/carmogepereira.pt\/pt\/wp-json\/wp\/v2\/types\/product"}],"replies":[{"embeddable":true,"href":"https:\/\/carmogepereira.pt\/pt\/wp-json\/wp\/v2\/comments?post=6979"}],"version-history":[{"count":0,"href":"https:\/\/carmogepereira.pt\/pt\/wp-json\/wp\/v2\/product\/6979\/revisions"}],"wp:featuredmedia":[{"embeddable":true,"href":"https:\/\/carmogepereira.pt\/pt\/wp-json\/wp\/v2\/media\/6989"}],"wp:attachment":[{"href":"https:\/\/carmogepereira.pt\/pt\/wp-json\/wp\/v2\/media?parent=6979"}],"wp:term":[{"taxonomy":"pwb-brand","embeddable":true,"href":"https:\/\/carmogepereira.pt\/pt\/wp-json\/wp\/v2\/pwb-brand?post=6979"},{"taxonomy":"product_brand","embeddable":true,"href":"https:\/\/carmogepereira.pt\/pt\/wp-json\/wp\/v2\/product_brand?post=6979"},{"taxonomy":"product_cat","embeddable":true,"href":"https:\/\/carmogepereira.pt\/pt\/wp-json\/wp\/v2\/product_cat?post=6979"},{"taxonomy":"product_tag","embeddable":true,"href":"https:\/\/carmogepereira.pt\/pt\/wp-json\/wp\/v2\/product_tag?post=6979"}],"curies":[{"name":"wp","href":"https:\/\/api.w.org\/{rel}","templated":true}]}}