{"id":7086,"date":"2022-10-22T18:45:26","date_gmt":"2022-10-22T18:45:26","guid":{"rendered":"https:\/\/carmogepereira.pt\/vaiserperfeito\/?post_type=product&#038;p=7086"},"modified":"2025-05-26T21:10:55","modified_gmt":"2025-05-26T21:10:55","slug":"edible-anus","status":"publish","type":"product","link":"https:\/\/carmogepereira.pt\/pt\/shop\/edible-anus\/","title":{"rendered":"Edible Anus"},"content":{"rendered":"<p><b><span data-contrast=\"auto\">Caracter\u00edsticas:<\/span><\/b><span data-ccp-props=\"{&quot;201341983&quot;:0,&quot;335559739&quot;:160,&quot;335559740&quot;:259}\">\u00a0<\/span><\/p>\n<p>6 \u00e2nus de chocolate.<\/p>\n<p>Ultrajantes e deliciosos.<\/p>\n<p>Bons chocolates de leite brit\u00e2nicos.<\/p>\n<p><b><span data-contrast=\"auto\">Conte\u00fado:<\/span><\/b><span data-ccp-props=\"{&quot;201341983&quot;:0,&quot;335559739&quot;:160,&quot;335559740&quot;:259}\">\u00a0<\/span><\/p>\n<p>6x bombons \u00e2nus.<\/p>\n<p><b><span data-contrast=\"auto\">Ingredientes:<\/span><\/b><span data-ccp-props=\"{&quot;201341983&quot;:0,&quot;335559739&quot;:160,&quot;335559740&quot;:259}\">\u00a0<\/span><\/p>\n<p>Chocolate de leite: 34% Cacau S\u00f3lido, 22% Leite S\u00f3lido (Massa de Cacau, A\u00e7\u00facar, Manteiga de Cacau, Lecitina de Soja, Baunilha Natural).<\/p>","protected":false},"excerpt":{"rendered":"<p>Uma caixa com aspecto elegante contendo finos chocolates brit\u00e2nicos - certamente o presente perfeito para todas as ocasi\u00f5es? Ou n\u00e3o.<\/p>\n<p>Os 6 \u00e2nus de chocolate s\u00e3o t\u00e3o escandalosos como deliciosos! Chocolates feitos \u00e0 m\u00e3o, ao mais alto n\u00edvel. Chocolate fresco feito com a cren\u00e7a de que o \u00e2nus de chocolate pode dissolver fronteiras culturais de idade, ra\u00e7a, sexo e classe.<\/p>\n<p>Todes n\u00f3s temos um e todos eles s\u00e3o diferentes!<\/p>","protected":false},"featured_media":7087,"comment_status":"open","ping_status":"closed","template":"","meta":{"_acf_changed":false},"pwb-brand":[344],"product_brand":[],"product_cat":[128,130,129],"product_tag":[294],"class_list":{"0":"post-7086","1":"product","2":"type-product","3":"status-publish","4":"has-post-thumbnail","6":"pwb-brand-miscellaneous","7":"product_cat-artbooksfilm","8":"product_cat-edibles","9":"product_cat-sex-cosmetics","10":"product_tag-edible","11":"pa_color-dark-brown","12":"nt-post-class","13":"","14":"masonry-item","15":"col-lg-6","23":"first","24":"outofstock","25":"taxable","26":"shipping-taxable","27":"purchasable","28":"product-type-simple","29":"add-to-wishlist-after_add_to_cart"},"acf":[],"brands":[{"id":344,"name":"Variadas","slug":"miscellaneous"}],"_links":{"self":[{"href":"https:\/\/carmogepereira.pt\/pt\/wp-json\/wp\/v2\/product\/7086","targetHints":{"allow":["GET"]}}],"collection":[{"href":"https:\/\/carmogepereira.pt\/pt\/wp-json\/wp\/v2\/product"}],"about":[{"href":"https:\/\/carmogepereira.pt\/pt\/wp-json\/wp\/v2\/types\/product"}],"replies":[{"embeddable":true,"href":"https:\/\/carmogepereira.pt\/pt\/wp-json\/wp\/v2\/comments?post=7086"}],"version-history":[{"count":0,"href":"https:\/\/carmogepereira.pt\/pt\/wp-json\/wp\/v2\/product\/7086\/revisions"}],"wp:featuredmedia":[{"embeddable":true,"href":"https:\/\/carmogepereira.pt\/pt\/wp-json\/wp\/v2\/media\/7087"}],"wp:attachment":[{"href":"https:\/\/carmogepereira.pt\/pt\/wp-json\/wp\/v2\/media?parent=7086"}],"wp:term":[{"taxonomy":"pwb-brand","embeddable":true,"href":"https:\/\/carmogepereira.pt\/pt\/wp-json\/wp\/v2\/pwb-brand?post=7086"},{"taxonomy":"product_brand","embeddable":true,"href":"https:\/\/carmogepereira.pt\/pt\/wp-json\/wp\/v2\/product_brand?post=7086"},{"taxonomy":"product_cat","embeddable":true,"href":"https:\/\/carmogepereira.pt\/pt\/wp-json\/wp\/v2\/product_cat?post=7086"},{"taxonomy":"product_tag","embeddable":true,"href":"https:\/\/carmogepereira.pt\/pt\/wp-json\/wp\/v2\/product_tag?post=7086"}],"curies":[{"name":"wp","href":"https:\/\/api.w.org\/{rel}","templated":true}]}}