{"id":7105,"date":"2022-10-22T20:09:25","date_gmt":"2022-10-22T20:09:25","guid":{"rendered":"https:\/\/carmogepereira.pt\/vaiserperfeito\/?post_type=product&#038;p=7105"},"modified":"2024-03-01T14:27:24","modified_gmt":"2024-03-01T14:27:24","slug":"lessenceduboudoirbi","status":"publish","type":"product","link":"https:\/\/carmogepereira.pt\/pt\/shop\/lessenceduboudoirbi\/","title":{"rendered":"L&#8217;essence du Boudoir Bijoux Indiscrets"},"content":{"rendered":"<p><b><span data-contrast=\"auto\">Caracter\u00edsticas:<\/span><\/b><span data-ccp-props=\"{&quot;201341983&quot;:0,&quot;335559739&quot;:160,&quot;335559740&quot;:259}\">\u00a0<\/span><\/p>\n<p>Inspirado por uma antiga receita de Kamasutra.<\/p>\n<p>Rosas brancas, Jasmin e Ylang-Ylang.<\/p>\n<p>Madeira e especiarias ex\u00f3ticas.<\/p>\n<p>Pulveriza por todo o lado: as tuas almofadas, os teus len\u00e7\u00f3is de cama, a tua lingerie.<\/p>\n<p>Muito sensual e imposs\u00edvel de ignorar, experimenta e sente o poder da atrac\u00e7\u00e3o!<\/p>\n<p><b><span data-contrast=\"auto\">Dimens\u00f5es do Produto:<\/span><\/b><\/p>\n<p>100ml.<\/p>\n<p><b><span data-contrast=\"auto\">Conte\u00fado:<\/span><\/b><span data-ccp-props=\"{&quot;201341983&quot;:0,&quot;335559739&quot;:160,&quot;335559740&quot;:259}\">\u00a0<\/span><\/p>\n<p>1x<strong>\u00a0<\/strong>Fragr\u00e2ncia de lingerie, corpo e cama.<\/p>\n<p><b><span data-contrast=\"auto\">Ingredientes:<\/span><\/b><span data-ccp-props=\"{&quot;201341983&quot;:0,&quot;335559739&quot;:160,&quot;335559740&quot;:259}\">\u00a0<\/span><\/p>\n<p class=\"toolbar toolbar-top\">Denato de \u00c1lcool, Aqua, Parfum, Ppg-26-Buteth-26, Peg-40 \u00d3leo de R\u00edcino Hidrogenado, Disodium Edta, Fenoxietanol, Etilhexilglicerina, Salicilato de Benzilo, Alfa-Isomethyl Ionone, Hidroxicitronelal, Cinamato de Benzilo, Eugenol, Benzoato de Benzilo, Linalool, Citral, Geraniol, \u00c1lcool de Benzilo, Ci 17200.<\/p>","protected":false},"excerpt":{"rendered":"<p>Inspirado por uma antiga receita do Kamasutra, mistura a sensualidade das rosas brancas, o aroma hipn\u00f3tico do Jasmin e as propriedades afrodis\u00edacas do Ylang-Ylang para te trazer uma fragr\u00e2ncia \u00fanica, combinada com madeira e especiarias ex\u00f3ticas.<\/p>\n<p>Pulveriza em todo o lado: almofadas, len\u00e7\u00f3is de cama, lingerie e a pele.<\/p>\n<p>Muito sensual e imposs\u00edvel de ignorar, experimenta e sente o poder da atrac\u00e7\u00e3o!<\/p>","protected":false},"featured_media":7106,"comment_status":"open","ping_status":"closed","template":"","meta":{"_acf_changed":false},"pwb-brand":[340],"product_brand":[],"product_cat":[132,154,129],"product_tag":[225,430,425],"class_list":{"0":"post-7105","1":"product","2":"type-product","3":"status-publish","4":"has-post-thumbnail","6":"pwb-brand-bijouxindiscrets","7":"product_cat-extras","8":"product_cat-household-goods","9":"product_cat-sex-cosmetics","10":"product_tag-body","11":"product_tag-household-good","12":"product_tag-perfume","13":"pa_color-black","14":"nt-post-class","15":"","16":"masonry-item","17":"col-lg-6","25":"first","26":"instock","27":"taxable","28":"shipping-taxable","29":"purchasable","30":"product-type-simple","31":"add-to-wishlist-after_add_to_cart"},"acf":[],"brands":[{"id":340,"name":"Bijoux Indiscrets","slug":"bijouxindiscrets"}],"_links":{"self":[{"href":"https:\/\/carmogepereira.pt\/pt\/wp-json\/wp\/v2\/product\/7105","targetHints":{"allow":["GET"]}}],"collection":[{"href":"https:\/\/carmogepereira.pt\/pt\/wp-json\/wp\/v2\/product"}],"about":[{"href":"https:\/\/carmogepereira.pt\/pt\/wp-json\/wp\/v2\/types\/product"}],"replies":[{"embeddable":true,"href":"https:\/\/carmogepereira.pt\/pt\/wp-json\/wp\/v2\/comments?post=7105"}],"version-history":[{"count":0,"href":"https:\/\/carmogepereira.pt\/pt\/wp-json\/wp\/v2\/product\/7105\/revisions"}],"wp:featuredmedia":[{"embeddable":true,"href":"https:\/\/carmogepereira.pt\/pt\/wp-json\/wp\/v2\/media\/7106"}],"wp:attachment":[{"href":"https:\/\/carmogepereira.pt\/pt\/wp-json\/wp\/v2\/media?parent=7105"}],"wp:term":[{"taxonomy":"pwb-brand","embeddable":true,"href":"https:\/\/carmogepereira.pt\/pt\/wp-json\/wp\/v2\/pwb-brand?post=7105"},{"taxonomy":"product_brand","embeddable":true,"href":"https:\/\/carmogepereira.pt\/pt\/wp-json\/wp\/v2\/product_brand?post=7105"},{"taxonomy":"product_cat","embeddable":true,"href":"https:\/\/carmogepereira.pt\/pt\/wp-json\/wp\/v2\/product_cat?post=7105"},{"taxonomy":"product_tag","embeddable":true,"href":"https:\/\/carmogepereira.pt\/pt\/wp-json\/wp\/v2\/product_tag?post=7105"}],"curies":[{"name":"wp","href":"https:\/\/api.w.org\/{rel}","templated":true}]}}