{"id":7214,"date":"2022-10-23T00:59:08","date_gmt":"2022-10-23T00:59:08","guid":{"rendered":"http:\/\/carmogepereira.pt\/vaiserperfeito\/?post_type=product&#038;p=7214"},"modified":"2025-12-11T15:00:39","modified_gmt":"2025-12-11T15:00:39","slug":"cbdwaterlubricanthol","status":"publish","type":"product","link":"https:\/\/carmogepereira.pt\/pt\/shop\/cbdwaterlubricanthol\/","title":{"rendered":"CBD Water-Based Lubricant HighOnLove"},"content":{"rendered":"<p><b><span data-contrast=\"auto\">Caracter\u00edsticas:<\/span><\/b><span data-ccp-props=\"{&quot;201341983&quot;:0,&quot;335559739&quot;:160,&quot;335559740&quot;:259}\">\u00a0<\/span><\/p>\n<p>Elimina o desconforto.<\/p>\n<p>Lubrificante \u00e0 base de \u00e1gua.<\/p>\n<p>200 mg de CBD premium.<\/p>\n<p>Seguro para uso com todos os tipos de preservativos.<\/p>\n<p>Suave como a seda.<\/p>\n<p>Hidrata\u00e7\u00e3o de longa dura\u00e7\u00e3o.<\/p>\n<p>Encoraja o fluxo sangu\u00edneo para maior prazer.<\/p>\n<p>Sem perfume, sem manchas.<\/p>\n<p>Vegan e sem crueldade.<\/p>\n<p>Fabricado em pequenos lotes para garantir a mais alta qualidade.<\/p>\n<p><b><span data-contrast=\"auto\">Dimens\u00f5es do Produto:<\/span><\/b><\/p>\n<p>200ml.<\/p>\n<p><b><span data-contrast=\"auto\">Conte\u00fado:<\/span><\/b><span data-ccp-props=\"{&quot;201341983&quot;:0,&quot;335559739&quot;:160,&quot;335559740&quot;:259}\">\u00a0<\/span><\/p>\n<p>1x frasco de lubrificante com infus\u00e3o de CBD.<\/p>\n<p><b><span data-contrast=\"auto\">Ingredientes:<\/span><\/b><span data-ccp-props=\"{&quot;201341983&quot;:0,&quot;335559739&quot;:160,&quot;335559740&quot;:259}\">\u00a0<\/span><\/p>\n<p>Aqua (\u00c1gua), Goma Celul\u00f3sica, Propanodiol (Fonte Bot\u00e2nica), Canabin\u00f3ides (CBD de C\u00e2nhamo), Hialuronato de S\u00f3dio (Fonte Bot\u00e2nica), Benzoato de S\u00f3dio, Sorbato de Pot\u00e1ssio, \u00c1cido C\u00edtrico.<\/p>","protected":false},"excerpt":{"rendered":"<p>Elimina o desconforto, ado\u00e7a as sensa\u00e7\u00f5es e eleva os teus momentos \u00edntimos com HighOnLove\u00ae's Water-Based Lubricant, feito com 200 mg de CBD premium e seguro para uso com todos os tipos de preservativos. Suave como a seda, proporciona uma sensa\u00e7\u00e3o de h\u00famidade duradoura ao mesmo tempo que encoraja o fluxo sangu\u00edneo para um maior prazer. Sem perfume, sem corantes, vegan e sem crueldade. Fabricado em pequenos lotes para garantir a mais alta qualidade. Aplica generosamente sobre uma zona genital para reduzir a fric\u00e7\u00e3o. Compat\u00edvel com l\u00e1tex.<\/p>\n<div style=\"width: 480px;\" class=\"wp-video\"><!--[if lt IE 9]><script>document.createElement('video');<\/script><![endif]--><br \/>\n<video class=\"wp-video-shortcode\" id=\"video-7214-1\" width=\"480\" height=\"270\" preload=\"metadata\" controls=\"controls\"><source type=\"video\/mp4\" src=\"http:\/\/carmogepereira.pt\/wp-content\/uploads\/2022\/10\/Website25_-_Water_based_lub.mp4?_=1\" \/><a href=\"http:\/\/carmogepereira.pt\/wp-content\/uploads\/2022\/10\/Website25_-_Water_based_lub.mp4\">http:\/\/carmogepereira.pt\/wp-content\/uploads\/2022\/10\/Website25_-_Water_based_lub.mp4<\/a><\/video><\/div>\n<p>&nbsp;<\/p>","protected":false},"featured_media":7216,"comment_status":"open","ping_status":"closed","template":"","meta":{"_acf_changed":false},"pwb-brand":[341],"product_brand":[],"product_cat":[135,142,143],"product_tag":[439,245,296,560,289,290,291,553,292],"class_list":{"0":"post-7214","1":"product","2":"type-product","3":"status-publish","4":"has-post-thumbnail","6":"pwb-brand-highonlove","7":"product_cat-lubsafersex","8":"product_cat-lubs","9":"product_cat-water-lubs","10":"product_tag-blended-water-lubricant","11":"product_tag-external","12":"product_tag-genital_use","13":"product_tag-highonlove","14":"product_tag-internal","15":"product_tag-lubricant","16":"product_tag-moisturising","17":"product_tag-vulva-use","18":"product_tag-waterlubricant","19":"pa_color-light-pink","20":"pa_color-pink","21":"nt-post-class","22":"","23":"masonry-item","24":"col-lg-6","32":"first","33":"outofstock","34":"taxable","35":"shipping-taxable","36":"purchasable","37":"product-type-simple","38":"add-to-wishlist-after_add_to_cart"},"acf":[],"brands":[{"id":341,"name":"HighOnLove","slug":"highonlove"}],"_links":{"self":[{"href":"https:\/\/carmogepereira.pt\/pt\/wp-json\/wp\/v2\/product\/7214","targetHints":{"allow":["GET"]}}],"collection":[{"href":"https:\/\/carmogepereira.pt\/pt\/wp-json\/wp\/v2\/product"}],"about":[{"href":"https:\/\/carmogepereira.pt\/pt\/wp-json\/wp\/v2\/types\/product"}],"replies":[{"embeddable":true,"href":"https:\/\/carmogepereira.pt\/pt\/wp-json\/wp\/v2\/comments?post=7214"}],"version-history":[{"count":0,"href":"https:\/\/carmogepereira.pt\/pt\/wp-json\/wp\/v2\/product\/7214\/revisions"}],"wp:featuredmedia":[{"embeddable":true,"href":"https:\/\/carmogepereira.pt\/pt\/wp-json\/wp\/v2\/media\/7216"}],"wp:attachment":[{"href":"https:\/\/carmogepereira.pt\/pt\/wp-json\/wp\/v2\/media?parent=7214"}],"wp:term":[{"taxonomy":"pwb-brand","embeddable":true,"href":"https:\/\/carmogepereira.pt\/pt\/wp-json\/wp\/v2\/pwb-brand?post=7214"},{"taxonomy":"product_brand","embeddable":true,"href":"https:\/\/carmogepereira.pt\/pt\/wp-json\/wp\/v2\/product_brand?post=7214"},{"taxonomy":"product_cat","embeddable":true,"href":"https:\/\/carmogepereira.pt\/pt\/wp-json\/wp\/v2\/product_cat?post=7214"},{"taxonomy":"product_tag","embeddable":true,"href":"https:\/\/carmogepereira.pt\/pt\/wp-json\/wp\/v2\/product_tag?post=7214"}],"curies":[{"name":"wp","href":"https:\/\/api.w.org\/{rel}","templated":true}]}}