{"id":7268,"date":"2022-10-23T14:26:55","date_gmt":"2022-10-23T14:26:55","guid":{"rendered":"https:\/\/carmogepereira.pt\/vaiserperfeito\/?post_type=product&#038;p=7268"},"modified":"2024-03-01T14:27:08","modified_gmt":"2024-03-01T14:27:08","slug":"slowsexfingerplaygelbi","status":"publish","type":"product","link":"https:\/\/carmogepereira.pt\/pt\/shop\/slowsexfingerplaygelbi\/","title":{"rendered":"Slow Sex Finger Play Gel Bijoux Indiscrets"},"content":{"rendered":"<p><b><span data-contrast=\"auto\">Caracter\u00edsticas:<\/span><\/b><span data-ccp-props=\"{&quot;201341983&quot;:0,&quot;335559739&quot;:160,&quot;335559740&quot;:259}\">\u00a0<\/span><\/p>\n<p>Lubrificante concebido para masturba\u00e7\u00e3o.<\/p>\n<p>Hidratante \u00b7 Beij\u00e1vel  \u00b7 Deslizante.<\/p>\n<p>\u00c0 base de \u00e1gua. Cont\u00e9m aloe vera, cuida da tua pele!<\/p>\n<p>Aroma de coco.<\/p>\n<p>Perfeito para estimula\u00e7\u00e3o do cl\u00edtoris, vulva ou p\u00e9nis.<\/p>\n<p>Compat\u00edvel com brinquedos e preservativos.<\/p>\n<p>Tem um sabor e cheiro espantosos.<\/p>\n<p>N\u00e3o deixa res\u00edduos na pele.<\/p>\n<p>Cont\u00e9m Glicerina.<\/p>\n<p><b><span data-contrast=\"auto\">Dimens\u00f5es do Produto:<\/span><\/b><\/p>\n<p>30ml.<\/p>\n<p><b><span data-contrast=\"auto\">Conte\u00fado:<\/span><\/b><span data-ccp-props=\"{&quot;201341983&quot;:0,&quot;335559739&quot;:160,&quot;335559740&quot;:259}\">\u00a0<\/span><\/p>\n<p>1x tubo de lubrificante para masturba\u00e7\u00e3o.<\/p>\n<p><b><span data-contrast=\"auto\">Ingredientes:<\/span><\/b><span data-ccp-props=\"{&quot;201341983&quot;:0,&quot;335559739&quot;:160,&quot;335559740&quot;:259}\">\u00a0<\/span><\/p>\n<p>Glicerina, Aqua (\u00c1gua), Aloe Barbadensis (Aloe Vera) Sumo de Folha, Goma Xantana, Carb\u00f3mero, Aroma (Sabor), Sacarina de S\u00f3dio.<\/p>","protected":false},"excerpt":{"rendered":"<p>PRAZER nas tuas m\u00e3os! P\u00f5e algumas gotas nos dedos, na vulva ou no p\u00e9nis. Repete as vezes que forem necess\u00e1rias.\u00a0Excita\u00e7\u00e3o prolongada, lubrifica\u00e7\u00e3o natural e erec\u00e7\u00f5es com este gel \u00e0 base de \u00e1gua concebido para masturba\u00e7\u00e3o. Cont\u00e9m alo\u00e9 vera que nutre e hidrata a pele, \u00e0 medida que deslizas os dedos sobre qualquer genital e atinges o orgasmo. Tamb\u00e9m o podes partilhar! Leva uma parceira ao cl\u00edmax deslizando os teus dedos sobre a sua \u00e1rea genital. Sem timidez: chupa, lambe, beija... Este gel \u00e9 beij\u00e1vel para que o possas lamber, chupar ou beijar. O sabor doce convida a tua boca a juntar-se ao gel e dedos.<\/p>","protected":false},"featured_media":7271,"comment_status":"open","ping_status":"closed","template":"","meta":{"_acf_changed":false},"pwb-brand":[340],"product_brand":[],"product_cat":[146,135,142,143],"product_tag":[439,294,245,538,296,289,290,428,407,553,292],"class_list":{"0":"post-7268","1":"product","2":"type-product","3":"status-publish","4":"has-post-thumbnail","6":"pwb-brand-bijouxindiscrets","7":"product_cat-flavored-lubricants","8":"product_cat-lubsafersex","9":"product_cat-lubs","10":"product_cat-water-lubs","11":"product_tag-blended-water-lubricant","12":"product_tag-edible","13":"product_tag-external","14":"product_tag-flavored-lubricant","15":"product_tag-genital_use","16":"product_tag-internal","17":"product_tag-lubricant","18":"product_tag-oral-sex","19":"product_tag-slow-sex","20":"product_tag-vulva-use","21":"product_tag-waterlubricant","22":"pa_color-white","23":"nt-post-class","24":"","25":"masonry-item","26":"col-lg-6","34":"first","35":"instock","36":"taxable","37":"shipping-taxable","38":"purchasable","39":"product-type-simple","40":"add-to-wishlist-after_add_to_cart"},"acf":[],"brands":[{"id":340,"name":"Bijoux Indiscrets","slug":"bijouxindiscrets"}],"_links":{"self":[{"href":"https:\/\/carmogepereira.pt\/pt\/wp-json\/wp\/v2\/product\/7268","targetHints":{"allow":["GET"]}}],"collection":[{"href":"https:\/\/carmogepereira.pt\/pt\/wp-json\/wp\/v2\/product"}],"about":[{"href":"https:\/\/carmogepereira.pt\/pt\/wp-json\/wp\/v2\/types\/product"}],"replies":[{"embeddable":true,"href":"https:\/\/carmogepereira.pt\/pt\/wp-json\/wp\/v2\/comments?post=7268"}],"version-history":[{"count":0,"href":"https:\/\/carmogepereira.pt\/pt\/wp-json\/wp\/v2\/product\/7268\/revisions"}],"wp:featuredmedia":[{"embeddable":true,"href":"https:\/\/carmogepereira.pt\/pt\/wp-json\/wp\/v2\/media\/7271"}],"wp:attachment":[{"href":"https:\/\/carmogepereira.pt\/pt\/wp-json\/wp\/v2\/media?parent=7268"}],"wp:term":[{"taxonomy":"pwb-brand","embeddable":true,"href":"https:\/\/carmogepereira.pt\/pt\/wp-json\/wp\/v2\/pwb-brand?post=7268"},{"taxonomy":"product_brand","embeddable":true,"href":"https:\/\/carmogepereira.pt\/pt\/wp-json\/wp\/v2\/product_brand?post=7268"},{"taxonomy":"product_cat","embeddable":true,"href":"https:\/\/carmogepereira.pt\/pt\/wp-json\/wp\/v2\/product_cat?post=7268"},{"taxonomy":"product_tag","embeddable":true,"href":"https:\/\/carmogepereira.pt\/pt\/wp-json\/wp\/v2\/product_tag?post=7268"}],"curies":[{"name":"wp","href":"https:\/\/api.w.org\/{rel}","templated":true}]}}