{"id":7274,"date":"2022-10-23T14:43:56","date_gmt":"2022-10-23T14:43:56","guid":{"rendered":"https:\/\/carmogepereira.pt\/vaiserperfeito\/?post_type=product&#038;p=7274"},"modified":"2024-03-01T14:27:07","modified_gmt":"2024-03-01T14:27:07","slug":"slowsexanalplaygelbi","status":"publish","type":"product","link":"https:\/\/carmogepereira.pt\/pt\/shop\/slowsexanalplaygelbi\/","title":{"rendered":"Slow Sex Anal Play Gel Bijoux Indiscrets"},"content":{"rendered":"<p><b><span data-contrast=\"auto\">Caracter\u00edsticas:<\/span><\/b><span data-ccp-props=\"{&quot;201341983&quot;:0,&quot;335559739&quot;:160,&quot;335559740&quot;:259}\">\u00a0<\/span><\/p>\n<p>Gel anal \u00e0 base de \u00e1gua.<\/p>\n<p>Perfeito para usar com plugs.<\/p>\n<p>Cont\u00e9m arnica, camomila e alo\u00e9 vera.<\/p>\n<p>Aumenta a hidrata\u00e7\u00e3o e a elasticidade anal.<\/p>\n<p>Efeito relaxante.<\/p>\n<p>Aroma de coco.<\/p>\n<p>Combinar com lubrificante de silicone (Massagem de Sexo Lento de Corpo Inteiro) para prazer anal prolongado.<\/p>\n<p>Compat\u00edvel com brinquedos e preservativos.<\/p>\n<p>Tem um sabor e cheiro espantosos.<\/p>\n<p>Reduz a fric\u00e7\u00e3o.<\/p>\n<p>Cont\u00e9m Glicerina.<\/p>\n<p><b><span data-contrast=\"auto\">Dimens\u00f5es do Produto:<\/span><\/b><\/p>\n<p>30ml.<\/p>\n<p><b><span data-contrast=\"auto\">Conte\u00fado:<\/span><\/b><span data-ccp-props=\"{&quot;201341983&quot;:0,&quot;335559739&quot;:160,&quot;335559740&quot;:259}\">\u00a0<\/span><\/p>\n<p>1x tubo de gel \u00e0 base de \u00e1gua.<\/p>\n<p><b><span data-contrast=\"auto\">Ingredientes:<\/span><\/b><span data-ccp-props=\"{&quot;201341983&quot;:0,&quot;335559739&quot;:160,&quot;335559740&quot;:259}\">\u00a0<\/span><\/p>\n<p>Glicerina, Aqua (\u00c1gua), Aloe Barbadensis (Aloe Vera) Sumo de Folha, Extracto de Flor de Chamomilla Recutita (Chamomille), Extracto de Flor de Arnica Montana (Arnica), Goma Xantana, Carb\u00f3mero, Aroma (Sabor), Bisabololol, Maltodextrina, Sacarina de S\u00f3dio.<\/p>","protected":false},"excerpt":{"rendered":"<p>Aplicar um pouco de gel directamente no \u00e2nus ou nos dedos e esfregar. \u00a0Quer sejas especialista ou principiante, \u00e9 super importante hidratar a \u00e1rea antes de qualquer actividade anal. Este gel cont\u00e9m arnica, camomila e alo\u00e9 vera que aumentam a hidrata\u00e7\u00e3o e a elasticidade anal, reduzindo a fric\u00e7\u00e3o durante a penetra\u00e7\u00e3o. Al\u00e9m disso, tem um sabor e um cheiro espantosos... mmmm de coco! \u00c9 \u00e0 base de \u00e1gua, por isso \u00e9 compat\u00edvel com todos os brinquedos e preservativos. Cont\u00e9m Aloe Vera, Camomila e Arnica: um efeito relaxante e hidratante para melhorar a elasticidade da pele.<\/p>\n<p>Combina com Slow Sex Full Body Massage ou outro Lubrificante de Silicone para estimula\u00e7\u00e3o anal prolongada. O \u00e2nus n\u00e3o \u00e9 auto-lubrificante, por isso ap\u00f3s a hidrata\u00e7\u00e3o \u00e9 uma boa ideia usar um gel \u00e0 base de silicone para que o prazer dure o tempo que desejares.<\/p>","protected":false},"featured_media":7277,"comment_status":"open","ping_status":"closed","template":"","meta":{"_acf_changed":false},"pwb-brand":[340],"product_brand":[],"product_cat":[146,135,142,129,131,143],"product_tag":[260,439,294,245,538,296,289,290,428,407,319,292],"class_list":{"0":"post-7274","1":"product","2":"type-product","3":"status-publish","4":"has-post-thumbnail","6":"pwb-brand-bijouxindiscrets","7":"product_cat-flavored-lubricants","8":"product_cat-lubsafersex","9":"product_cat-lubs","10":"product_cat-sex-cosmetics","11":"product_cat-stimulants","12":"product_cat-water-lubs","13":"product_tag-analuse","14":"product_tag-blended-water-lubricant","15":"product_tag-edible","16":"product_tag-external","17":"product_tag-flavored-lubricant","18":"product_tag-genital_use","19":"product_tag-internal","20":"product_tag-lubricant","21":"product_tag-oral-sex","22":"product_tag-slow-sex","23":"product_tag-stimulant","24":"product_tag-waterlubricant","25":"pa_color-white","26":"nt-post-class","27":"","28":"masonry-item","29":"col-lg-6","37":"first","38":"instock","39":"taxable","40":"shipping-taxable","41":"purchasable","42":"product-type-simple","43":"add-to-wishlist-after_add_to_cart"},"acf":[],"brands":[{"id":340,"name":"Bijoux Indiscrets","slug":"bijouxindiscrets"}],"_links":{"self":[{"href":"https:\/\/carmogepereira.pt\/pt\/wp-json\/wp\/v2\/product\/7274","targetHints":{"allow":["GET"]}}],"collection":[{"href":"https:\/\/carmogepereira.pt\/pt\/wp-json\/wp\/v2\/product"}],"about":[{"href":"https:\/\/carmogepereira.pt\/pt\/wp-json\/wp\/v2\/types\/product"}],"replies":[{"embeddable":true,"href":"https:\/\/carmogepereira.pt\/pt\/wp-json\/wp\/v2\/comments?post=7274"}],"version-history":[{"count":0,"href":"https:\/\/carmogepereira.pt\/pt\/wp-json\/wp\/v2\/product\/7274\/revisions"}],"wp:featuredmedia":[{"embeddable":true,"href":"https:\/\/carmogepereira.pt\/pt\/wp-json\/wp\/v2\/media\/7277"}],"wp:attachment":[{"href":"https:\/\/carmogepereira.pt\/pt\/wp-json\/wp\/v2\/media?parent=7274"}],"wp:term":[{"taxonomy":"pwb-brand","embeddable":true,"href":"https:\/\/carmogepereira.pt\/pt\/wp-json\/wp\/v2\/pwb-brand?post=7274"},{"taxonomy":"product_brand","embeddable":true,"href":"https:\/\/carmogepereira.pt\/pt\/wp-json\/wp\/v2\/product_brand?post=7274"},{"taxonomy":"product_cat","embeddable":true,"href":"https:\/\/carmogepereira.pt\/pt\/wp-json\/wp\/v2\/product_cat?post=7274"},{"taxonomy":"product_tag","embeddable":true,"href":"https:\/\/carmogepereira.pt\/pt\/wp-json\/wp\/v2\/product_tag?post=7274"}],"curies":[{"name":"wp","href":"https:\/\/api.w.org\/{rel}","templated":true}]}}