{"id":8047,"date":"2022-11-01T17:02:09","date_gmt":"2022-11-01T17:02:09","guid":{"rendered":"http:\/\/carmogepereira.pt\/vaiserperfeito\/?post_type=product&#038;p=8047"},"modified":"2025-12-11T13:39:24","modified_gmt":"2025-12-11T13:39:24","slug":"limbaflexff","status":"publish","type":"product","link":"https:\/\/carmogepereira.pt\/pt\/shop\/limbaflexff\/","title":{"rendered":"Limba Flex Fun Factory"},"content":{"rendered":"<p><strong>Tamanhos:<\/strong><\/p>\n<p>S,M.<\/p>\n<p><b><span data-contrast=\"auto\">Caracter\u00edsticas:<\/span><\/b><span data-ccp-props=\"{&quot;201341983&quot;:0,&quot;335559739&quot;:160,&quot;335559740&quot;:259}\">\u00a0<\/span><\/p>\n<p>A customizable bendable dildo with a poseable shaft.<\/p>\n<p>Bend it to hit the G-spot (anarcha gland and internal clitoris) or prostate.<\/p>\n<p>Harness compatible, makes position changes easier during strap-on play.<\/p>\n<p>Slim shaft and tapered tip\u2014great for pegging.<\/p>\n<p>Suctions to flat, smooth surfaces.<\/p>\n<p>Super thin base, get closer than ever to aa partner during strap-on play.<\/p>\n<p>Body-Safe Materials, Easy to Clean.<\/p>\n<p>Vaginal and Anal Safe.<\/p>\n<p>Choose between the small and medium sizes.<\/p>\n<p><b><span data-contrast=\"auto\">Dimens\u00f5es do Produto:<\/span><\/b><\/p>\n<p>S 12cm x \u00d8 3cm<\/p>\n<p>M 18cm x \u00d8 3.2cm.<\/p>\n<p><b><span data-contrast=\"auto\">Conte\u00fado:<\/span><\/b><span data-ccp-props=\"{&quot;201341983&quot;:0,&quot;335559739&quot;:160,&quot;335559740&quot;:259}\">\u00a0<\/span><\/p>\n<p>1x Bendable dildo.<\/p>\n<p><b><span data-contrast=\"auto\">Materiais:<\/span><\/b><\/p>\n<p>Silicone m\u00e9dico de alta qualidade.<\/p>","protected":false},"excerpt":{"rendered":"<p>Limba Flex is a dildo developed in high quality, body-safe medical silicone. It is designed with a very flexible and versatile shaft so you can shape it the way you want and when you want, Limba Flex offers you 3 in 1: Smooth curve, extreme angle and straight shaft, all in one! Its tapered tip is easy to insert, the base is slim so it allows you to be closer to a partner. Its touch is silky and it is suitable for anal and vaginal sex. The perfect toy for prostate and G-spot (anarcha gland and internal clitoris)\u00a0stimulation. It is compatible with harness, its base adapts perfectly to any smooth and flat surface. You can even take a nice relaxing bath as it is submersible! It is recommended to use water-based lubricant for better insertion and care of the product, as other lubricants could damage the toy.<\/p>\n<p>Limpa cuidadosamente o brinquedo antes da primeira utiliza\u00e7\u00e3o e ap\u00f3s cada utiliza\u00e7\u00e3o.<\/p>","protected":false},"featured_media":8057,"comment_status":"open","ping_status":"closed","template":"","meta":{"_acf_changed":false},"pwb-brand":[336],"product_brand":[],"product_cat":[165,258,164],"product_tag":[260,259,313,537,209,353,364,261],"class_list":{"0":"post-8047","1":"product","2":"type-product","3":"status-publish","4":"has-post-thumbnail","6":"pwb-brand-funfactory","7":"product_cat-dildos","8":"product_cat-strapon-suction-cup","9":"product_cat-vibratorsdildosplugs","10":"product_tag-analuse","11":"product_tag-dildo","12":"product_tag-prostate-toy","13":"product_tag-silicone-sextoy","14":"product_tag-strap-on","15":"product_tag-strap-on-dildo","16":"product_tag-suction-cup","17":"product_tag-vaginal_use","18":"pa_size-s","19":"pa_size-m","20":"nt-post-class","21":"","22":"masonry-item","23":"col-lg-6","31":"first","32":"outofstock","33":"taxable","34":"shipping-taxable","35":"purchasable","36":"product-type-variable","37":"add-to-wishlist-after_add_to_cart"},"acf":[],"brands":[{"id":336,"name":"Fun Factory","slug":"funfactory"}],"_links":{"self":[{"href":"https:\/\/carmogepereira.pt\/pt\/wp-json\/wp\/v2\/product\/8047","targetHints":{"allow":["GET"]}}],"collection":[{"href":"https:\/\/carmogepereira.pt\/pt\/wp-json\/wp\/v2\/product"}],"about":[{"href":"https:\/\/carmogepereira.pt\/pt\/wp-json\/wp\/v2\/types\/product"}],"replies":[{"embeddable":true,"href":"https:\/\/carmogepereira.pt\/pt\/wp-json\/wp\/v2\/comments?post=8047"}],"version-history":[{"count":0,"href":"https:\/\/carmogepereira.pt\/pt\/wp-json\/wp\/v2\/product\/8047\/revisions"}],"wp:featuredmedia":[{"embeddable":true,"href":"https:\/\/carmogepereira.pt\/pt\/wp-json\/wp\/v2\/media\/8057"}],"wp:attachment":[{"href":"https:\/\/carmogepereira.pt\/pt\/wp-json\/wp\/v2\/media?parent=8047"}],"wp:term":[{"taxonomy":"pwb-brand","embeddable":true,"href":"https:\/\/carmogepereira.pt\/pt\/wp-json\/wp\/v2\/pwb-brand?post=8047"},{"taxonomy":"product_brand","embeddable":true,"href":"https:\/\/carmogepereira.pt\/pt\/wp-json\/wp\/v2\/product_brand?post=8047"},{"taxonomy":"product_cat","embeddable":true,"href":"https:\/\/carmogepereira.pt\/pt\/wp-json\/wp\/v2\/product_cat?post=8047"},{"taxonomy":"product_tag","embeddable":true,"href":"https:\/\/carmogepereira.pt\/pt\/wp-json\/wp\/v2\/product_tag?post=8047"}],"curies":[{"name":"wp","href":"https:\/\/api.w.org\/{rel}","templated":true}]}}