{"id":8064,"date":"2022-11-01T17:07:16","date_gmt":"2022-11-01T17:07:16","guid":{"rendered":"http:\/\/carmogepereira.pt\/vaiserperfeito\/?post_type=product&#038;p=8064"},"modified":"2025-12-11T13:39:23","modified_gmt":"2025-12-11T13:39:23","slug":"amorff","status":"publish","type":"product","link":"https:\/\/carmogepereira.pt\/pt\/shop\/amorff\/","title":{"rendered":"Amor Fun Factory"},"content":{"rendered":"<p><strong>Cores:<\/strong><\/p>\n<p>Black, Pink, Rainbow.<\/p>\n<p><b><span data-contrast=\"auto\">Caracter\u00edsticas:<\/span><\/b><span data-ccp-props=\"{&quot;201341983&quot;:0,&quot;335559739&quot;:160,&quot;335559740&quot;:259}\">\u00a0<\/span><\/p>\n<p>Adequado para uso anal e vaginal.<\/p>\n<p>Standard size of 15 cm.<\/p>\n<p>Bulbous head.<\/p>\n<p>Ideal size &amp; shape for riding.<\/p>\n<p>Gently curved tip stimulates the G-spot (anarcha gland and internal clitoris) or prostate.<\/p>\n<p>Harness-compatible, with a super-thin base for even closer contact.<\/p>\n<p>Suction base adheres to smooth, flat surfaces.<\/p>\n<p><b><span data-contrast=\"auto\">Dimens\u00f5es do Produto:<\/span><\/b><\/p>\n<p>14.6cm x \u00d8 2.3-3.7cm.<\/p>\n<p><b><span data-contrast=\"auto\">Conte\u00fado:<\/span><\/b><span data-ccp-props=\"{&quot;201341983&quot;:0,&quot;335559739&quot;:160,&quot;335559740&quot;:259}\">\u00a0<\/span><\/p>\n<p>1x Dildo.<\/p>\n<p><b><span data-contrast=\"auto\">Materiais:<\/span><\/b><\/p>\n<p>Silicone m\u00e9dico de alta qualidade.<\/p>","protected":false},"excerpt":{"rendered":"<p>Amor is a Dildo developed in high quality medical silicone and safe for the body. It is designed slightly curved for an exact precision of the G-spot (anarch gland and internal clitoris) and prostate, its size is 15 cm (standard size) and its base is thin for a closer contact. Its base adapts perfectly to any smooth and flat surface, the best thing is that it is compatible with harness and is suitable for vaginal and anal use. The bulbous head will give the wanted pleasure just in the right spot and if you want to disconnect with a nice relaxing bath you can take it with you since it is submersible! The flared base facilitates stimulation and is perfect for vaginal sex. It is recommended to use water-based lubricant for better insertion and care of the product, as other lubricants may damage the toy.<\/p>\n<p>Limpa cuidadosamente o brinquedo antes da primeira utiliza\u00e7\u00e3o e ap\u00f3s cada utiliza\u00e7\u00e3o.<\/p>","protected":false},"featured_media":8090,"comment_status":"open","ping_status":"closed","template":"","meta":{"_acf_changed":false},"pwb-brand":[336],"product_brand":[],"product_cat":[165,258,164],"product_tag":[260,259,313,537,209,353,364,261],"class_list":{"0":"post-8064","1":"product","2":"type-product","3":"status-publish","4":"has-post-thumbnail","6":"pwb-brand-funfactory","7":"product_cat-dildos","8":"product_cat-strapon-suction-cup","9":"product_cat-vibratorsdildosplugs","10":"product_tag-analuse","11":"product_tag-dildo","12":"product_tag-prostate-toy","13":"product_tag-silicone-sextoy","14":"product_tag-strap-on","15":"product_tag-strap-on-dildo","16":"product_tag-suction-cup","17":"product_tag-vaginal_use","18":"pa_color-black","19":"pa_color-pink","20":"pa_color-rainbow","21":"nt-post-class","22":"","23":"masonry-item","24":"col-lg-6","32":"first","33":"outofstock","34":"taxable","35":"shipping-taxable","36":"purchasable","37":"product-type-variable","38":"add-to-wishlist-after_add_to_cart"},"acf":[],"brands":[{"id":336,"name":"Fun Factory","slug":"funfactory"}],"_links":{"self":[{"href":"https:\/\/carmogepereira.pt\/pt\/wp-json\/wp\/v2\/product\/8064","targetHints":{"allow":["GET"]}}],"collection":[{"href":"https:\/\/carmogepereira.pt\/pt\/wp-json\/wp\/v2\/product"}],"about":[{"href":"https:\/\/carmogepereira.pt\/pt\/wp-json\/wp\/v2\/types\/product"}],"replies":[{"embeddable":true,"href":"https:\/\/carmogepereira.pt\/pt\/wp-json\/wp\/v2\/comments?post=8064"}],"version-history":[{"count":0,"href":"https:\/\/carmogepereira.pt\/pt\/wp-json\/wp\/v2\/product\/8064\/revisions"}],"wp:featuredmedia":[{"embeddable":true,"href":"https:\/\/carmogepereira.pt\/pt\/wp-json\/wp\/v2\/media\/8090"}],"wp:attachment":[{"href":"https:\/\/carmogepereira.pt\/pt\/wp-json\/wp\/v2\/media?parent=8064"}],"wp:term":[{"taxonomy":"pwb-brand","embeddable":true,"href":"https:\/\/carmogepereira.pt\/pt\/wp-json\/wp\/v2\/pwb-brand?post=8064"},{"taxonomy":"product_brand","embeddable":true,"href":"https:\/\/carmogepereira.pt\/pt\/wp-json\/wp\/v2\/product_brand?post=8064"},{"taxonomy":"product_cat","embeddable":true,"href":"https:\/\/carmogepereira.pt\/pt\/wp-json\/wp\/v2\/product_cat?post=8064"},{"taxonomy":"product_tag","embeddable":true,"href":"https:\/\/carmogepereira.pt\/pt\/wp-json\/wp\/v2\/product_tag?post=8064"}],"curies":[{"name":"wp","href":"https:\/\/api.w.org\/{rel}","templated":true}]}}