{"id":8116,"date":"2022-11-01T20:08:01","date_gmt":"2022-11-01T20:08:01","guid":{"rendered":"http:\/\/carmogepereira.pt\/vaiserperfeito\/?post_type=product&#038;p=8116"},"modified":"2025-12-11T13:39:23","modified_gmt":"2025-12-11T13:39:23","slug":"thebossrstubff","status":"publish","type":"product","link":"https:\/\/carmogepereira.pt\/pt\/shop\/thebossrstubff\/","title":{"rendered":"The Boss Stub Fun Factory"},"content":{"rendered":"<p><strong>Cores:<\/strong><\/p>\n<p>Beige, Black, Pink.<\/p>\n<p><b><span data-contrast=\"auto\">Caracter\u00edsticas:<\/span><\/b><span data-ccp-props=\"{&quot;201341983&quot;:0,&quot;335559739&quot;:160,&quot;335559740&quot;:259}\">\u00a0<\/span><\/p>\n<p>Adequado para uso anal e vaginal.<\/p>\n<p>Designed for people who crave size.<\/p>\n<p>Pronounced head massages the G-spot (anarcha gland and internal clitoris) with every thrust.<\/p>\n<p>Extra-thin base: get closer than ever before.<\/p>\n<p>Strap it on or attach it to a flat, smooth surface.<\/p>\n<p>Flexible shaft and\u00a0Realistic design.<\/p>\n<p>Body-safe materials.<\/p>\n<p>Water resistant.<\/p>\n<p><b><span data-contrast=\"auto\">Dimens\u00f5es do Produto:<\/span><\/b><\/p>\n<p>17.9cm x \u00d8 4.4cm.<\/p>\n<p><b><span data-contrast=\"auto\">Conte\u00fado:<\/span><\/b><span data-ccp-props=\"{&quot;201341983&quot;:0,&quot;335559739&quot;:160,&quot;335559740&quot;:259}\">\u00a0<\/span><\/p>\n<p>1x Dildo.<\/p>\n<p><b><span data-contrast=\"auto\">Materiais:<\/span><\/b><\/p>\n<p>Silicone m\u00e9dico de alta qualidade.<\/p>","protected":false},"excerpt":{"rendered":"<p>The Boss is a realistic dildo developed in high quality, body-safe medical silicone. It is designed with a slim base, its prominent head is perfect for G-Spot (anarcha gland and internal clitoris)\u00a0stimulation and ideal for people who crave considerable sizes. The Boss has a size of 18cm and a diameter of 4.4cm, its veins make it real and its incredible head will provide you with pleasurable prostate and G-spot massages. Its flexible shaft provides easy play and the silicone is velvety for extra cushioning during play. Its base adapts perfectly to any smooth and flat surface, suitable for anal and vaginal use and you can even take a nice relaxing bath as it is submersible! It is recommended to use water-based lubricant for better insertion and care of the product, as other lubricants could damage the toy.<\/p>\n<p>Limpa cuidadosamente o brinquedo antes da primeira utiliza\u00e7\u00e3o e ap\u00f3s cada utiliza\u00e7\u00e3o.<\/p>","protected":false},"featured_media":8135,"comment_status":"open","ping_status":"closed","template":"","meta":{"_acf_changed":false},"pwb-brand":[336],"product_brand":[],"product_cat":[165,258,164],"product_tag":[260,259,484,537,209,353,364,261],"class_list":{"0":"post-8116","1":"product","2":"type-product","3":"status-publish","4":"has-post-thumbnail","6":"pwb-brand-funfactory","7":"product_cat-dildos","8":"product_cat-strapon-suction-cup","9":"product_cat-vibratorsdildosplugs","10":"product_tag-analuse","11":"product_tag-dildo","12":"product_tag-realistic-dildo","13":"product_tag-silicone-sextoy","14":"product_tag-strap-on","15":"product_tag-strap-on-dildo","16":"product_tag-suction-cup","17":"product_tag-vaginal_use","18":"pa_color-beige","19":"pa_color-black","20":"pa_color-pink","21":"nt-post-class","22":"","23":"masonry-item","24":"col-lg-6","32":"first","33":"outofstock","34":"taxable","35":"shipping-taxable","36":"purchasable","37":"product-type-variable","38":"add-to-wishlist-after_add_to_cart"},"acf":[],"brands":[{"id":336,"name":"Fun Factory","slug":"funfactory"}],"_links":{"self":[{"href":"https:\/\/carmogepereira.pt\/pt\/wp-json\/wp\/v2\/product\/8116","targetHints":{"allow":["GET"]}}],"collection":[{"href":"https:\/\/carmogepereira.pt\/pt\/wp-json\/wp\/v2\/product"}],"about":[{"href":"https:\/\/carmogepereira.pt\/pt\/wp-json\/wp\/v2\/types\/product"}],"replies":[{"embeddable":true,"href":"https:\/\/carmogepereira.pt\/pt\/wp-json\/wp\/v2\/comments?post=8116"}],"version-history":[{"count":0,"href":"https:\/\/carmogepereira.pt\/pt\/wp-json\/wp\/v2\/product\/8116\/revisions"}],"wp:featuredmedia":[{"embeddable":true,"href":"https:\/\/carmogepereira.pt\/pt\/wp-json\/wp\/v2\/media\/8135"}],"wp:attachment":[{"href":"https:\/\/carmogepereira.pt\/pt\/wp-json\/wp\/v2\/media?parent=8116"}],"wp:term":[{"taxonomy":"pwb-brand","embeddable":true,"href":"https:\/\/carmogepereira.pt\/pt\/wp-json\/wp\/v2\/pwb-brand?post=8116"},{"taxonomy":"product_brand","embeddable":true,"href":"https:\/\/carmogepereira.pt\/pt\/wp-json\/wp\/v2\/product_brand?post=8116"},{"taxonomy":"product_cat","embeddable":true,"href":"https:\/\/carmogepereira.pt\/pt\/wp-json\/wp\/v2\/product_cat?post=8116"},{"taxonomy":"product_tag","embeddable":true,"href":"https:\/\/carmogepereira.pt\/pt\/wp-json\/wp\/v2\/product_tag?post=8116"}],"curies":[{"name":"wp","href":"https:\/\/api.w.org\/{rel}","templated":true}]}}