{"id":8138,"date":"2022-11-01T21:29:15","date_gmt":"2022-11-01T21:29:15","guid":{"rendered":"http:\/\/carmogepereira.pt\/vaiserperfeito\/?post_type=product&#038;p=8138"},"modified":"2025-12-11T13:39:23","modified_gmt":"2025-12-11T13:39:23","slug":"thebouncerff","status":"publish","type":"product","link":"https:\/\/carmogepereira.pt\/pt\/shop\/thebouncerff\/","title":{"rendered":"The Bouncer Fun Factory"},"content":{"rendered":"<p><strong>Cores:<\/strong><\/p>\n<p>Purple, Light Green.<\/p>\n<p><b><span data-contrast=\"auto\">Caracter\u00edsticas:<\/span><\/b><span data-ccp-props=\"{&quot;201341983&quot;:0,&quot;335559739&quot;:160,&quot;335559740&quot;:259}\">\u00a0<\/span><\/p>\n<p>Three weighted balls bounce and roll inside the shaft as you move.<\/p>\n<p>Wavy shaft for an exciting sensation.<\/p>\n<p>An organic sensation no other dildo can give you<\/p>\n<p>Harness compatible.<\/p>\n<p>Amazing for strapping on\u2014rewards every thrust.<\/p>\n<p>Thin base lets you get closer than ever.<\/p>\n<p>Suctions to smooth, flat surfaces.<\/p>\n<p>Soft touch.<\/p>\n<p>Adequado para uso anal e vaginal.<\/p>\n<p>Submersible.<\/p>\n<p><b><span data-contrast=\"auto\">Dimens\u00f5es do Produto:<\/span><\/b><\/p>\n<p>18cm x \u00d8 4cm.<\/p>\n<p><b><span data-contrast=\"auto\">Conte\u00fado:<\/span><\/b><span data-ccp-props=\"{&quot;201341983&quot;:0,&quot;335559739&quot;:160,&quot;335559740&quot;:259}\">\u00a0<\/span><\/p>\n<p>1x Dildo.<\/p>\n<p><b><span data-contrast=\"auto\">Materiais:<\/span><\/b><\/p>\n<p>Silicone m\u00e9dico de alta qualidade.<\/p>","protected":false},"excerpt":{"rendered":"<p>Bouncer is a Dildo developed in high quality medical silicone and safe for the body. It is designed with waves all over its shaft, with 3 balls that have a small weight inside that make them bounce and move inside the shaft with the movement, giving an exciting and more pleasurable sensation than vibration. Due to its slim base will allow you to be closer to your partner, depending on the movement that you provide so noisy Bouncer will be. Its round tip facilitates the comfortable insertion and will give you intense pleasure in every movement. Its touch is soft and it is harness compatible. Its base adapts perfectly to any smooth and flat surface. Suitable for anal and vaginal use and you can even take a nice relaxing bath since it is submersible! It is recommended to use water-based lubricant for better insertion and care of the product, as other lubricants could damage the toy.<\/p>\n<p>Limpa cuidadosamente o brinquedo antes da primeira utiliza\u00e7\u00e3o e ap\u00f3s cada utiliza\u00e7\u00e3o.<\/p>\n<div style=\"width: 352px;\" class=\"wp-video\"><!--[if lt IE 9]><script>document.createElement('video');<\/script><![endif]--><br \/>\n<video class=\"wp-video-shortcode\" id=\"video-8138-1\" width=\"352\" height=\"240\" preload=\"metadata\" controls=\"controls\"><source type=\"video\/mp4\" src=\"http:\/\/carmogepereira.pt\/vaiserperfeito\/wp-content\/uploads\/2022\/11\/BOUNCER_Produktvideo_EN-2.mp4?_=1\" \/><a href=\"http:\/\/carmogepereira.pt\/vaiserperfeito\/wp-content\/uploads\/2022\/11\/BOUNCER_Produktvideo_EN-2.mp4\">http:\/\/carmogepereira.pt\/vaiserperfeito\/wp-content\/uploads\/2022\/11\/BOUNCER_Produktvideo_EN-2.mp4<\/a><\/video><\/div>","protected":false},"featured_media":12821,"comment_status":"open","ping_status":"closed","template":"","meta":{"_acf_changed":false},"pwb-brand":[336],"product_brand":[],"product_cat":[165,258,164],"product_tag":[260,259,537,209,353,364,261],"class_list":{"0":"post-8138","1":"product","2":"type-product","3":"status-publish","4":"has-post-thumbnail","6":"pwb-brand-funfactory","7":"product_cat-dildos","8":"product_cat-strapon-suction-cup","9":"product_cat-vibratorsdildosplugs","10":"product_tag-analuse","11":"product_tag-dildo","12":"product_tag-silicone-sextoy","13":"product_tag-strap-on","14":"product_tag-strap-on-dildo","15":"product_tag-suction-cup","16":"product_tag-vaginal_use","17":"pa_color-light-green","18":"pa_color-purple","19":"nt-post-class","20":"","21":"masonry-item","22":"col-lg-6","30":"first","31":"outofstock","32":"taxable","33":"shipping-taxable","34":"purchasable","35":"product-type-variable","36":"add-to-wishlist-after_add_to_cart"},"acf":[],"brands":[{"id":336,"name":"Fun Factory","slug":"funfactory"}],"_links":{"self":[{"href":"https:\/\/carmogepereira.pt\/pt\/wp-json\/wp\/v2\/product\/8138","targetHints":{"allow":["GET"]}}],"collection":[{"href":"https:\/\/carmogepereira.pt\/pt\/wp-json\/wp\/v2\/product"}],"about":[{"href":"https:\/\/carmogepereira.pt\/pt\/wp-json\/wp\/v2\/types\/product"}],"replies":[{"embeddable":true,"href":"https:\/\/carmogepereira.pt\/pt\/wp-json\/wp\/v2\/comments?post=8138"}],"version-history":[{"count":0,"href":"https:\/\/carmogepereira.pt\/pt\/wp-json\/wp\/v2\/product\/8138\/revisions"}],"wp:featuredmedia":[{"embeddable":true,"href":"https:\/\/carmogepereira.pt\/pt\/wp-json\/wp\/v2\/media\/12821"}],"wp:attachment":[{"href":"https:\/\/carmogepereira.pt\/pt\/wp-json\/wp\/v2\/media?parent=8138"}],"wp:term":[{"taxonomy":"pwb-brand","embeddable":true,"href":"https:\/\/carmogepereira.pt\/pt\/wp-json\/wp\/v2\/pwb-brand?post=8138"},{"taxonomy":"product_brand","embeddable":true,"href":"https:\/\/carmogepereira.pt\/pt\/wp-json\/wp\/v2\/product_brand?post=8138"},{"taxonomy":"product_cat","embeddable":true,"href":"https:\/\/carmogepereira.pt\/pt\/wp-json\/wp\/v2\/product_cat?post=8138"},{"taxonomy":"product_tag","embeddable":true,"href":"https:\/\/carmogepereira.pt\/pt\/wp-json\/wp\/v2\/product_tag?post=8138"}],"curies":[{"name":"wp","href":"https:\/\/api.w.org\/{rel}","templated":true}]}}