{"id":8288,"date":"2022-11-02T12:31:21","date_gmt":"2022-11-02T12:31:21","guid":{"rendered":"http:\/\/carmogepereira.pt\/vaiserperfeito\/?post_type=product&#038;p=8288"},"modified":"2025-12-13T09:35:39","modified_gmt":"2025-12-13T09:35:39","slug":"kajsayd","status":"publish","type":"product","link":"https:\/\/carmogepereira.pt\/pt\/shop\/kajsayd\/","title":{"rendered":"Kajsa Ylva &#038; Dite"},"content":{"rendered":"<p><strong>Cores:<\/strong><\/p>\n<p>Preto, Azul, Lavanda (Vanity Pink), Azul Claro (C\u00e9u), Rosa Claro (Balada), Rosa (Violeta), Roxo (Vanity Pink \/ Luster Violet), Vermelho, Branco (Smoke\/Luster Blue).<\/p>\n<p><b><span data-contrast=\"auto\">Caracter\u00edsticas:<\/span><\/b><span data-ccp-props=\"{&quot;201341983&quot;:0,&quot;335559739&quot;:160,&quot;335559740&quot;:259}\">\u00a0<\/span><\/p>\n<p>Dildo ergon\u00f3mico.<\/p>\n<p>Eixo curvo.<\/p>\n<p>Com sulcos no eixo.<\/p>\n<p>Termina\u00e7\u00e3o em ponta arredondada.<\/p>\n<p>Para penetra\u00e7\u00e3o vaginal ou anal.<\/p>\n<p>Flex\u00edvel mas consistente.<\/p>\n<p>Termina\u00e7\u00e3o em ponta arredondada.<\/p>\n<p>Base segura para a penetra\u00e7\u00e3o anal.<\/p>\n<p>Adequado para ser combinado com um arn\u00eas.<\/p>\n<p>Base de ventosa que adere a superf\u00edcies planas.<\/p>\n<p>Feito \u00e0 m\u00e3o na Holanda.<\/p>\n<p>Recicl\u00e1vel.<\/p>\n<p>\u00c0 prova de \u00e1gua e f\u00e1cil de limpar.<\/p>\n<p>A utiliza\u00e7\u00e3o de lubrificante \u00e0 base de \u00e1gua melhora a experi\u00eancia.<\/p>\n<p><b><span data-contrast=\"auto\">Dimens\u00f5es do Produto:<\/span><\/b><\/p>\n<p>18.5cm x \u00d8 3cm-4.6cm.<\/p>\n<p><b><span data-contrast=\"auto\">Conte\u00fado:<\/span><\/b><span data-ccp-props=\"{&quot;201341983&quot;:0,&quot;335559739&quot;:160,&quot;335559740&quot;:259}\">\u00a0<\/span><\/p>\n<p>1x Dildo.<\/p>\n<p><b><span data-contrast=\"auto\">Materiais:<\/span><\/b><\/p>\n<p>100% silicone premium.<\/p>\n<p>&nbsp;<\/p>","protected":false},"excerpt":{"rendered":"<p>Kajsa \u00e9 um dildo de alta qualidade com um desenho muito ergon\u00f3mico, concebido para penetra\u00e7\u00f5es vaginais ou anais. Com um eixo curvo, muito flex\u00edvel mas consistente, com ranhuras suavemente salientes e ponta arredondada. Gra\u00e7as \u00e0 curvatura da ponta, massaja precisamente o ponto G (gl\u00e2ndula de anarcha e cl\u00edtoris interno) ou a \u00e1rea da pr\u00f3stata. Tem uma base segura para penetra\u00e7\u00f5es anais, \u00e9 totalmente adequado para combinar com um arn\u00eas e funciona tamb\u00e9m como uma ventosa para aderir a qualquer superf\u00edcie plana, abrindo assim uma vasta gama de possibilidades de uso, quer isoladamente quer com companhia.\u00a0Fabricado num material de primeira qualidade, 100% silicone de alta qualidade, com um acabamento realmente sedoso e feito \u00e0 m\u00e3o com o maior cuidado. \u00c9 importante notar que \u00e9 totalmente recicl\u00e1vel, \u00e0 prova de \u00e1gua e muito f\u00e1cil de limpar.<\/p>\n<p>A utiliza\u00e7\u00e3o de lubrificante \u00e0 base de \u00e1gua melhora a experi\u00eancia.<\/p>","protected":false},"featured_media":8312,"comment_status":"open","ping_status":"closed","template":"","meta":{"_acf_changed":false},"pwb-brand":[486],"product_brand":[],"product_cat":[165,258,164],"product_tag":[260,259,313,537,209,353,364,261],"class_list":{"0":"post-8288","1":"product","2":"type-product","3":"status-publish","4":"has-post-thumbnail","6":"pwb-brand-ylvaanddite","7":"product_cat-dildos","8":"product_cat-strapon-suction-cup","9":"product_cat-vibratorsdildosplugs","10":"product_tag-analuse","11":"product_tag-dildo","12":"product_tag-prostate-toy","13":"product_tag-silicone-sextoy","14":"product_tag-strap-on","15":"product_tag-strap-on-dildo","16":"product_tag-suction-cup","17":"product_tag-vaginal_use","18":"pa_color-black","19":"pa_color-blue","20":"pa_color-lavander","21":"pa_color-light-blue","22":"pa_color-light-pink","23":"pa_color-pink","24":"pa_color-purple","25":"pa_color-red","26":"pa_color-white","27":"nt-post-class","28":"","29":"masonry-item","30":"col-lg-6","38":"first","39":"outofstock","40":"taxable","41":"shipping-taxable","42":"purchasable","43":"product-type-variable","44":"add-to-wishlist-after_add_to_cart"},"acf":[],"brands":[{"id":486,"name":"Ylva &amp; Dite","slug":"ylvaanddite"}],"_links":{"self":[{"href":"https:\/\/carmogepereira.pt\/pt\/wp-json\/wp\/v2\/product\/8288","targetHints":{"allow":["GET"]}}],"collection":[{"href":"https:\/\/carmogepereira.pt\/pt\/wp-json\/wp\/v2\/product"}],"about":[{"href":"https:\/\/carmogepereira.pt\/pt\/wp-json\/wp\/v2\/types\/product"}],"replies":[{"embeddable":true,"href":"https:\/\/carmogepereira.pt\/pt\/wp-json\/wp\/v2\/comments?post=8288"}],"version-history":[{"count":0,"href":"https:\/\/carmogepereira.pt\/pt\/wp-json\/wp\/v2\/product\/8288\/revisions"}],"wp:featuredmedia":[{"embeddable":true,"href":"https:\/\/carmogepereira.pt\/pt\/wp-json\/wp\/v2\/media\/8312"}],"wp:attachment":[{"href":"https:\/\/carmogepereira.pt\/pt\/wp-json\/wp\/v2\/media?parent=8288"}],"wp:term":[{"taxonomy":"pwb-brand","embeddable":true,"href":"https:\/\/carmogepereira.pt\/pt\/wp-json\/wp\/v2\/pwb-brand?post=8288"},{"taxonomy":"product_brand","embeddable":true,"href":"https:\/\/carmogepereira.pt\/pt\/wp-json\/wp\/v2\/product_brand?post=8288"},{"taxonomy":"product_cat","embeddable":true,"href":"https:\/\/carmogepereira.pt\/pt\/wp-json\/wp\/v2\/product_cat?post=8288"},{"taxonomy":"product_tag","embeddable":true,"href":"https:\/\/carmogepereira.pt\/pt\/wp-json\/wp\/v2\/product_tag?post=8288"}],"curies":[{"name":"wp","href":"https:\/\/api.w.org\/{rel}","templated":true}]}}