{"id":8383,"date":"2022-11-02T15:06:38","date_gmt":"2022-11-02T15:06:38","guid":{"rendered":"http:\/\/carmogepereira.pt\/vaiserperfeito\/?post_type=product&#038;p=8383"},"modified":"2025-12-13T09:19:19","modified_gmt":"2025-12-13T09:19:19","slug":"pricklypearyd","status":"publish","type":"product","link":"https:\/\/carmogepereira.pt\/pt\/shop\/pricklypearyd\/","title":{"rendered":"Prickly Pear Ylva &#038; Dite"},"content":{"rendered":"<p><strong>Cores:<\/strong><\/p>\n<p>Black, Pink (Violet).<\/p>\n<p><b><span data-contrast=\"auto\">Caracter\u00edsticas:<\/span><\/b><span data-ccp-props=\"{&quot;201341983&quot;:0,&quot;335559739&quot;:160,&quot;335559740&quot;:259}\">\u00a0<\/span><\/p>\n<p>Dildo estimulante.<\/p>\n<p>Para penetra\u00e7\u00e3o vaginal ou anal.<\/p>\n<p>Straight shaft.<\/p>\n<p>Flex\u00edvel mas consistente.<\/p>\n<p>With spiral grooves and beads protruding from the shaft.<\/p>\n<p>Finished with rounded tip.<\/p>\n<p>Estimula a pessoa penetrada.<\/p>\n<p>Base segura para a penetra\u00e7\u00e3o anal.<\/p>\n<p>Adequado para ser combinado com um arn\u00eas.<\/p>\n<p>Base de ventosa que adere a superf\u00edcies planas.<\/p>\n<p>Vers\u00e1til.<\/p>\n<p>Feito \u00e0 m\u00e3o na Holanda.<\/p>\n<p>Recicl\u00e1vel.<\/p>\n<p>\u00c0 prova de \u00e1gua e f\u00e1cil de limpar.<\/p>\n<p>A utiliza\u00e7\u00e3o de lubrificante \u00e0 base de \u00e1gua melhora a experi\u00eancia.<\/p>\n<p><b><span data-contrast=\"auto\">Dimens\u00f5es do Produto:<\/span><\/b><\/p>\n<p>17.2cm x \u00d8 4cm.<\/p>\n<p><b><span data-contrast=\"auto\">Conte\u00fado:<\/span><\/b><span data-ccp-props=\"{&quot;201341983&quot;:0,&quot;335559739&quot;:160,&quot;335559740&quot;:259}\">\u00a0<\/span><\/p>\n<p>1x Dildo.<\/p>\n<p><b><span data-contrast=\"auto\">Materiais:<\/span><\/b><\/p>\n<p>100% silicone premium.<\/p>","protected":false},"excerpt":{"rendered":"<p>Prickly Pear is a high quality dildo with a stimulating design, designed for vaginal or anal penetration. With a straight shaft, very flexible but consistent, with spiral grooves and small pearls that protrude gently and finished with a rounded tip. Thanks to its texture, it provides more sensations during penetration. It has a safe base for anal penetrations, it is totally suitable to combine it with a harness and also makes the suction cup function to adhere to any flat surface, thus opening a wide range of possibilities for use either alone or in company. Manufactured in a premium material, 100% high quality silicone, with a really silky finish and handmade with the utmost care. Importantly, it is fully recyclable, waterproof and very easy to clean.<\/p>\n<p>A utiliza\u00e7\u00e3o de lubrificante \u00e0 base de \u00e1gua melhora a experi\u00eancia.<\/p>","protected":false},"featured_media":8399,"comment_status":"open","ping_status":"closed","template":"","meta":{"_acf_changed":false},"pwb-brand":[486],"product_brand":[],"product_cat":[165,258,164],"product_tag":[260,259,537,209,353,364,261],"class_list":{"0":"post-8383","1":"product","2":"type-product","3":"status-publish","4":"has-post-thumbnail","6":"pwb-brand-ylvaanddite","7":"product_cat-dildos","8":"product_cat-strapon-suction-cup","9":"product_cat-vibratorsdildosplugs","10":"product_tag-analuse","11":"product_tag-dildo","12":"product_tag-silicone-sextoy","13":"product_tag-strap-on","14":"product_tag-strap-on-dildo","15":"product_tag-suction-cup","16":"product_tag-vaginal_use","17":"pa_color-black","18":"pa_color-pink","19":"nt-post-class","20":"","21":"masonry-item","22":"col-lg-6","30":"first","31":"outofstock","32":"taxable","33":"shipping-taxable","34":"purchasable","35":"product-type-variable","36":"add-to-wishlist-after_add_to_cart"},"acf":[],"brands":[{"id":486,"name":"Ylva &amp; Dite","slug":"ylvaanddite"}],"_links":{"self":[{"href":"https:\/\/carmogepereira.pt\/pt\/wp-json\/wp\/v2\/product\/8383","targetHints":{"allow":["GET"]}}],"collection":[{"href":"https:\/\/carmogepereira.pt\/pt\/wp-json\/wp\/v2\/product"}],"about":[{"href":"https:\/\/carmogepereira.pt\/pt\/wp-json\/wp\/v2\/types\/product"}],"replies":[{"embeddable":true,"href":"https:\/\/carmogepereira.pt\/pt\/wp-json\/wp\/v2\/comments?post=8383"}],"version-history":[{"count":0,"href":"https:\/\/carmogepereira.pt\/pt\/wp-json\/wp\/v2\/product\/8383\/revisions"}],"wp:featuredmedia":[{"embeddable":true,"href":"https:\/\/carmogepereira.pt\/pt\/wp-json\/wp\/v2\/media\/8399"}],"wp:attachment":[{"href":"https:\/\/carmogepereira.pt\/pt\/wp-json\/wp\/v2\/media?parent=8383"}],"wp:term":[{"taxonomy":"pwb-brand","embeddable":true,"href":"https:\/\/carmogepereira.pt\/pt\/wp-json\/wp\/v2\/pwb-brand?post=8383"},{"taxonomy":"product_brand","embeddable":true,"href":"https:\/\/carmogepereira.pt\/pt\/wp-json\/wp\/v2\/product_brand?post=8383"},{"taxonomy":"product_cat","embeddable":true,"href":"https:\/\/carmogepereira.pt\/pt\/wp-json\/wp\/v2\/product_cat?post=8383"},{"taxonomy":"product_tag","embeddable":true,"href":"https:\/\/carmogepereira.pt\/pt\/wp-json\/wp\/v2\/product_tag?post=8383"}],"curies":[{"name":"wp","href":"https:\/\/api.w.org\/{rel}","templated":true}]}}