{"id":8423,"date":"2022-11-02T19:59:05","date_gmt":"2022-11-02T19:59:05","guid":{"rendered":"http:\/\/carmogepereira.pt\/vaiserperfeito\/?post_type=product&#038;p=8423"},"modified":"2025-12-13T09:05:36","modified_gmt":"2025-12-13T09:05:36","slug":"swanyd","status":"publish","type":"product","link":"https:\/\/carmogepereira.pt\/pt\/shop\/swanyd\/","title":{"rendered":"Swan Ylva &#038; Dite"},"content":{"rendered":"<p><strong>Cores:<\/strong><\/p>\n<p>Bege ( Honey), Preto, Azul, Lavanda (Vanity Pink), Azul Claro (Sky), Rosa Claro (Ballad), Rosa (Violet), Vermelho.<\/p>\n<p><b><span data-contrast=\"auto\">Caracter\u00edsticas:<\/span><\/b><span data-ccp-props=\"{&quot;201341983&quot;:0,&quot;335559739&quot;:160,&quot;335559740&quot;:259}\">\u00a0<\/span><\/p>\n<p>Dildo ergon\u00f3mico.<\/p>\n<p>Para penetra\u00e7\u00e3o vaginal ou anal.<\/p>\n<p>Eixo curvo.<\/p>\n<p>Flex\u00edvel mas consistente.<\/p>\n<p>Muito suave e sedoso.<\/p>\n<p>Termina\u00e7\u00e3o em ponta arredondada.<\/p>\n<p>Base segura para a penetra\u00e7\u00e3o anal.<\/p>\n<p>Adequado para ser combinado com um arn\u00eas.<\/p>\n<p>Base de ventosa que adere a superf\u00edcies planas.<\/p>\n<p>Vers\u00e1til.<\/p>\n<p>Feito \u00e0 m\u00e3o na Holanda.<\/p>\n<p>Recicl\u00e1vel.<\/p>\n<p>\u00c0 prova de \u00e1gua e f\u00e1cil de limpar.<\/p>\n<p>A utiliza\u00e7\u00e3o de lubrificante \u00e0 base de \u00e1gua melhora a experi\u00eancia.<\/p>\n<p><b><span data-contrast=\"auto\">Dimens\u00f5es do Produto:<\/span><\/b><\/p>\n<p>18cm x \u00d8 3cm-4cm.<\/p>\n<p><b><span data-contrast=\"auto\">Conte\u00fado:<\/span><\/b><span data-ccp-props=\"{&quot;201341983&quot;:0,&quot;335559739&quot;:160,&quot;335559740&quot;:259}\">\u00a0<\/span><\/p>\n<p>1x Dildo.<\/p>\n<p><b><span data-contrast=\"auto\">Materiais:<\/span><\/b><\/p>\n<p>100% silicone premium.<\/p>","protected":false},"excerpt":{"rendered":"<p>O Swan \u00e9 um dildo de alta qualidade com um desenho simples e ergon\u00f3mico, concebido para penetra\u00e7\u00e3o vaginal ou anal.\u00a0Com uma haste curva e alongada, muito flex\u00edvel mas consistente, suave, macia e acabada com uma ponta arredondada. Gra\u00e7as \u00e0 curvatura da ponta, massaja precisamente a zona G ou pr\u00f3stata. Tem uma base segura para penetra\u00e7\u00f5es anais, totalmente adequada para a combinar com um arn\u00eas e funciona tamb\u00e9m como ventosa para aderir a qualquer superf\u00edcie plana, abrindo assim uma vasta gama de possibilidades de utiliza\u00e7\u00e3o, quer isoladamente quer em companhia.\u00a0Fabricado num material de primeira qualidade, 100% silicone de alta qualidade, com um acabamento realmente sedoso e feito \u00e0 m\u00e3o com o maior cuidado. \u00c9 importante notar que \u00e9 totalmente recicl\u00e1vel, \u00e0 prova de \u00e1gua e muito f\u00e1cil de limpar.<\/p>\n<p>A utiliza\u00e7\u00e3o de lubrificante \u00e0 base de \u00e1gua melhora a experi\u00eancia.<\/p>","protected":false},"featured_media":11361,"comment_status":"open","ping_status":"closed","template":"","meta":{"_acf_changed":false},"pwb-brand":[486],"product_brand":[],"product_cat":[165,258,164,555],"product_tag":[260,259,313,537,209,353,364,261],"class_list":{"0":"post-8423","1":"product","2":"type-product","3":"status-publish","4":"has-post-thumbnail","6":"pwb-brand-ylvaanddite","7":"product_cat-dildos","8":"product_cat-strapon-suction-cup","9":"product_cat-vibratorsdildosplugs","10":"product_cat-readytoship","11":"product_tag-analuse","12":"product_tag-dildo","13":"product_tag-prostate-toy","14":"product_tag-silicone-sextoy","15":"product_tag-strap-on","16":"product_tag-strap-on-dildo","17":"product_tag-suction-cup","18":"product_tag-vaginal_use","19":"pa_color-light-blue","20":"nt-post-class","21":"","22":"masonry-item","23":"col-lg-6","31":"first","32":"outofstock","33":"taxable","34":"shipping-taxable","35":"purchasable","36":"product-type-simple","37":"add-to-wishlist-after_add_to_cart"},"acf":[],"brands":[{"id":486,"name":"Ylva &amp; Dite","slug":"ylvaanddite"}],"_links":{"self":[{"href":"https:\/\/carmogepereira.pt\/pt\/wp-json\/wp\/v2\/product\/8423","targetHints":{"allow":["GET"]}}],"collection":[{"href":"https:\/\/carmogepereira.pt\/pt\/wp-json\/wp\/v2\/product"}],"about":[{"href":"https:\/\/carmogepereira.pt\/pt\/wp-json\/wp\/v2\/types\/product"}],"replies":[{"embeddable":true,"href":"https:\/\/carmogepereira.pt\/pt\/wp-json\/wp\/v2\/comments?post=8423"}],"version-history":[{"count":0,"href":"https:\/\/carmogepereira.pt\/pt\/wp-json\/wp\/v2\/product\/8423\/revisions"}],"wp:featuredmedia":[{"embeddable":true,"href":"https:\/\/carmogepereira.pt\/pt\/wp-json\/wp\/v2\/media\/11361"}],"wp:attachment":[{"href":"https:\/\/carmogepereira.pt\/pt\/wp-json\/wp\/v2\/media?parent=8423"}],"wp:term":[{"taxonomy":"pwb-brand","embeddable":true,"href":"https:\/\/carmogepereira.pt\/pt\/wp-json\/wp\/v2\/pwb-brand?post=8423"},{"taxonomy":"product_brand","embeddable":true,"href":"https:\/\/carmogepereira.pt\/pt\/wp-json\/wp\/v2\/product_brand?post=8423"},{"taxonomy":"product_cat","embeddable":true,"href":"https:\/\/carmogepereira.pt\/pt\/wp-json\/wp\/v2\/product_cat?post=8423"},{"taxonomy":"product_tag","embeddable":true,"href":"https:\/\/carmogepereira.pt\/pt\/wp-json\/wp\/v2\/product_tag?post=8423"}],"curies":[{"name":"wp","href":"https:\/\/api.w.org\/{rel}","templated":true}]}}