{"id":8983,"date":"2022-11-06T18:15:33","date_gmt":"2022-11-06T18:15:33","guid":{"rendered":"http:\/\/carmogepereira.pt\/vaiserperfeito\/?post_type=product&#038;p=8983"},"modified":"2025-12-13T09:03:19","modified_gmt":"2025-12-13T09:03:19","slug":"vito-feelztoys","status":"publish","type":"product","link":"https:\/\/carmogepereira.pt\/pt\/shop\/vito-feelztoys\/","title":{"rendered":"Vito Feelztoys"},"content":{"rendered":"<p><b><span data-contrast=\"auto\">Caracter\u00edsticas:<\/span><\/b><\/p>\n<p>Extremamente suave.<\/p>\n<p>Completamente sem costura.<\/p>\n<p>Desenho funcional.<\/p>\n<p>Silicone de alta qualidade.<\/p>\n<p>Material seguro para o corpo.<\/p>\n<p>F\u00e1cil de limpar.<\/p>\n<p>\u00c0 prova de \u00e1gua.<\/p>\n<p><b><span data-contrast=\"auto\">Dimens\u00f5es do Produto:<\/span><\/b><\/p>\n<p>3cm x 13cm.<\/p>\n<p><b><span data-contrast=\"auto\">Conte\u00fado:<\/span><\/b><span data-ccp-props=\"{&quot;201341983&quot;:0,&quot;335559739&quot;:160,&quot;335559740&quot;:259}\">\u00a0<\/span><\/p>\n<p>1x plug.<\/p>\n<p><b><span data-contrast=\"auto\">Materiais:<\/span><\/b><span data-ccp-props=\"{&quot;201341983&quot;:0,&quot;335559739&quot;:160,&quot;335559740&quot;:259}\">\u00a0<\/span><\/p>\n<p class=\"toolbar toolbar-top\">Silicone.<\/p>","protected":false},"excerpt":{"rendered":"<p>Este butt plug atractivo, moderno e de design ergon\u00f3mico \u00e9 feito de silicone 100% de qualidade m\u00e9dica.\u00a0Extremamente macio, completamente sem costura e facilmente encontra os pontos certos, gra\u00e7as ao seu design funcional.<\/p>","protected":false},"featured_media":11363,"comment_status":"open","ping_status":"closed","template":"","meta":{"_acf_changed":false},"pwb-brand":[413],"product_brand":[],"product_cat":[155,311,171,492,555],"product_tag":[289,312,537,549,329],"class_list":{"0":"post-8983","1":"product","2":"type-product","3":"status-publish","4":"has-post-thumbnail","6":"pwb-brand-feelztoys","7":"product_cat-packs-promos","8":"product_cat-plain-plugs","9":"product_cat-plugs","10":"product_cat-promos","11":"product_cat-readytoship","12":"product_tag-internal","13":"product_tag-plug","14":"product_tag-silicone-sextoy","15":"product_tag-simple-plug","16":"product_tag-waterproof","17":"pa_color-purple","18":"nt-post-class","19":"","20":"masonry-item","21":"col-lg-6","29":"first","30":"outofstock","31":"sale","32":"taxable","33":"shipping-taxable","34":"purchasable","35":"product-type-simple","36":"add-to-wishlist-after_add_to_cart"},"acf":[],"brands":[{"id":413,"name":"Feelztoys","slug":"feelztoys"}],"_links":{"self":[{"href":"https:\/\/carmogepereira.pt\/pt\/wp-json\/wp\/v2\/product\/8983","targetHints":{"allow":["GET"]}}],"collection":[{"href":"https:\/\/carmogepereira.pt\/pt\/wp-json\/wp\/v2\/product"}],"about":[{"href":"https:\/\/carmogepereira.pt\/pt\/wp-json\/wp\/v2\/types\/product"}],"replies":[{"embeddable":true,"href":"https:\/\/carmogepereira.pt\/pt\/wp-json\/wp\/v2\/comments?post=8983"}],"version-history":[{"count":0,"href":"https:\/\/carmogepereira.pt\/pt\/wp-json\/wp\/v2\/product\/8983\/revisions"}],"wp:featuredmedia":[{"embeddable":true,"href":"https:\/\/carmogepereira.pt\/pt\/wp-json\/wp\/v2\/media\/11363"}],"wp:attachment":[{"href":"https:\/\/carmogepereira.pt\/pt\/wp-json\/wp\/v2\/media?parent=8983"}],"wp:term":[{"taxonomy":"pwb-brand","embeddable":true,"href":"https:\/\/carmogepereira.pt\/pt\/wp-json\/wp\/v2\/pwb-brand?post=8983"},{"taxonomy":"product_brand","embeddable":true,"href":"https:\/\/carmogepereira.pt\/pt\/wp-json\/wp\/v2\/product_brand?post=8983"},{"taxonomy":"product_cat","embeddable":true,"href":"https:\/\/carmogepereira.pt\/pt\/wp-json\/wp\/v2\/product_cat?post=8983"},{"taxonomy":"product_tag","embeddable":true,"href":"https:\/\/carmogepereira.pt\/pt\/wp-json\/wp\/v2\/product_tag?post=8983"}],"curies":[{"name":"wp","href":"https:\/\/api.w.org\/{rel}","templated":true}]}}