{"id":8989,"date":"2022-11-06T18:27:26","date_gmt":"2022-11-06T18:27:26","guid":{"rendered":"http:\/\/carmogepereira.pt\/vaiserperfeito\/?post_type=product&#038;p=8989"},"modified":"2025-12-10T16:23:25","modified_gmt":"2025-12-10T16:23:25","slug":"cogiliaftz","status":"publish","type":"product","link":"https:\/\/carmogepereira.pt\/pt\/shop\/cogiliaftz\/","title":{"rendered":"Cogilia Feelztoys"},"content":{"rendered":"<p><b><span data-contrast=\"auto\">Caracter\u00edsticas:<\/span><\/b><\/p>\n<p><span class=\"\" lang=\"pt\"><span class=\"hps\">Inserir no \u00e2nus durante a masturba\u00e7\u00e3o ou durante o acto sexual.<\/span><\/span><\/p>\n<p><span class=\"\" lang=\"pt\"><span class=\"hps\">No ponto de orgasmo remove para aumentar o cl\u00edmax. <\/span><\/span><\/p>\n<p><span class=\"\" lang=\"pt\"><span class=\"hps\">Contas anais atractivas, modernas e ergonomicamente concebidas. <\/span><\/span><\/p>\n<p><span class=\"\" lang=\"pt\"><span class=\"hps\">Extremamente macias, completamente sem costura.<\/span><\/span><\/p>\n<p><span class=\"\" lang=\"pt\"><span class=\"hps\">Com desenho de nervuras, estimula\u00e7\u00e3o extra.<\/span><\/span><\/p>\n<p>Silicone de alta qualidade.<\/p>\n<p>Material seguro para o corpo.<\/p>\n<p>F\u00e1cil de limpar.<\/p>\n<p>\u00c0 prova de \u00e1gua.<\/p>\n<p><b><span data-contrast=\"auto\">Dimens\u00f5es do Produto:<\/span><\/b><\/p>\n<p>\u00d82cm x 24.5cm.<\/p>\n<p><b><span data-contrast=\"auto\">Conte\u00fado:<\/span><\/b><span data-ccp-props=\"{&quot;201341983&quot;:0,&quot;335559739&quot;:160,&quot;335559740&quot;:259}\">\u00a0<\/span><\/p>\n<p>1x sextoy de contas anais.<\/p>\n<p><b><span data-contrast=\"auto\">Materiais:<\/span><\/b><span data-ccp-props=\"{&quot;201341983&quot;:0,&quot;335559739&quot;:160,&quot;335559740&quot;:259}\">\u00a0<\/span><\/p>\n<p class=\"toolbar toolbar-top\">Silicone.<\/p>","protected":false},"excerpt":{"rendered":"<div dir=\"ltr\">\n<div id=\"gt-src-p\">\n<div id=\"gt-src-wrap\" class=\"\">\n<div id=\"gt-src-tools\">\n<div><span class=\"\" lang=\"pt\"><span class=\"hps\">Contas anais! As contas s\u00e3o inseridas no \u00e2nus durante a masturba\u00e7\u00e3o ou durante o acto sexual. No momento do orgasmo, as contas s\u00e3o removidas para aumentar o cl\u00edmax. Estas contas anais atractivas, modernas e ergonomicamente concebidas s\u00e3o feitas de silicone 100% de qualidade m\u00e9dica. As contas s\u00e3o extremamente macias, completamente sem costura e, com o seu desenho com nervuras, asseguram uma estimula\u00e7\u00e3o extra. <\/span><\/span><\/div>\n<\/div>\n<\/div>\n<\/div>\n<\/div>","protected":false},"featured_media":11369,"comment_status":"open","ping_status":"closed","template":"","meta":{"_acf_changed":false},"pwb-brand":[413],"product_brand":[],"product_cat":[155,311,171,492,555],"product_tag":[477,289,537,329],"class_list":{"0":"post-8989","1":"product","2":"type-product","3":"status-publish","4":"has-post-thumbnail","6":"pwb-brand-feelztoys","7":"product_cat-packs-promos","8":"product_cat-plain-plugs","9":"product_cat-plugs","10":"product_cat-promos","11":"product_cat-readytoship","12":"product_tag-anal-beads","13":"product_tag-internal","14":"product_tag-silicone-sextoy","15":"product_tag-waterproof","16":"pa_color-purple","17":"nt-post-class","18":"","19":"masonry-item","20":"col-lg-6","28":"first","29":"instock","30":"sale","31":"taxable","32":"shipping-taxable","33":"purchasable","34":"product-type-simple","35":"add-to-wishlist-after_add_to_cart"},"acf":[],"brands":[{"id":413,"name":"Feelztoys","slug":"feelztoys"}],"_links":{"self":[{"href":"https:\/\/carmogepereira.pt\/pt\/wp-json\/wp\/v2\/product\/8989","targetHints":{"allow":["GET"]}}],"collection":[{"href":"https:\/\/carmogepereira.pt\/pt\/wp-json\/wp\/v2\/product"}],"about":[{"href":"https:\/\/carmogepereira.pt\/pt\/wp-json\/wp\/v2\/types\/product"}],"replies":[{"embeddable":true,"href":"https:\/\/carmogepereira.pt\/pt\/wp-json\/wp\/v2\/comments?post=8989"}],"version-history":[{"count":0,"href":"https:\/\/carmogepereira.pt\/pt\/wp-json\/wp\/v2\/product\/8989\/revisions"}],"wp:featuredmedia":[{"embeddable":true,"href":"https:\/\/carmogepereira.pt\/pt\/wp-json\/wp\/v2\/media\/11369"}],"wp:attachment":[{"href":"https:\/\/carmogepereira.pt\/pt\/wp-json\/wp\/v2\/media?parent=8989"}],"wp:term":[{"taxonomy":"pwb-brand","embeddable":true,"href":"https:\/\/carmogepereira.pt\/pt\/wp-json\/wp\/v2\/pwb-brand?post=8989"},{"taxonomy":"product_brand","embeddable":true,"href":"https:\/\/carmogepereira.pt\/pt\/wp-json\/wp\/v2\/product_brand?post=8989"},{"taxonomy":"product_cat","embeddable":true,"href":"https:\/\/carmogepereira.pt\/pt\/wp-json\/wp\/v2\/product_cat?post=8989"},{"taxonomy":"product_tag","embeddable":true,"href":"https:\/\/carmogepereira.pt\/pt\/wp-json\/wp\/v2\/product_tag?post=8989"}],"curies":[{"name":"wp","href":"https:\/\/api.w.org\/{rel}","templated":true}]}}