{"id":9238,"date":"2022-11-07T03:30:36","date_gmt":"2022-11-07T03:30:36","guid":{"rendered":"http:\/\/carmogepereira.pt\/vaiserperfeito\/?post_type=product&#038;p=9238"},"modified":"2023-12-13T15:15:19","modified_gmt":"2023-12-13T15:15:19","slug":"foxwolfbutplugvibratingtailtz","status":"publish","type":"product","link":"https:\/\/carmogepereira.pt\/pt\/shop\/foxwolfbutplugvibratingtailtz\/","title":{"rendered":"Fox &#038; Wolf Butt Plug Vibrating Tail Tailz"},"content":{"rendered":"<p><b><span data-contrast=\"auto\">Caracter\u00edsticas:<\/span><\/b><\/p>\n<p>Cauda de Raposa e Lobo.<\/p>\n<p>3 velocidades e 7 fun\u00e7\u00f5es de vibra\u00e7\u00e3o no plug.<\/p>\n<p>Controlo remoto.<\/p>\n<p>Ponta afunilada e material sedoso e suave.<\/p>\n<p>Confort\u00e1vel de inserir.<\/p>\n<p>Silicone Premium n\u00e3o poroso e sem ftalatos.<\/p>\n<p>\u00c0 prova de \u00e1gua.<\/p>\n<p>Usa com lubrificante \u00e0 base de \u00e1gua.<\/p>\n<p>Recarreg\u00e1vel via USB.<\/p>\n<p>O controlo remoto requer 1 pilha CR2032, inclu\u00edda.<\/p>\n<p><b><span data-contrast=\"auto\">Dimens\u00f5es do Produto:<\/span><\/b><\/p>\n<p>12.7cm x 3.3cm.<\/p>\n<p>51cm de comprimento total<\/p>\n<p><b><span data-contrast=\"auto\">Conte\u00fado:<\/span><\/b><span data-ccp-props=\"{&quot;201341983&quot;:0,&quot;335559739&quot;:160,&quot;335559740&quot;:259}\">\u00a0<\/span><\/p>\n<p>1x plug com cauda que vibra<\/p>\n<p>1x cabo de carregamento USB<\/p>\n<p>1x Controlo Remoto.<\/p>\n<p><b><span data-contrast=\"auto\">Materiais:<\/span><\/b><span data-ccp-props=\"{&quot;201341983&quot;:0,&quot;335559739&quot;:160,&quot;335559740&quot;:259}\">\u00a0<\/span><\/p>\n<p class=\"toolbar toolbar-top\">Silicone.<\/p>","protected":false},"excerpt":{"rendered":"<p>Mostra \u00e0 pessoa parceira o quanto est\u00e1s feliz pelo teu rabo lhe pertencer. Este delicioso brinquedo anal \u00e9 feito de silicone de primeira qualidade, n\u00e3o poroso e sem ftalatos. Vibra! Limpar ap\u00f3s utiliza\u00e7\u00e3o com sab\u00e3o suave ou liquido de limpeza de brinquedo.<\/p>","protected":false},"featured_media":11371,"comment_status":"open","ping_status":"closed","template":"","meta":{"_acf_changed":false},"pwb-brand":[344],"product_brand":[],"product_cat":[171,174,173],"product_tag":[289,312,537,502,506,329],"class_list":{"0":"post-9238","1":"product","2":"type-product","3":"status-publish","4":"has-post-thumbnail","6":"pwb-brand-miscellaneous","7":"product_cat-plugs","8":"product_cat-plus-tails","9":"product_cat-vibrating-plugs","10":"product_tag-internal","11":"product_tag-plug","12":"product_tag-silicone-sextoy","13":"product_tag-tail-plug","14":"product_tag-vibrating-plug","15":"product_tag-waterproof","16":"pa_color-grey","17":"pa_color-white","18":"nt-post-class","19":"","20":"masonry-item","21":"col-lg-6","29":"first","30":"outofstock","31":"taxable","32":"shipping-taxable","33":"purchasable","34":"product-type-variable","35":"add-to-wishlist-after_add_to_cart"},"acf":[],"brands":[{"id":344,"name":"Variadas","slug":"miscellaneous"}],"_links":{"self":[{"href":"https:\/\/carmogepereira.pt\/pt\/wp-json\/wp\/v2\/product\/9238","targetHints":{"allow":["GET"]}}],"collection":[{"href":"https:\/\/carmogepereira.pt\/pt\/wp-json\/wp\/v2\/product"}],"about":[{"href":"https:\/\/carmogepereira.pt\/pt\/wp-json\/wp\/v2\/types\/product"}],"replies":[{"embeddable":true,"href":"https:\/\/carmogepereira.pt\/pt\/wp-json\/wp\/v2\/comments?post=9238"}],"version-history":[{"count":0,"href":"https:\/\/carmogepereira.pt\/pt\/wp-json\/wp\/v2\/product\/9238\/revisions"}],"wp:featuredmedia":[{"embeddable":true,"href":"https:\/\/carmogepereira.pt\/pt\/wp-json\/wp\/v2\/media\/11371"}],"wp:attachment":[{"href":"https:\/\/carmogepereira.pt\/pt\/wp-json\/wp\/v2\/media?parent=9238"}],"wp:term":[{"taxonomy":"pwb-brand","embeddable":true,"href":"https:\/\/carmogepereira.pt\/pt\/wp-json\/wp\/v2\/pwb-brand?post=9238"},{"taxonomy":"product_brand","embeddable":true,"href":"https:\/\/carmogepereira.pt\/pt\/wp-json\/wp\/v2\/product_brand?post=9238"},{"taxonomy":"product_cat","embeddable":true,"href":"https:\/\/carmogepereira.pt\/pt\/wp-json\/wp\/v2\/product_cat?post=9238"},{"taxonomy":"product_tag","embeddable":true,"href":"https:\/\/carmogepereira.pt\/pt\/wp-json\/wp\/v2\/product_tag?post=9238"}],"curies":[{"name":"wp","href":"https:\/\/api.w.org\/{rel}","templated":true}]}}