{"id":9255,"date":"2022-11-07T03:55:25","date_gmt":"2022-11-07T03:55:25","guid":{"rendered":"http:\/\/carmogepereira.pt\/vaiserperfeito\/?post_type=product&#038;p=9255"},"modified":"2025-12-13T09:02:24","modified_gmt":"2025-12-13T09:02:24","slug":"rainbowbutplugvibratingtailz","status":"publish","type":"product","link":"https:\/\/carmogepereira.pt\/pt\/shop\/rainbowbutplugvibratingtailz\/","title":{"rendered":"Unicorn Rainbow Butt Plug Vibrating Tail Tailz"},"content":{"rendered":"<p><b><span data-contrast=\"auto\">Caracter\u00edsticas:<\/span><\/b><\/p>\n<p>Converte-te num unic\u00f3rnio e traz um toque colorido ao teu pony play.<\/p>\n<p>Cauda linda: treina-a, escova-a, abana-a, mostra-a!<\/p>\n<p>3 velocidades e 7 fun\u00e7\u00f5es de vibra\u00e7\u00e3o no plug.<\/p>\n<p>Controlo remoto.<\/p>\n<p>Ponta afunilada e material sedoso e suave.<\/p>\n<p>Confort\u00e1vel de inserir.<\/p>\n<p>Silicone Premium n\u00e3o poroso e sem ftalatos.<\/p>\n<p>\u00c0 prova de \u00e1gua.<\/p>\n<p>Usa com lubrificante \u00e0 base de \u00e1gua.<\/p>\n<p>Recarreg\u00e1vel via USB.<\/p>\n<p>O controlo remoto requer 1 pilha CR2032, inclu\u00edda.<\/p>\n<p><b><span data-contrast=\"auto\">Dimens\u00f5es do Produto:<\/span><\/b><\/p>\n<p>12.7cm x 3.3cm.<\/p>\n<p>51cm de comprimento total<\/p>\n<p><b><span data-contrast=\"auto\">Conte\u00fado:<\/span><\/b><span data-ccp-props=\"{&quot;201341983&quot;:0,&quot;335559739&quot;:160,&quot;335559740&quot;:259}\">\u00a0<\/span><\/p>\n<p>1x plug com cauda que vibra<\/p>\n<p>1x cabo de carregamento USB<\/p>\n<p>1x Controlo Remoto.<\/p>\n<p><b><span data-contrast=\"auto\">Materiais:<\/span><\/b><span data-ccp-props=\"{&quot;201341983&quot;:0,&quot;335559739&quot;:160,&quot;335559740&quot;:259}\">\u00a0<\/span><\/p>\n<p class=\"toolbar toolbar-top\">Silicone.<\/p>","protected":false},"excerpt":{"rendered":"<p>Transforma-te num unic\u00f3rnio e d\u00e1 um toque colorido \u00e0 tua brincadeira de p\u00f3nei com este plugue de rabo-de-arco-\u00edris ! Descubra as 3 velocidades e as 7 fun\u00e7\u00f5es de zumbido do rabo-de-arco-\u00edris! O controlo remoto torna este plug muito f\u00e1cil de usar quando estiveres a brincar s\u00f3, mas muito divertido de usar quando entregares o poder a algu\u00e9m!\u00a0Podes tamb\u00e9m ser um p\u00f3nei premiado com esta cauda gira: treina-a, escova-a, abana-a, mostra-a! A ponta e o material sedoso e macio tornam o plug c\u00f3modo de inserir. O silicone premium \u00e9 n\u00e3o poroso e sem ftalatos, mas N\u00c3O \u00e9 compat\u00edvel com lubrificantes de silicone.<\/p>","protected":false},"featured_media":9259,"comment_status":"open","ping_status":"closed","template":"","meta":{"_acf_changed":false},"pwb-brand":[344],"product_brand":[],"product_cat":[171,174,173,555],"product_tag":[289,312,537,502,434,506,329],"class_list":{"0":"post-9255","1":"product","2":"type-product","3":"status-publish","4":"has-post-thumbnail","6":"pwb-brand-miscellaneous","7":"product_cat-plugs","8":"product_cat-plus-tails","9":"product_cat-vibrating-plugs","10":"product_cat-readytoship","11":"product_tag-internal","12":"product_tag-plug","13":"product_tag-silicone-sextoy","14":"product_tag-tail-plug","15":"product_tag-unicorn","16":"product_tag-vibrating-plug","17":"product_tag-waterproof","18":"pa_color-rainbow","19":"nt-post-class","20":"","21":"masonry-item","22":"col-lg-6","30":"first","31":"outofstock","32":"sale","33":"taxable","34":"shipping-taxable","35":"purchasable","36":"product-type-simple","37":"add-to-wishlist-after_add_to_cart"},"acf":[],"brands":[{"id":344,"name":"Variadas","slug":"miscellaneous"}],"_links":{"self":[{"href":"https:\/\/carmogepereira.pt\/pt\/wp-json\/wp\/v2\/product\/9255","targetHints":{"allow":["GET"]}}],"collection":[{"href":"https:\/\/carmogepereira.pt\/pt\/wp-json\/wp\/v2\/product"}],"about":[{"href":"https:\/\/carmogepereira.pt\/pt\/wp-json\/wp\/v2\/types\/product"}],"replies":[{"embeddable":true,"href":"https:\/\/carmogepereira.pt\/pt\/wp-json\/wp\/v2\/comments?post=9255"}],"version-history":[{"count":0,"href":"https:\/\/carmogepereira.pt\/pt\/wp-json\/wp\/v2\/product\/9255\/revisions"}],"wp:featuredmedia":[{"embeddable":true,"href":"https:\/\/carmogepereira.pt\/pt\/wp-json\/wp\/v2\/media\/9259"}],"wp:attachment":[{"href":"https:\/\/carmogepereira.pt\/pt\/wp-json\/wp\/v2\/media?parent=9255"}],"wp:term":[{"taxonomy":"pwb-brand","embeddable":true,"href":"https:\/\/carmogepereira.pt\/pt\/wp-json\/wp\/v2\/pwb-brand?post=9255"},{"taxonomy":"product_brand","embeddable":true,"href":"https:\/\/carmogepereira.pt\/pt\/wp-json\/wp\/v2\/product_brand?post=9255"},{"taxonomy":"product_cat","embeddable":true,"href":"https:\/\/carmogepereira.pt\/pt\/wp-json\/wp\/v2\/product_cat?post=9255"},{"taxonomy":"product_tag","embeddable":true,"href":"https:\/\/carmogepereira.pt\/pt\/wp-json\/wp\/v2\/product_tag?post=9255"}],"curies":[{"name":"wp","href":"https:\/\/api.w.org\/{rel}","templated":true}]}}